{"id":14107,"date":"2022-12-09T15:33:00","date_gmt":"2022-12-09T15:33:00","guid":{"rendered":"https:\/\/www.dibosch.com\/producto\/alquiler-hidrolimpiadora-kranzle-b-270\/"},"modified":"2024-05-03T15:19:15","modified_gmt":"2024-05-03T15:19:15","slug":"alquiler-hidrolimpiadora-kranzle-b-270","status":"publish","type":"product","link":"https:\/\/dibosch.com\/es\/producto\/alquiler-hidrolimpiadora-kranzle-b-270\/","title":{"rendered":"ALQUILER- Hidrolimpiadora KRANZLE B 270"},"content":{"rendered":"<p>&nbsp;<\/p>\n<p>20 metros de manguera a presi\u00f3n<br \/>\nEnrollador de manguera presi\u00f3n incorporado<br \/>\nEmbocadura turbo por eliminaci\u00f3n de suciedad<br \/>\nIncluye kit manguera limpieza tuber\u00edas<\/p>\n<p>&nbsp;<\/p>\n<p>&nbsp;<\/p>\n","protected":false},"excerpt":{"rendered":"<p>&nbsp; 20 metros de manguera a presi\u00f3n Enrollador de manguera presi\u00f3n incorporado Embocadura turbo por eliminaci\u00f3n de suciedad Incluye kit manguera limpieza tuber\u00edas &nbsp; &nbsp;<\/p>\n","protected":false},"featured_media":11332,"comment_status":"closed","ping_status":"closed","template":"","meta":[],"product_brand":[],"product_cat":[1262,1264,1254,739],"product_tag":[],"marcas":[],"certificats":[],"caracteristiques":[],"tipus-productes":[],"zona-aplicacio":[951,950,949],"tipus-maquinaria":[1217,1219,1054,958],"class_list":{"0":"post-14107","1":"product","2":"type-product","3":"status-publish","4":"has-post-thumbnail","6":"product_cat-alquiler-maquinaria-limpieza-barcelona","7":"product_cat-alquiler-maquinaria-limpieza-girona","8":"product_cat-hidrolimpiadoras-de-alquiler","9":"product_cat-hidrolimpiadoras","10":"zona-aplicacio-exteriores-y-fachadas","11":"zona-aplicacio-zona-manipulacion-de-alimentos-industria","12":"zona-aplicacio-zona-produccion-y-talleres","13":"tipus-maquinaria-alquiler-maquinaria-limpieza-barcelona","14":"tipus-maquinaria-alquiler-maquinaria-limpieza-girona","15":"tipus-maquinaria-hidrolimpiadoras-de-alquiler","16":"tipus-maquinaria-maquina-alquiler","18":"first","19":"instock","20":"shipping-taxable","21":"product-type-simple"},"_links":{"self":[{"href":"https:\/\/dibosch.com\/es\/wp-json\/wp\/v2\/product\/14107","targetHints":{"allow":["GET"]}}],"collection":[{"href":"https:\/\/dibosch.com\/es\/wp-json\/wp\/v2\/product"}],"about":[{"href":"https:\/\/dibosch.com\/es\/wp-json\/wp\/v2\/types\/product"}],"replies":[{"embeddable":true,"href":"https:\/\/dibosch.com\/es\/wp-json\/wp\/v2\/comments?post=14107"}],"wp:featuredmedia":[{"embeddable":true,"href":"https:\/\/dibosch.com\/es\/wp-json\/wp\/v2\/media\/11332"}],"wp:attachment":[{"href":"https:\/\/dibosch.com\/es\/wp-json\/wp\/v2\/media?parent=14107"}],"wp:term":[{"taxonomy":"product_brand","embeddable":true,"href":"https:\/\/dibosch.com\/es\/wp-json\/wp\/v2\/product_brand?post=14107"},{"taxonomy":"product_cat","embeddable":true,"href":"https:\/\/dibosch.com\/es\/wp-json\/wp\/v2\/product_cat?post=14107"},{"taxonomy":"product_tag","embeddable":true,"href":"https:\/\/dibosch.com\/es\/wp-json\/wp\/v2\/product_tag?post=14107"},{"taxonomy":"marcas","embeddable":true,"href":"https:\/\/dibosch.com\/es\/wp-json\/wp\/v2\/marcas?post=14107"},{"taxonomy":"certificats","embeddable":true,"href":"https:\/\/dibosch.com\/es\/wp-json\/wp\/v2\/certificats?post=14107"},{"taxonomy":"caracteristiques","embeddable":true,"href":"https:\/\/dibosch.com\/es\/wp-json\/wp\/v2\/caracteristiques?post=14107"},{"taxonomy":"tipus-productes","embeddable":true,"href":"https:\/\/dibosch.com\/es\/wp-json\/wp\/v2\/tipus-productes?post=14107"},{"taxonomy":"zona-aplicacio","embeddable":true,"href":"https:\/\/dibosch.com\/es\/wp-json\/wp\/v2\/zona-aplicacio?post=14107"},{"taxonomy":"tipus-maquinaria","embeddable":true,"href":"https:\/\/dibosch.com\/es\/wp-json\/wp\/v2\/tipus-maquinaria?post=14107"}],"curies":[{"name":"wp","href":"https:\/\/api.w.org\/{rel}","templated":true}]}}