{"id":14113,"date":"2022-12-09T15:25:16","date_gmt":"2022-12-09T15:25:16","guid":{"rendered":"https:\/\/www.dibosch.com\/producto\/alquiler-duplex-escalator-base-350\/"},"modified":"2024-09-25T12:28:45","modified_gmt":"2024-09-25T12:28:45","slug":"alquiler-duplex-escalator-base-350","status":"publish","type":"product","link":"https:\/\/dibosch.com\/es\/producto\/alquiler-duplex-escalator-base-350\/","title":{"rendered":"ALQUILER- Duplex Escalator Base 350"},"content":{"rendered":"<p>&nbsp;<\/p>\n<p>Destinada a la limpieza de escaleras y rampas mec\u00e1nicas<br \/>\nLimpieza de forma r\u00e1pida, f\u00e1cil y econ\u00f3mica<br \/>\nM\u00e1quina ligera y de funcionamiento muy sencillo<br \/>\nCon un carro con ruedas para trasladarla c\u00f3modamente<br \/>\nM\u00e1xima higiene: de f\u00e1cil limpieza y vaciado aguas sucias<\/p>\n<p>&nbsp;<\/p>\n<p>&nbsp;<\/p>\n","protected":false},"excerpt":{"rendered":"<p>&nbsp; Destinada a la limpieza de escaleras y rampas mec\u00e1nicas Limpieza de forma r\u00e1pida, f\u00e1cil y econ\u00f3mica M\u00e1quina ligera y de funcionamiento muy sencillo Con un carro con ruedas para trasladarla c\u00f3modamente M\u00e1xima higiene: de f\u00e1cil limpieza y vaciado aguas sucias &nbsp; &nbsp;<\/p>\n","protected":false},"featured_media":11329,"comment_status":"closed","ping_status":"closed","template":"","meta":[],"product_brand":[],"product_cat":[663,1262,1264],"product_tag":[],"marcas":[],"certificats":[],"caracteristiques":[],"tipus-productes":[],"zona-aplicacio":[946],"tipus-maquinaria":[1217,1219,958],"class_list":{"0":"post-14113","1":"product","2":"type-product","3":"status-publish","4":"has-post-thumbnail","6":"product_cat-accesorios-aspirador-profesional","7":"product_cat-alquiler-maquinaria-limpieza-barcelona","8":"product_cat-alquiler-maquinaria-limpieza-girona","9":"zona-aplicacio-zonas-comunes","10":"tipus-maquinaria-alquiler-maquinaria-limpieza-barcelona","11":"tipus-maquinaria-alquiler-maquinaria-limpieza-girona","12":"tipus-maquinaria-maquina-alquiler","14":"first","15":"instock","16":"shipping-taxable","17":"product-type-simple"},"_links":{"self":[{"href":"https:\/\/dibosch.com\/es\/wp-json\/wp\/v2\/product\/14113","targetHints":{"allow":["GET"]}}],"collection":[{"href":"https:\/\/dibosch.com\/es\/wp-json\/wp\/v2\/product"}],"about":[{"href":"https:\/\/dibosch.com\/es\/wp-json\/wp\/v2\/types\/product"}],"replies":[{"embeddable":true,"href":"https:\/\/dibosch.com\/es\/wp-json\/wp\/v2\/comments?post=14113"}],"wp:featuredmedia":[{"embeddable":true,"href":"https:\/\/dibosch.com\/es\/wp-json\/wp\/v2\/media\/11329"}],"wp:attachment":[{"href":"https:\/\/dibosch.com\/es\/wp-json\/wp\/v2\/media?parent=14113"}],"wp:term":[{"taxonomy":"product_brand","embeddable":true,"href":"https:\/\/dibosch.com\/es\/wp-json\/wp\/v2\/product_brand?post=14113"},{"taxonomy":"product_cat","embeddable":true,"href":"https:\/\/dibosch.com\/es\/wp-json\/wp\/v2\/product_cat?post=14113"},{"taxonomy":"product_tag","embeddable":true,"href":"https:\/\/dibosch.com\/es\/wp-json\/wp\/v2\/product_tag?post=14113"},{"taxonomy":"marcas","embeddable":true,"href":"https:\/\/dibosch.com\/es\/wp-json\/wp\/v2\/marcas?post=14113"},{"taxonomy":"certificats","embeddable":true,"href":"https:\/\/dibosch.com\/es\/wp-json\/wp\/v2\/certificats?post=14113"},{"taxonomy":"caracteristiques","embeddable":true,"href":"https:\/\/dibosch.com\/es\/wp-json\/wp\/v2\/caracteristiques?post=14113"},{"taxonomy":"tipus-productes","embeddable":true,"href":"https:\/\/dibosch.com\/es\/wp-json\/wp\/v2\/tipus-productes?post=14113"},{"taxonomy":"zona-aplicacio","embeddable":true,"href":"https:\/\/dibosch.com\/es\/wp-json\/wp\/v2\/zona-aplicacio?post=14113"},{"taxonomy":"tipus-maquinaria","embeddable":true,"href":"https:\/\/dibosch.com\/es\/wp-json\/wp\/v2\/tipus-maquinaria?post=14113"}],"curies":[{"name":"wp","href":"https:\/\/api.w.org\/{rel}","templated":true}]}}