{"id":14118,"date":"2022-12-07T10:39:30","date_gmt":"2022-12-07T10:39:30","guid":{"rendered":"https:\/\/www.dibosch.com\/producto\/m-aspirador-mtl-452-ds-kit50\/"},"modified":"2024-02-08T14:21:22","modified_gmt":"2024-02-08T14:21:22","slug":"m-aspirador-mtl-452-ds-kit50","status":"publish","type":"product","link":"https:\/\/dibosch.com\/es\/producto\/m-aspirador-mtl-452-ds-kit50\/","title":{"rendered":"ASPIRADOR MTL 452 DS KIT50 &#8211; DELFIN"},"content":{"rendered":"<p>El 452 DS es un aspirador industrial comp\u00e1cto y potente, ideal para la limpieza general o para extraer polvo de herramientas el\u00e9ctricas manuales. 2 motores monof\u00e1sicos, filtro con grandes bolsas, posibilidades mixtas de aspiraci\u00f3n s\u00f3lido\/l\u00edquido con el uso de bolsas, para una flexibilidad de uso incomparable.<br \/>\nEl pr\u00e1ctico sacudidor manual permite mantener siempre el m\u00e1ximo rendimiento de aspiraci\u00f3n con unos movimientos simples.<\/p>\n<p>&nbsp;<\/p>\n<p>&nbsp;<\/p>\n<p>&nbsp;<\/p>\n<p>&nbsp;<\/p>\n<p><strong>* Precio base sujeto a disponibilidad (Sin IVA) Consultar complementos incluidos.<\/strong><\/p>\n","protected":false},"excerpt":{"rendered":"<p>El 452 DS es un aspirador industrial comp\u00e1cto y potente, ideal para la limpieza general o para extraer polvo de herramientas el\u00e9ctricas manuales. 2 motores monof\u00e1sicos, filtro con grandes bolsas, posibilidades mixtas de aspiraci\u00f3n s\u00f3lido\/l\u00edquido con el uso de bolsas, para una flexibilidad de uso incomparable. El pr\u00e1ctico sacudidor manual permite mantener siempre el m\u00e1ximo [&hellip;]<\/p>\n","protected":false},"featured_media":16844,"comment_status":"closed","ping_status":"closed","template":"","meta":[],"product_brand":[],"product_cat":[1192,1165,1333,578,577],"product_tag":[],"marcas":[915],"certificats":[],"caracteristiques":[],"tipus-productes":[],"zona-aplicacio":[],"tipus-maquinaria":[],"class_list":{"0":"post-14118","1":"product","2":"type-product","3":"status-publish","4":"has-post-thumbnail","6":"product_cat-aspirador-industrial-obras","7":"product_cat-aspirador-de-polvo-liquido-industrial","8":"product_cat-aspiradoras-semi-industriales","9":"product_cat-aspiradores-industriales","10":"product_cat-maquinas","11":"marcas-delfin-es","13":"first","14":"instock","15":"purchasable","16":"product-type-simple"},"_links":{"self":[{"href":"https:\/\/dibosch.com\/es\/wp-json\/wp\/v2\/product\/14118","targetHints":{"allow":["GET"]}}],"collection":[{"href":"https:\/\/dibosch.com\/es\/wp-json\/wp\/v2\/product"}],"about":[{"href":"https:\/\/dibosch.com\/es\/wp-json\/wp\/v2\/types\/product"}],"replies":[{"embeddable":true,"href":"https:\/\/dibosch.com\/es\/wp-json\/wp\/v2\/comments?post=14118"}],"wp:featuredmedia":[{"embeddable":true,"href":"https:\/\/dibosch.com\/es\/wp-json\/wp\/v2\/media\/16844"}],"wp:attachment":[{"href":"https:\/\/dibosch.com\/es\/wp-json\/wp\/v2\/media?parent=14118"}],"wp:term":[{"taxonomy":"product_brand","embeddable":true,"href":"https:\/\/dibosch.com\/es\/wp-json\/wp\/v2\/product_brand?post=14118"},{"taxonomy":"product_cat","embeddable":true,"href":"https:\/\/dibosch.com\/es\/wp-json\/wp\/v2\/product_cat?post=14118"},{"taxonomy":"product_tag","embeddable":true,"href":"https:\/\/dibosch.com\/es\/wp-json\/wp\/v2\/product_tag?post=14118"},{"taxonomy":"marcas","embeddable":true,"href":"https:\/\/dibosch.com\/es\/wp-json\/wp\/v2\/marcas?post=14118"},{"taxonomy":"certificats","embeddable":true,"href":"https:\/\/dibosch.com\/es\/wp-json\/wp\/v2\/certificats?post=14118"},{"taxonomy":"caracteristiques","embeddable":true,"href":"https:\/\/dibosch.com\/es\/wp-json\/wp\/v2\/caracteristiques?post=14118"},{"taxonomy":"tipus-productes","embeddable":true,"href":"https:\/\/dibosch.com\/es\/wp-json\/wp\/v2\/tipus-productes?post=14118"},{"taxonomy":"zona-aplicacio","embeddable":true,"href":"https:\/\/dibosch.com\/es\/wp-json\/wp\/v2\/zona-aplicacio?post=14118"},{"taxonomy":"tipus-maquinaria","embeddable":true,"href":"https:\/\/dibosch.com\/es\/wp-json\/wp\/v2\/tipus-maquinaria?post=14118"}],"curies":[{"name":"wp","href":"https:\/\/api.w.org\/{rel}","templated":true}]}}