{"id":14141,"date":"2022-12-07T10:56:52","date_gmt":"2022-12-07T10:56:52","guid":{"rendered":"https:\/\/www.dibosch.com\/producto\/m-aspirador-mtl802wxp-001\/"},"modified":"2023-12-02T11:48:53","modified_gmt":"2023-12-02T11:48:53","slug":"m-aspirador-mtl802wxp-001","status":"publish","type":"product","link":"https:\/\/dibosch.com\/es\/producto\/m-aspirador-mtl802wxp-001\/","title":{"rendered":"ASPIRADOR MTL802WXP- DELFIN"},"content":{"rendered":"<p>El aspirador 802 WXP es caracteriza por un recipiente de l\u00edquido en acero inoxidable AISI304 con bomba sumergida que permite que el l\u00edquido es drene durante la aspiraci\u00f3n.<\/p>\n<p><strong>VENTAJAS<\/strong><\/p>\n<p>Dos motores potentes bypass con enfriamiento independiente<br \/>\nCompacte y m\u00f3vil<br \/>\nFiltre PPL para separaci\u00f3n de virutas<br \/>\nManga de descarga para l\u00edquidos<br \/>\nContenedor de acero inoxidable AISI304Kit accesorios est\u00e1ndares<br \/>\nBomba sumergible para descarga del fluido aspirado<br \/>\nAspiraci\u00f3n y descarga simult\u00e1neas de l\u00edquidos.<\/p>\n<p><strong>CARACTER\u00cdSTICAS T\u00c9CNICAS MTL802WXP<\/strong><\/p>\n<p><strong>Alimentaci\u00f3n<\/strong> 230 &#8211; 50 V-Hz<br \/>\n<strong>Potencia<\/strong> 2,3 kW<br \/>\n<strong>Depresi\u00f3n m\u00e1xima<\/strong> 2.500 mm H\u2082O<br \/>\n<strong>Caudal de aire m\u00e1ximo<\/strong> 360 m\u00b3\/h<br \/>\n<strong>Nivel de ruido<\/strong> 76 dB(A)<br \/>\n<strong>Medio de filtro- Filtraci\u00f3n<\/strong> Polipropileno &#8211; 300\u03bcm<br \/>\n<strong>Sistema de descarga<\/strong><br \/>\n<strong>Capacitad<\/strong> 80 l<br \/>\n<strong>Velocidad de descarga<\/strong> 100 l\/min<br \/>\n<strong>Dimensiones<\/strong> 53x59x105h<br \/>\n<strong>Peso<\/strong> 50 kg<\/p>\n","protected":false},"excerpt":{"rendered":"<p>Tensi\u00f3n: 220V | Puede: 2,3 kW|Superficie filtrante 8.000 cm\u00b2 | Depresi\u00f3n 2500 mmH?O | Caudal: 360 m?\/h | Capacidad 80 l | inoxidable 304 | l\u00edquidos |bomba por descarga en continuo | incluye accesorios<\/p>\n","protected":false},"featured_media":24698,"comment_status":"closed","ping_status":"closed","template":"","meta":[],"product_brand":[],"product_cat":[819,1188,578,577],"product_tag":[],"marcas":[915],"certificats":[],"caracteristiques":[],"tipus-productes":[],"zona-aplicacio":[949],"tipus-maquinaria":[],"class_list":{"0":"post-14141","1":"product","2":"type-product","3":"status-publish","4":"has-post-thumbnail","6":"product_cat-acero-inoxidable","7":"product_cat-aspiradores-delfin","8":"product_cat-aspiradores-industriales","9":"product_cat-maquinas","10":"marcas-delfin-es","11":"zona-aplicacio-zona-produccion-y-talleres","13":"first","14":"instock","15":"product-type-simple"},"_links":{"self":[{"href":"https:\/\/dibosch.com\/es\/wp-json\/wp\/v2\/product\/14141","targetHints":{"allow":["GET"]}}],"collection":[{"href":"https:\/\/dibosch.com\/es\/wp-json\/wp\/v2\/product"}],"about":[{"href":"https:\/\/dibosch.com\/es\/wp-json\/wp\/v2\/types\/product"}],"replies":[{"embeddable":true,"href":"https:\/\/dibosch.com\/es\/wp-json\/wp\/v2\/comments?post=14141"}],"wp:featuredmedia":[{"embeddable":true,"href":"https:\/\/dibosch.com\/es\/wp-json\/wp\/v2\/media\/24698"}],"wp:attachment":[{"href":"https:\/\/dibosch.com\/es\/wp-json\/wp\/v2\/media?parent=14141"}],"wp:term":[{"taxonomy":"product_brand","embeddable":true,"href":"https:\/\/dibosch.com\/es\/wp-json\/wp\/v2\/product_brand?post=14141"},{"taxonomy":"product_cat","embeddable":true,"href":"https:\/\/dibosch.com\/es\/wp-json\/wp\/v2\/product_cat?post=14141"},{"taxonomy":"product_tag","embeddable":true,"href":"https:\/\/dibosch.com\/es\/wp-json\/wp\/v2\/product_tag?post=14141"},{"taxonomy":"marcas","embeddable":true,"href":"https:\/\/dibosch.com\/es\/wp-json\/wp\/v2\/marcas?post=14141"},{"taxonomy":"certificats","embeddable":true,"href":"https:\/\/dibosch.com\/es\/wp-json\/wp\/v2\/certificats?post=14141"},{"taxonomy":"caracteristiques","embeddable":true,"href":"https:\/\/dibosch.com\/es\/wp-json\/wp\/v2\/caracteristiques?post=14141"},{"taxonomy":"tipus-productes","embeddable":true,"href":"https:\/\/dibosch.com\/es\/wp-json\/wp\/v2\/tipus-productes?post=14141"},{"taxonomy":"zona-aplicacio","embeddable":true,"href":"https:\/\/dibosch.com\/es\/wp-json\/wp\/v2\/zona-aplicacio?post=14141"},{"taxonomy":"tipus-maquinaria","embeddable":true,"href":"https:\/\/dibosch.com\/es\/wp-json\/wp\/v2\/tipus-maquinaria?post=14141"}],"curies":[{"name":"wp","href":"https:\/\/api.w.org\/{rel}","templated":true}]}}