{"id":14143,"date":"2022-12-07T10:56:39","date_gmt":"2022-12-07T10:56:39","guid":{"rendered":"https:\/\/www.dibosch.com\/producto\/m-fregadora-vispa-evo-completa\/"},"modified":"2025-02-04T12:43:33","modified_gmt":"2025-02-04T12:43:33","slug":"m-fregadora-vispa-evo-completa","status":"publish","type":"product","link":"https:\/\/dibosch.com\/es\/producto\/m-fregadora-vispa-evo-completa\/","title":{"rendered":"FREGADORA VISPA EVO &#8211; COMAC"},"content":{"rendered":"<p>Vispa EVO es la fregadora de pavimentos profesional compacta y potente, que no le teme a la suciedad m\u00e1s dif\u00edcil. Es adecuada para la limpieza de mantenimiento de peque\u00f1as y medianas superficies, incluso con obst\u00e1culos.<\/p>\n<p>Es la evoluci\u00f3n de las <a href=\"https:\/\/dibosch.com\/es\/maquinas\/fregadora-es\/fregadora-industrial-pequena\/\">fregadoras industriales peque\u00f1as<\/a> de pavimentos compactas de <a href=\"https:\/\/dibosch.com\/es\/marcas\/comac-es\/\">Comac<\/a> porque fusiona las numerosas y c\u00e9lebres caracter\u00edsticas de las fregadoras hombre a pie, combinando agilidad, potencia, fiabilidad e innovaci\u00f3n tecnol\u00f3gica en una expresi\u00f3n \u00fanica de aut\u00e9ntico placer de uso.<\/p>\n<p>Vispa EVO es la fregadora de pavimentos profesional ideal para las operaciones de limpieza de mantenimiento de superficies de hasta 1300 m\u00b2 y est\u00e1 disponible en la versi\u00f3n fregadora alimentada con bater\u00eda.<\/p>\n<p>&nbsp;<\/p>\n<p><strong>Caracter\u00edsticas Fregadora VISPA EVO:<\/strong><\/p>\n<ul>\n<li>El manillar se baja por completo pleg\u00e1ndolo hacia el cuerpo de la m\u00e1quina para poder guardar la fregadora de pavimentos en poco espacio.<\/li>\n<li>La altura y la inclinaci\u00f3n del manillar se regulan para garantizar el m\u00e1ximo confort del operador, incluso durante un uso prolongado.<\/li>\n<li>La sencillez de uso y el mantenimiento simplificado de esta fregadora profesional la convierten en la soluci\u00f3n ideal, incluso para los operadores con menos experiencia.<\/li>\n<\/ul>\n<p>&nbsp;<\/p>\n<p><em><strong>Datos t\u00e9cnicos VISPA EVO:<\/strong><\/em><\/p>\n<ul>\n<li>Productividad te\u00f3rica (hasta m2\/h) \u2013 1000<\/li>\n<li>Pista de fregado (mm) \u2013 355<\/li>\n<li>Cepillos cantidad y tipo \u2013 1 Disco<\/li>\n<li>Cepillos (mm) \u2013 355<\/li>\n<li>Presi\u00f3n en el cepillo (kg) \u2013 30<\/li>\n<li>Tanque de soluci\u00f3n (l) \u2013 15<\/li>\n<li>Tanque de recuperaci\u00f3n (l) \u2013 17<\/li>\n<li>Alimentaci\u00f3n\/tracci\u00f3n (V) \u2013 24\/semi aut<\/li>\n<li>Autonom\u00eda de hasta (h) \u2013 2 (Eco Mode)<\/li>\n<li>Dimensiones de la m\u00e1quina (l x h x a) (mm) \u2013 765x1110x490<\/li>\n<li>Anchura boquilla de aspiraci\u00f3n (mm) \u2013 440<\/li>\n<li>Peso m\u00e1quina en trabajo (kg) \u2013 84<\/li>\n<li>Nivel de presi\u00f3n sonora (A) \u2013 &lt;70<\/li>\n<li>Nivel de presi\u00f3n sonora (Eco Mode) &#8211; 61.4<\/li>\n<\/ul>\n<p>&nbsp;<\/p>\n<div data-olk-copy-source=\"MailCompose\">PRECIO VISPA EVO<\/div>\n<div>Consultar accesorios incluidos en el precio.<\/div>\n","protected":false},"excerpt":{"rendered":"<p>Fregadora de superficies de hasta 1300 m\u00b2<\/p>\n","protected":false},"featured_media":30145,"comment_status":"closed","ping_status":"closed","template":"","meta":[],"product_brand":[],"product_cat":[731,729,1076,727,988,810,1074,577],"product_tag":[],"marcas":[916],"certificats":[938],"caracteristiques":[],"tipus-productes":[],"zona-aplicacio":[944,948,947,955,946],"tipus-maquinaria":[],"class_list":{"0":"post-14143","1":"product","2":"type-product","3":"status-publish","4":"has-post-thumbnail","6":"product_cat-baterias","7":"product_cat-circular","8":"product_cat-fregadora-industrial-pequena","9":"product_cat-fregadoras-a-pie","10":"product_cat-fregadoras-comac","11":"product_cat-fregadora-es","12":"product_cat-maquina-limpia-suelos","13":"product_cat-maquinas","14":"marcas-comac-es","15":"certificats-atex-zona-g-es","16":"zona-aplicacio-zona-cocina","17":"zona-aplicacio-zona-habitaciones","18":"zona-aplicacio-zona-lavanderia","19":"zona-aplicacio-zona-sanitaria","20":"zona-aplicacio-zonas-comunes","22":"first","23":"instock","24":"purchasable","25":"product-type-simple"},"_links":{"self":[{"href":"https:\/\/dibosch.com\/es\/wp-json\/wp\/v2\/product\/14143","targetHints":{"allow":["GET"]}}],"collection":[{"href":"https:\/\/dibosch.com\/es\/wp-json\/wp\/v2\/product"}],"about":[{"href":"https:\/\/dibosch.com\/es\/wp-json\/wp\/v2\/types\/product"}],"replies":[{"embeddable":true,"href":"https:\/\/dibosch.com\/es\/wp-json\/wp\/v2\/comments?post=14143"}],"wp:featuredmedia":[{"embeddable":true,"href":"https:\/\/dibosch.com\/es\/wp-json\/wp\/v2\/media\/30145"}],"wp:attachment":[{"href":"https:\/\/dibosch.com\/es\/wp-json\/wp\/v2\/media?parent=14143"}],"wp:term":[{"taxonomy":"product_brand","embeddable":true,"href":"https:\/\/dibosch.com\/es\/wp-json\/wp\/v2\/product_brand?post=14143"},{"taxonomy":"product_cat","embeddable":true,"href":"https:\/\/dibosch.com\/es\/wp-json\/wp\/v2\/product_cat?post=14143"},{"taxonomy":"product_tag","embeddable":true,"href":"https:\/\/dibosch.com\/es\/wp-json\/wp\/v2\/product_tag?post=14143"},{"taxonomy":"marcas","embeddable":true,"href":"https:\/\/dibosch.com\/es\/wp-json\/wp\/v2\/marcas?post=14143"},{"taxonomy":"certificats","embeddable":true,"href":"https:\/\/dibosch.com\/es\/wp-json\/wp\/v2\/certificats?post=14143"},{"taxonomy":"caracteristiques","embeddable":true,"href":"https:\/\/dibosch.com\/es\/wp-json\/wp\/v2\/caracteristiques?post=14143"},{"taxonomy":"tipus-productes","embeddable":true,"href":"https:\/\/dibosch.com\/es\/wp-json\/wp\/v2\/tipus-productes?post=14143"},{"taxonomy":"zona-aplicacio","embeddable":true,"href":"https:\/\/dibosch.com\/es\/wp-json\/wp\/v2\/zona-aplicacio?post=14143"},{"taxonomy":"tipus-maquinaria","embeddable":true,"href":"https:\/\/dibosch.com\/es\/wp-json\/wp\/v2\/tipus-maquinaria?post=14143"}],"curies":[{"name":"wp","href":"https:\/\/api.w.org\/{rel}","templated":true}]}}