{"id":14153,"date":"2022-12-07T10:58:12","date_gmt":"2022-12-07T10:58:12","guid":{"rendered":"https:\/\/www.dibosch.com\/producto\/m-rotativa-cm50-hs\/"},"modified":"2023-03-10T12:51:18","modified_gmt":"2023-03-10T12:51:18","slug":"m-rotativa-cm50-hs","status":"publish","type":"product","link":"https:\/\/dibosch.com\/es\/producto\/m-rotativa-cm50-hs\/","title":{"rendered":"M- ROTATIVA CM50 HS &#8211; COMAC"},"content":{"rendered":"<p>La CM50 HS es una pulidora hombre a pie de alta velocidad con bater\u00eda con transmisi\u00f3n directa.<br \/>\nMuy pr\u00e1ctica y manejable pule en seco cualquier tipo de superficie. Es una m\u00e1quina monocepillo dotada de una instalaci\u00f3n de 24 V, por lo que es extremadamente productiva y adecuada para pulir superficies de aproximadamente hasta 1.200 m2.<\/p>\n<p>La CM50 HS es la soluci\u00f3n ideal para restablecer y mantener el brillo de pavimentos de medianas y grandes dimensiones. Adem\u00e1s, es una pulidora muy f\u00e1cil de usar, concebida para ser utilizada incluso por el personal menos experto.<\/p>\n<p>Est\u00e1 dotada de un sistema que recoge el polvo para garantizar un resultado profesional y aumentar la productividad, convirti\u00e9ndola en una m\u00e1quina monocepillo adecuada para trabajar en el sector HORECA., sanitario y p\u00fablico<\/p>\n","protected":false},"excerpt":{"rendered":"<p>Ancho: 510 mm |Tracci\u00f3n autom\u00e1tica |autonom\u00eda bater\u00edas 5 horas<\/p>\n","protected":false},"featured_media":24808,"comment_status":"closed","ping_status":"closed","template":"","meta":[],"product_brand":[],"product_cat":[577,778],"product_tag":[],"marcas":[],"certificats":[],"caracteristiques":[],"tipus-productes":[],"zona-aplicacio":[],"tipus-maquinaria":[],"class_list":{"0":"post-14153","1":"product","2":"type-product","3":"status-publish","4":"has-post-thumbnail","6":"product_cat-maquinas","7":"product_cat-rotativas","9":"first","10":"instock","11":"product-type-simple"},"_links":{"self":[{"href":"https:\/\/dibosch.com\/es\/wp-json\/wp\/v2\/product\/14153","targetHints":{"allow":["GET"]}}],"collection":[{"href":"https:\/\/dibosch.com\/es\/wp-json\/wp\/v2\/product"}],"about":[{"href":"https:\/\/dibosch.com\/es\/wp-json\/wp\/v2\/types\/product"}],"replies":[{"embeddable":true,"href":"https:\/\/dibosch.com\/es\/wp-json\/wp\/v2\/comments?post=14153"}],"wp:featuredmedia":[{"embeddable":true,"href":"https:\/\/dibosch.com\/es\/wp-json\/wp\/v2\/media\/24808"}],"wp:attachment":[{"href":"https:\/\/dibosch.com\/es\/wp-json\/wp\/v2\/media?parent=14153"}],"wp:term":[{"taxonomy":"product_brand","embeddable":true,"href":"https:\/\/dibosch.com\/es\/wp-json\/wp\/v2\/product_brand?post=14153"},{"taxonomy":"product_cat","embeddable":true,"href":"https:\/\/dibosch.com\/es\/wp-json\/wp\/v2\/product_cat?post=14153"},{"taxonomy":"product_tag","embeddable":true,"href":"https:\/\/dibosch.com\/es\/wp-json\/wp\/v2\/product_tag?post=14153"},{"taxonomy":"marcas","embeddable":true,"href":"https:\/\/dibosch.com\/es\/wp-json\/wp\/v2\/marcas?post=14153"},{"taxonomy":"certificats","embeddable":true,"href":"https:\/\/dibosch.com\/es\/wp-json\/wp\/v2\/certificats?post=14153"},{"taxonomy":"caracteristiques","embeddable":true,"href":"https:\/\/dibosch.com\/es\/wp-json\/wp\/v2\/caracteristiques?post=14153"},{"taxonomy":"tipus-productes","embeddable":true,"href":"https:\/\/dibosch.com\/es\/wp-json\/wp\/v2\/tipus-productes?post=14153"},{"taxonomy":"zona-aplicacio","embeddable":true,"href":"https:\/\/dibosch.com\/es\/wp-json\/wp\/v2\/zona-aplicacio?post=14153"},{"taxonomy":"tipus-maquinaria","embeddable":true,"href":"https:\/\/dibosch.com\/es\/wp-json\/wp\/v2\/tipus-maquinaria?post=14153"}],"curies":[{"name":"wp","href":"https:\/\/api.w.org\/{rel}","templated":true}]}}