{"id":14164,"date":"2022-12-07T11:01:17","date_gmt":"2022-12-07T11:01:17","guid":{"rendered":"https:\/\/www.dibosch.com\/producto\/papelera-derby-30lt-marron-00005710j\/"},"modified":"2023-08-18T10:21:04","modified_gmt":"2023-08-18T10:21:04","slug":"papelera-derby-30lt-marro-00005710j","status":"publish","type":"product","link":"https:\/\/dibosch.com\/es\/producto\/papelera-derby-30lt-marro-00005710j\/","title":{"rendered":"PAPELERA DERBY 30lt MARR\u00d3N &#8211; 00005710J &#8211; TTS"},"content":{"rendered":"<p><strong>Caracter\u00edsticas del producto:<\/strong><\/p>\n<p>Contenedor con pedal y tapa, con porta-desodorante y tensores para la bolsa<\/p>\n<p>Contenedor para la recogida de los residuos<\/p>\n<p>Ideal para cualquier entorno<\/p>\n<p>Higi\u00e9nico: el pedal permite su uso sin contacto con las manos<\/p>\n<p>Robusto: asta para abrir la tapa est\u00e1 completamente de pl\u00e1stico<\/p>\n<p>Anti-olores: tapa equipada con bandeja porta-desodorante<\/p>\n<p>Eficiente: versi\u00f3n con adaptador 2&#215;15 L para la creaci\u00f3n de departamentos pr\u00e1cticos para la entrega de diferentes tipos de residuos, facilitando su reciclaje<\/p>\n<p>Cumple con la normativa H.A.C.C.P. que prescribe recipientes que evitan el contacto con las manos y que son f\u00e1ciles de limpiar y desinfectar<\/p>\n<p>Ideal para configurar islas de clasificaci\u00f3n de los residuos gracias a las tapas con c\u00f3digo de colores<\/p>\n","protected":false},"excerpt":{"rendered":"<p>Contenedor de polipropileno con pedal y tensores.<\/p>\n","protected":false},"featured_media":22967,"comment_status":"closed","ping_status":"closed","template":"","meta":[],"product_brand":[],"product_cat":[723,724,684],"product_tag":[],"marcas":[917],"certificats":[],"caracteristiques":[],"tipus-productes":[],"zona-aplicacio":[],"tipus-maquinaria":[],"class_list":{"0":"post-14164","1":"product","2":"type-product","3":"status-publish","4":"has-post-thumbnail","6":"product_cat-gestion-de-residuos","7":"product_cat-papeleras-50","8":"product_cat-utiles-de-limpieza","9":"marcas-tts-es","11":"first","12":"instock","13":"product-type-simple"},"_links":{"self":[{"href":"https:\/\/dibosch.com\/es\/wp-json\/wp\/v2\/product\/14164","targetHints":{"allow":["GET"]}}],"collection":[{"href":"https:\/\/dibosch.com\/es\/wp-json\/wp\/v2\/product"}],"about":[{"href":"https:\/\/dibosch.com\/es\/wp-json\/wp\/v2\/types\/product"}],"replies":[{"embeddable":true,"href":"https:\/\/dibosch.com\/es\/wp-json\/wp\/v2\/comments?post=14164"}],"wp:featuredmedia":[{"embeddable":true,"href":"https:\/\/dibosch.com\/es\/wp-json\/wp\/v2\/media\/22967"}],"wp:attachment":[{"href":"https:\/\/dibosch.com\/es\/wp-json\/wp\/v2\/media?parent=14164"}],"wp:term":[{"taxonomy":"product_brand","embeddable":true,"href":"https:\/\/dibosch.com\/es\/wp-json\/wp\/v2\/product_brand?post=14164"},{"taxonomy":"product_cat","embeddable":true,"href":"https:\/\/dibosch.com\/es\/wp-json\/wp\/v2\/product_cat?post=14164"},{"taxonomy":"product_tag","embeddable":true,"href":"https:\/\/dibosch.com\/es\/wp-json\/wp\/v2\/product_tag?post=14164"},{"taxonomy":"marcas","embeddable":true,"href":"https:\/\/dibosch.com\/es\/wp-json\/wp\/v2\/marcas?post=14164"},{"taxonomy":"certificats","embeddable":true,"href":"https:\/\/dibosch.com\/es\/wp-json\/wp\/v2\/certificats?post=14164"},{"taxonomy":"caracteristiques","embeddable":true,"href":"https:\/\/dibosch.com\/es\/wp-json\/wp\/v2\/caracteristiques?post=14164"},{"taxonomy":"tipus-productes","embeddable":true,"href":"https:\/\/dibosch.com\/es\/wp-json\/wp\/v2\/tipus-productes?post=14164"},{"taxonomy":"zona-aplicacio","embeddable":true,"href":"https:\/\/dibosch.com\/es\/wp-json\/wp\/v2\/zona-aplicacio?post=14164"},{"taxonomy":"tipus-maquinaria","embeddable":true,"href":"https:\/\/dibosch.com\/es\/wp-json\/wp\/v2\/tipus-maquinaria?post=14164"}],"curies":[{"name":"wp","href":"https:\/\/api.w.org\/{rel}","templated":true}]}}