{"id":14177,"date":"2022-12-07T11:01:39","date_gmt":"2022-12-07T11:01:39","guid":{"rendered":"https:\/\/www.dibosch.com\/producto\/oxi-flash-bp25\/"},"modified":"2023-06-27T08:02:25","modified_gmt":"2023-06-27T08:02:25","slug":"oxi-flash-bp25","status":"publish","type":"product","link":"https:\/\/dibosch.com\/es\/producto\/oxi-flash-bp25\/","title":{"rendered":"OXI FLASH BP25 &#8211; PAHES LIMPER"},"content":{"rendered":"<p><strong>Caracter\u00edsticas del producto:<\/strong><\/p>\n<p>OXI FLASH es un preparado que contiene una oxi-reductasa sint\u00e9tica con una estructura qu\u00edmica similar a la de la parte activa de las enzimas naturales que se encuentran en organismos vivos.<\/p>\n<p>Proporciona efectos beneficiosos en todo el proceso, tanto en el ahorro de energ\u00eda como en el de agua y tiempo, d\u00e1ndole la oportunidad de reducir sus costes generales, aumentar la producci\u00f3n y proteger el medio ambiente.<\/p>\n<p>El producto es biodegradable y no peligroso<\/p>\n<p>&nbsp;<\/p>\n<p><strong>Instrucciones de uso:<\/strong><\/p>\n<p>Su aplicaci\u00f3n junto con un agente humectante adecuado permite blanquear el algod\u00f3n crudo a 70- 80\u00baC con un alto grado de blancura tal como se obtiene con el proceso de blanqueo est\u00e1ndar a 90- 95\u00baC<\/p>\n","protected":false},"excerpt":{"rendered":"<p>Aditivo activador del oxigente activo. M\u00e1xima blancura a baja temperatura.<\/p>\n","protected":false},"featured_media":20943,"comment_status":"closed","ping_status":"closed","template":"","meta":[],"product_brand":[],"product_cat":[763,690,689],"product_tag":[],"marcas":[],"certificats":[],"caracteristiques":[939],"tipus-productes":[],"zona-aplicacio":[],"tipus-maquinaria":[],"class_list":{"0":"post-14177","1":"product","2":"type-product","3":"status-publish","4":"has-post-thumbnail","6":"product_cat-aplicaciones-especificas-es","7":"product_cat-especificos-para-lavanderia","8":"product_cat-productos-de-limpieza","9":"caracteristiques-concentrados-es","11":"first","12":"instock","13":"product-type-simple"},"_links":{"self":[{"href":"https:\/\/dibosch.com\/es\/wp-json\/wp\/v2\/product\/14177","targetHints":{"allow":["GET"]}}],"collection":[{"href":"https:\/\/dibosch.com\/es\/wp-json\/wp\/v2\/product"}],"about":[{"href":"https:\/\/dibosch.com\/es\/wp-json\/wp\/v2\/types\/product"}],"replies":[{"embeddable":true,"href":"https:\/\/dibosch.com\/es\/wp-json\/wp\/v2\/comments?post=14177"}],"wp:featuredmedia":[{"embeddable":true,"href":"https:\/\/dibosch.com\/es\/wp-json\/wp\/v2\/media\/20943"}],"wp:attachment":[{"href":"https:\/\/dibosch.com\/es\/wp-json\/wp\/v2\/media?parent=14177"}],"wp:term":[{"taxonomy":"product_brand","embeddable":true,"href":"https:\/\/dibosch.com\/es\/wp-json\/wp\/v2\/product_brand?post=14177"},{"taxonomy":"product_cat","embeddable":true,"href":"https:\/\/dibosch.com\/es\/wp-json\/wp\/v2\/product_cat?post=14177"},{"taxonomy":"product_tag","embeddable":true,"href":"https:\/\/dibosch.com\/es\/wp-json\/wp\/v2\/product_tag?post=14177"},{"taxonomy":"marcas","embeddable":true,"href":"https:\/\/dibosch.com\/es\/wp-json\/wp\/v2\/marcas?post=14177"},{"taxonomy":"certificats","embeddable":true,"href":"https:\/\/dibosch.com\/es\/wp-json\/wp\/v2\/certificats?post=14177"},{"taxonomy":"caracteristiques","embeddable":true,"href":"https:\/\/dibosch.com\/es\/wp-json\/wp\/v2\/caracteristiques?post=14177"},{"taxonomy":"tipus-productes","embeddable":true,"href":"https:\/\/dibosch.com\/es\/wp-json\/wp\/v2\/tipus-productes?post=14177"},{"taxonomy":"zona-aplicacio","embeddable":true,"href":"https:\/\/dibosch.com\/es\/wp-json\/wp\/v2\/zona-aplicacio?post=14177"},{"taxonomy":"tipus-maquinaria","embeddable":true,"href":"https:\/\/dibosch.com\/es\/wp-json\/wp\/v2\/tipus-maquinaria?post=14177"}],"curies":[{"name":"wp","href":"https:\/\/api.w.org\/{rel}","templated":true}]}}