{"id":14189,"date":"2022-12-07T11:01:59","date_gmt":"2022-12-07T11:01:59","guid":{"rendered":"https:\/\/www.dibosch.com\/producto\/m-levighetor-max-380v-7hp\/"},"modified":"2024-11-14T11:17:44","modified_gmt":"2024-11-14T11:17:44","slug":"m-levighetor-max-380v-7hp","status":"publish","type":"product","link":"https:\/\/dibosch.com\/es\/producto\/m-levighetor-max-380v-7hp\/","title":{"rendered":"M- LEVIGHETOR MAX 380V 7HP &#8211; KLINDEX"},"content":{"rendered":"<p>LEVIGHETOR MAX VS tiene la ventaja de variar la velocidad de los utensilios y la regulaci\u00f3n autom\u00e1tica de la tensi\u00f3n de trabajo.<\/p>\n<p>Es ideal no s\u00f3lo para alisar grandes superficies de m\u00e1rmol, granitos y hormig\u00f3n sino tambi\u00e9n para la preparaci\u00f3n de suelos industriales,abujardado, moladura, eliminaci\u00f3n de antiguas colas y resinas y lustre del cemento con sistema Superconcrete. Pulidora extremamente robusta con planetario con engranajes en acero termotratado. Sin correa! Regulaci\u00f3n autom\u00e1tica de la presi\u00f3n.<\/p>\n<p>Quick Attack System para cambiar utensilios sin necesitar de un martillo o de cualquier tipo de utensilios. Solo con tus manos!<\/p>\n","protected":false},"excerpt":{"rendered":"<p>LEVIGHETOR MAX VS tiene la ventaja de variar la velocidad de los utensilios y la regulaci\u00f3n autom\u00e1tica de la tensi\u00f3n de trabajo. Es ideal no s\u00f3lo para alisar grandes superficies de m\u00e1rmol, granitos y hormig\u00f3n sino tambi\u00e9n para la preparaci\u00f3n de suelos industriales,abujardado, moladura, eliminaci\u00f3n de antiguas colas y resinas y lustre del cemento con [&hellip;]<\/p>\n","protected":false},"featured_media":24861,"comment_status":"closed","ping_status":"closed","template":"","meta":[],"product_brand":[],"product_cat":[577,796],"product_tag":[],"marcas":[927],"certificats":[],"caracteristiques":[],"tipus-productes":[],"zona-aplicacio":[],"tipus-maquinaria":[],"class_list":{"0":"post-14189","1":"product","2":"type-product","3":"status-publish","4":"has-post-thumbnail","6":"product_cat-maquinas","7":"product_cat-pulidoras-industriales","8":"marcas-klindex-es","10":"first","11":"instock","12":"product-type-simple"},"_links":{"self":[{"href":"https:\/\/dibosch.com\/es\/wp-json\/wp\/v2\/product\/14189","targetHints":{"allow":["GET"]}}],"collection":[{"href":"https:\/\/dibosch.com\/es\/wp-json\/wp\/v2\/product"}],"about":[{"href":"https:\/\/dibosch.com\/es\/wp-json\/wp\/v2\/types\/product"}],"replies":[{"embeddable":true,"href":"https:\/\/dibosch.com\/es\/wp-json\/wp\/v2\/comments?post=14189"}],"wp:featuredmedia":[{"embeddable":true,"href":"https:\/\/dibosch.com\/es\/wp-json\/wp\/v2\/media\/24861"}],"wp:attachment":[{"href":"https:\/\/dibosch.com\/es\/wp-json\/wp\/v2\/media?parent=14189"}],"wp:term":[{"taxonomy":"product_brand","embeddable":true,"href":"https:\/\/dibosch.com\/es\/wp-json\/wp\/v2\/product_brand?post=14189"},{"taxonomy":"product_cat","embeddable":true,"href":"https:\/\/dibosch.com\/es\/wp-json\/wp\/v2\/product_cat?post=14189"},{"taxonomy":"product_tag","embeddable":true,"href":"https:\/\/dibosch.com\/es\/wp-json\/wp\/v2\/product_tag?post=14189"},{"taxonomy":"marcas","embeddable":true,"href":"https:\/\/dibosch.com\/es\/wp-json\/wp\/v2\/marcas?post=14189"},{"taxonomy":"certificats","embeddable":true,"href":"https:\/\/dibosch.com\/es\/wp-json\/wp\/v2\/certificats?post=14189"},{"taxonomy":"caracteristiques","embeddable":true,"href":"https:\/\/dibosch.com\/es\/wp-json\/wp\/v2\/caracteristiques?post=14189"},{"taxonomy":"tipus-productes","embeddable":true,"href":"https:\/\/dibosch.com\/es\/wp-json\/wp\/v2\/tipus-productes?post=14189"},{"taxonomy":"zona-aplicacio","embeddable":true,"href":"https:\/\/dibosch.com\/es\/wp-json\/wp\/v2\/zona-aplicacio?post=14189"},{"taxonomy":"tipus-maquinaria","embeddable":true,"href":"https:\/\/dibosch.com\/es\/wp-json\/wp\/v2\/tipus-maquinaria?post=14189"}],"curies":[{"name":"wp","href":"https:\/\/api.w.org\/{rel}","templated":true}]}}