{"id":14194,"date":"2022-12-07T11:02:14","date_gmt":"2022-12-07T11:02:14","guid":{"rendered":"https:\/\/www.dibosch.com\/producto\/recambio-mopa-algodon-60cm-bolsillo-00000272\/"},"modified":"2023-07-17T12:52:34","modified_gmt":"2023-07-17T12:52:34","slug":"repuesto-mopa-coto-60cm-bolsillo-00000272","status":"publish","type":"product","link":"https:\/\/dibosch.com\/es\/producto\/repuesto-mopa-coto-60cm-bolsillo-00000272\/","title":{"rendered":"RECAMBIO MOPA ALGOD\u00d3N 60cm BOLSILLO &#8211; 00000272 &#8211; TTS"},"content":{"rendered":"<p><strong>Caracter\u00edsticas del producto:<\/strong><\/p>\n<p>Recambio de mopa de algod\u00f3n con bolsillos y tela de poli\u00e9ster<\/p>\n<p>Sistema para desempolvar el suelo con mopa<\/p>\n<p>Ideal para cualquier tipo de suciedad y superficie<\/p>\n<p>Material natural derivado de procesos de producci\u00f3n de bajo impacto y reciclables.<\/p>\n<p>Eficaz: se adhiere perfectamente al suelo, capturando y reteniendo tambi\u00e9n las part\u00edculas de polvo m\u00e1s peque\u00f1as<\/p>\n<p>Durable: es duradero, lo que representa una excelente inversi\u00f3n con un bajo impacto ambiental<\/p>\n","protected":false},"excerpt":{"rendered":"<p>Tejido de poli\u00e9ster y algod\u00f3n que atrapa el polvo<\/p>\n","protected":false},"featured_media":22073,"comment_status":"closed","ping_status":"closed","template":"","meta":[],"product_brand":[],"product_cat":[714,713,684],"product_tag":[],"marcas":[917],"certificats":[],"caracteristiques":[],"tipus-productes":[],"zona-aplicacio":[],"tipus-maquinaria":[],"class_list":{"0":"post-14194","1":"product","2":"type-product","3":"status-publish","4":"has-post-thumbnail","6":"product_cat-mopas","7":"product_cat-utensilios","8":"product_cat-utiles-de-limpieza","9":"marcas-tts-es","11":"first","12":"instock","13":"product-type-simple"},"_links":{"self":[{"href":"https:\/\/dibosch.com\/es\/wp-json\/wp\/v2\/product\/14194","targetHints":{"allow":["GET"]}}],"collection":[{"href":"https:\/\/dibosch.com\/es\/wp-json\/wp\/v2\/product"}],"about":[{"href":"https:\/\/dibosch.com\/es\/wp-json\/wp\/v2\/types\/product"}],"replies":[{"embeddable":true,"href":"https:\/\/dibosch.com\/es\/wp-json\/wp\/v2\/comments?post=14194"}],"wp:featuredmedia":[{"embeddable":true,"href":"https:\/\/dibosch.com\/es\/wp-json\/wp\/v2\/media\/22073"}],"wp:attachment":[{"href":"https:\/\/dibosch.com\/es\/wp-json\/wp\/v2\/media?parent=14194"}],"wp:term":[{"taxonomy":"product_brand","embeddable":true,"href":"https:\/\/dibosch.com\/es\/wp-json\/wp\/v2\/product_brand?post=14194"},{"taxonomy":"product_cat","embeddable":true,"href":"https:\/\/dibosch.com\/es\/wp-json\/wp\/v2\/product_cat?post=14194"},{"taxonomy":"product_tag","embeddable":true,"href":"https:\/\/dibosch.com\/es\/wp-json\/wp\/v2\/product_tag?post=14194"},{"taxonomy":"marcas","embeddable":true,"href":"https:\/\/dibosch.com\/es\/wp-json\/wp\/v2\/marcas?post=14194"},{"taxonomy":"certificats","embeddable":true,"href":"https:\/\/dibosch.com\/es\/wp-json\/wp\/v2\/certificats?post=14194"},{"taxonomy":"caracteristiques","embeddable":true,"href":"https:\/\/dibosch.com\/es\/wp-json\/wp\/v2\/caracteristiques?post=14194"},{"taxonomy":"tipus-productes","embeddable":true,"href":"https:\/\/dibosch.com\/es\/wp-json\/wp\/v2\/tipus-productes?post=14194"},{"taxonomy":"zona-aplicacio","embeddable":true,"href":"https:\/\/dibosch.com\/es\/wp-json\/wp\/v2\/zona-aplicacio?post=14194"},{"taxonomy":"tipus-maquinaria","embeddable":true,"href":"https:\/\/dibosch.com\/es\/wp-json\/wp\/v2\/tipus-maquinaria?post=14194"}],"curies":[{"name":"wp","href":"https:\/\/api.w.org\/{rel}","templated":true}]}}