{"id":14203,"date":"2022-12-07T11:02:19","date_gmt":"2022-12-07T11:02:19","guid":{"rendered":"https:\/\/www.dibosch.com\/producto\/ferquest-bp25\/"},"modified":"2023-06-27T07:03:55","modified_gmt":"2023-06-27T07:03:55","slug":"ferquest-bp25","status":"publish","type":"product","link":"https:\/\/dibosch.com\/es\/producto\/ferquest-bp25\/","title":{"rendered":"FERQUEST BP25 &#8211; PAHES LIMPER"},"content":{"rendered":"<p><strong>Caracter\u00edsticas del producto:<\/strong><\/p>\n<p>Gran inhibidor de los efectos de la presencia de ppm de Fe, estable al hipoclorito.<\/p>\n<p>La presencia del FERQUEST en los procesos de lavado de tejidos nos permite obtener matices m\u00e1s brillantes y en el caso del blanco, tonos m\u00e1s puros debido a que no permite el matizado Fe+++, incluso con el empleo conjunto de hipoclorito.<\/p>\n<p>Tambi\u00e9n nos permitir\u00e1 obtener tactos m\u00e1s suaves.<\/p>\n<p>FERQUEST nos dar\u00e1 tambi\u00e9n un efecto estabilizante del ox\u00edgeno generado por los componentes oxidantes de las formulaciones de los productos que intervienen en el lavado.<\/p>\n","protected":false},"excerpt":{"rendered":"<p>Caracter\u00edsticas del producto: Gran inhibidor de los efectos de la presencia de ppm de Fe, estable al hipoclorito. La presencia del FERQUEST en los procesos de lavado de tejidos nos permite obtener matices m\u00e1s brillantes y en el caso del blanco, tonos m\u00e1s puros debido a que no permite el matizado Fe+++, incluso con el [&hellip;]<\/p>\n","protected":false},"featured_media":20926,"comment_status":"closed","ping_status":"closed","template":"","meta":[],"product_brand":[],"product_cat":[763,690,689],"product_tag":[],"marcas":[],"certificats":[],"caracteristiques":[939],"tipus-productes":[],"zona-aplicacio":[],"tipus-maquinaria":[],"class_list":{"0":"post-14203","1":"product","2":"type-product","3":"status-publish","4":"has-post-thumbnail","6":"product_cat-aplicaciones-especificas-es","7":"product_cat-especificos-para-lavanderia","8":"product_cat-productos-de-limpieza","9":"caracteristiques-concentrados-es","11":"first","12":"instock","13":"product-type-simple"},"_links":{"self":[{"href":"https:\/\/dibosch.com\/es\/wp-json\/wp\/v2\/product\/14203","targetHints":{"allow":["GET"]}}],"collection":[{"href":"https:\/\/dibosch.com\/es\/wp-json\/wp\/v2\/product"}],"about":[{"href":"https:\/\/dibosch.com\/es\/wp-json\/wp\/v2\/types\/product"}],"replies":[{"embeddable":true,"href":"https:\/\/dibosch.com\/es\/wp-json\/wp\/v2\/comments?post=14203"}],"wp:featuredmedia":[{"embeddable":true,"href":"https:\/\/dibosch.com\/es\/wp-json\/wp\/v2\/media\/20926"}],"wp:attachment":[{"href":"https:\/\/dibosch.com\/es\/wp-json\/wp\/v2\/media?parent=14203"}],"wp:term":[{"taxonomy":"product_brand","embeddable":true,"href":"https:\/\/dibosch.com\/es\/wp-json\/wp\/v2\/product_brand?post=14203"},{"taxonomy":"product_cat","embeddable":true,"href":"https:\/\/dibosch.com\/es\/wp-json\/wp\/v2\/product_cat?post=14203"},{"taxonomy":"product_tag","embeddable":true,"href":"https:\/\/dibosch.com\/es\/wp-json\/wp\/v2\/product_tag?post=14203"},{"taxonomy":"marcas","embeddable":true,"href":"https:\/\/dibosch.com\/es\/wp-json\/wp\/v2\/marcas?post=14203"},{"taxonomy":"certificats","embeddable":true,"href":"https:\/\/dibosch.com\/es\/wp-json\/wp\/v2\/certificats?post=14203"},{"taxonomy":"caracteristiques","embeddable":true,"href":"https:\/\/dibosch.com\/es\/wp-json\/wp\/v2\/caracteristiques?post=14203"},{"taxonomy":"tipus-productes","embeddable":true,"href":"https:\/\/dibosch.com\/es\/wp-json\/wp\/v2\/tipus-productes?post=14203"},{"taxonomy":"zona-aplicacio","embeddable":true,"href":"https:\/\/dibosch.com\/es\/wp-json\/wp\/v2\/zona-aplicacio?post=14203"},{"taxonomy":"tipus-maquinaria","embeddable":true,"href":"https:\/\/dibosch.com\/es\/wp-json\/wp\/v2\/tipus-maquinaria?post=14203"}],"curies":[{"name":"wp","href":"https:\/\/api.w.org\/{rel}","templated":true}]}}