{"id":14204,"date":"2022-12-07T11:02:35","date_gmt":"2022-12-07T11:02:35","guid":{"rendered":"https:\/\/www.dibosch.com\/producto\/m-barra-comac-cs-50h\/"},"modified":"2026-01-02T13:42:37","modified_gmt":"2026-01-02T13:42:37","slug":"m-barredora-comac-cs-50h","status":"publish","type":"product","link":"https:\/\/dibosch.com\/es\/producto\/m-barredora-comac-cs-50h\/","title":{"rendered":"BARREDORA HOMBRE A PIE COMAC CS 50H &#8211; COMAC"},"content":{"rendered":"<p>La CS50 de <a href=\"https:\/\/dibosch.com\/es\/marcas\/comac-es\/\">Comac<\/a> es una <a href=\"https:\/\/dibosch.com\/es\/maquinas\/barredora\/\">barredora peque\u00f1a hombre a pie<\/a>, sumamente compacta y manejable. Grandes prestaciones y sencillez de uso son las caracter\u00edsticas principales de esta barredora, que permite agilizar notablemente las operaciones de limpieza simplificando tambi\u00e9n el trabajo del operador.<\/p>\n<p>Apta para limpiar superficies tanto interiores como exteriores, de hasta 2500 m2, la CS50 es la soluci\u00f3n de Comac ideal para barrer caminos, garajes, aparcamientos o almacenes del sector log\u00edstico, p\u00fablico, sanitario, de la artesan\u00eda o la automoci\u00f3n.<\/p>\n<p>La barredora hombre a pie CS50 est\u00e1 disponible en la versi\u00f3n con bater\u00eda (CS50 B\/BT) o en la versi\u00f3n con motor de gasolina Honda (CS50 H\/HT).<\/p>\n<p>&nbsp;<\/p>\n<div><br data-olk-copy-source=\"MailCompose\" \/>PRECIO CS50H<\/div>\n<div>Consultar accesorios incluidos en el precio.<\/div>\n","protected":false},"excerpt":{"rendered":"<p>Ancho barrido 65 cm | Dep\u00f3sito recuperaci\u00f3n 40 l | autonom\u00eda ilimitada | motor Honda<\/p>\n","protected":false},"featured_media":11427,"comment_status":"closed","ping_status":"closed","template":"","meta":[],"product_brand":[],"product_cat":[786,1078,1072,731,577],"product_tag":[],"marcas":[916],"certificats":[],"caracteristiques":[],"tipus-productes":[],"zona-aplicacio":[951,949],"tipus-maquinaria":[],"class_list":{"0":"post-14204","1":"product","2":"type-product","3":"status-publish","4":"has-post-thumbnail","6":"product_cat-barredoras-a-pie","7":"product_cat-barredoras-industriales-de-segunda-mano","8":"product_cat-barredoras-manuales","9":"product_cat-baterias","10":"product_cat-maquinas","11":"marcas-comac-es","12":"zona-aplicacio-exteriores-y-fachadas","13":"zona-aplicacio-zona-produccion-y-talleres","15":"first","16":"instock","17":"purchasable","18":"product-type-simple"},"_links":{"self":[{"href":"https:\/\/dibosch.com\/es\/wp-json\/wp\/v2\/product\/14204","targetHints":{"allow":["GET"]}}],"collection":[{"href":"https:\/\/dibosch.com\/es\/wp-json\/wp\/v2\/product"}],"about":[{"href":"https:\/\/dibosch.com\/es\/wp-json\/wp\/v2\/types\/product"}],"replies":[{"embeddable":true,"href":"https:\/\/dibosch.com\/es\/wp-json\/wp\/v2\/comments?post=14204"}],"wp:featuredmedia":[{"embeddable":true,"href":"https:\/\/dibosch.com\/es\/wp-json\/wp\/v2\/media\/11427"}],"wp:attachment":[{"href":"https:\/\/dibosch.com\/es\/wp-json\/wp\/v2\/media?parent=14204"}],"wp:term":[{"taxonomy":"product_brand","embeddable":true,"href":"https:\/\/dibosch.com\/es\/wp-json\/wp\/v2\/product_brand?post=14204"},{"taxonomy":"product_cat","embeddable":true,"href":"https:\/\/dibosch.com\/es\/wp-json\/wp\/v2\/product_cat?post=14204"},{"taxonomy":"product_tag","embeddable":true,"href":"https:\/\/dibosch.com\/es\/wp-json\/wp\/v2\/product_tag?post=14204"},{"taxonomy":"marcas","embeddable":true,"href":"https:\/\/dibosch.com\/es\/wp-json\/wp\/v2\/marcas?post=14204"},{"taxonomy":"certificats","embeddable":true,"href":"https:\/\/dibosch.com\/es\/wp-json\/wp\/v2\/certificats?post=14204"},{"taxonomy":"caracteristiques","embeddable":true,"href":"https:\/\/dibosch.com\/es\/wp-json\/wp\/v2\/caracteristiques?post=14204"},{"taxonomy":"tipus-productes","embeddable":true,"href":"https:\/\/dibosch.com\/es\/wp-json\/wp\/v2\/tipus-productes?post=14204"},{"taxonomy":"zona-aplicacio","embeddable":true,"href":"https:\/\/dibosch.com\/es\/wp-json\/wp\/v2\/zona-aplicacio?post=14204"},{"taxonomy":"tipus-maquinaria","embeddable":true,"href":"https:\/\/dibosch.com\/es\/wp-json\/wp\/v2\/tipus-maquinaria?post=14204"}],"curies":[{"name":"wp","href":"https:\/\/api.w.org\/{rel}","templated":true}]}}