{"id":14216,"date":"2022-12-07T11:02:30","date_gmt":"2022-12-07T11:02:30","guid":{"rendered":"https:\/\/www.dibosch.com\/producto\/bayeta-microwiper-verde-x4\/"},"modified":"2023-07-10T08:57:30","modified_gmt":"2023-07-10T08:57:30","slug":"bayeta-microwiper-verde-x4","status":"publish","type":"product","link":"https:\/\/dibosch.com\/es\/producto\/bayeta-microwiper-verde-x4\/","title":{"rendered":"BAYETA MICROWIPER VERDE (x4) &#8211; SUCITESA"},"content":{"rendered":"<p><strong>Descripci\u00f3n de producto:<\/strong><\/p>\n<p>Limpieza en seco, h\u00famedo o pre-impregnado. M\u00e1ximo poder de arrastre y absorci\u00f3n de polvo, grasa y cualquier tipo de suciedad adherida.<\/p>\n<p>Alta resistencia sin deformaci\u00f3n. No raya ni deja pelusa, trazos o huellas. Resistentes en las tareas diarias de limpieza especialmente con detergentes alcalinos o compuestos clorados.<\/p>\n<p>El uso de un color para cada zona de limpieza, evita el riesgo de contaminaci\u00f3n cruzada. Ecol\u00f3gico, reduce el consumo de agua y detergentes. Apropiado para centros sanitarios, hospitales, cocinas profesionales y hoteles.<\/p>\n<p>&nbsp;<\/p>\n<p><strong>C\u00f3mo utilizar:<\/strong><\/p>\n<p>Frotar la superficie a tratar hasta eliminar la suciedad.<\/p>\n<p>INSTRUCCIONES DE LAVADO: No utilizar suavizantes. Lavar a m\u00e1quina m\u00e1ximo 95\u00baC, secado m\u00e1ximo 60\u00baC. No lavar junto a otros textiles. No mezclar colores.<\/p>\n","protected":false},"excerpt":{"rendered":"<p>100% Microfibra profesional. Costuras reforzadas.<\/p>\n","protected":false},"featured_media":30707,"comment_status":"closed","ping_status":"closed","template":"","meta":[],"product_brand":[],"product_cat":[753,713,684],"product_tag":[],"marcas":[922],"certificats":[],"caracteristiques":[],"tipus-productes":[],"zona-aplicacio":[],"tipus-maquinaria":[],"class_list":{"0":"post-14216","1":"product","2":"type-product","3":"status-publish","4":"has-post-thumbnail","6":"product_cat-bayetas-y-panos","7":"product_cat-utensilios","8":"product_cat-utiles-de-limpieza","9":"marcas-sucitesa-es","11":"first","12":"instock","13":"product-type-simple"},"_links":{"self":[{"href":"https:\/\/dibosch.com\/es\/wp-json\/wp\/v2\/product\/14216","targetHints":{"allow":["GET"]}}],"collection":[{"href":"https:\/\/dibosch.com\/es\/wp-json\/wp\/v2\/product"}],"about":[{"href":"https:\/\/dibosch.com\/es\/wp-json\/wp\/v2\/types\/product"}],"replies":[{"embeddable":true,"href":"https:\/\/dibosch.com\/es\/wp-json\/wp\/v2\/comments?post=14216"}],"wp:featuredmedia":[{"embeddable":true,"href":"https:\/\/dibosch.com\/es\/wp-json\/wp\/v2\/media\/30707"}],"wp:attachment":[{"href":"https:\/\/dibosch.com\/es\/wp-json\/wp\/v2\/media?parent=14216"}],"wp:term":[{"taxonomy":"product_brand","embeddable":true,"href":"https:\/\/dibosch.com\/es\/wp-json\/wp\/v2\/product_brand?post=14216"},{"taxonomy":"product_cat","embeddable":true,"href":"https:\/\/dibosch.com\/es\/wp-json\/wp\/v2\/product_cat?post=14216"},{"taxonomy":"product_tag","embeddable":true,"href":"https:\/\/dibosch.com\/es\/wp-json\/wp\/v2\/product_tag?post=14216"},{"taxonomy":"marcas","embeddable":true,"href":"https:\/\/dibosch.com\/es\/wp-json\/wp\/v2\/marcas?post=14216"},{"taxonomy":"certificats","embeddable":true,"href":"https:\/\/dibosch.com\/es\/wp-json\/wp\/v2\/certificats?post=14216"},{"taxonomy":"caracteristiques","embeddable":true,"href":"https:\/\/dibosch.com\/es\/wp-json\/wp\/v2\/caracteristiques?post=14216"},{"taxonomy":"tipus-productes","embeddable":true,"href":"https:\/\/dibosch.com\/es\/wp-json\/wp\/v2\/tipus-productes?post=14216"},{"taxonomy":"zona-aplicacio","embeddable":true,"href":"https:\/\/dibosch.com\/es\/wp-json\/wp\/v2\/zona-aplicacio?post=14216"},{"taxonomy":"tipus-maquinaria","embeddable":true,"href":"https:\/\/dibosch.com\/es\/wp-json\/wp\/v2\/tipus-maquinaria?post=14216"}],"curies":[{"name":"wp","href":"https:\/\/api.w.org\/{rel}","templated":true}]}}