{"id":14229,"date":"2022-12-07T11:03:45","date_gmt":"2022-12-07T11:03:45","guid":{"rendered":"https:\/\/www.dibosch.com\/producto\/m-escalator-base-550\/"},"modified":"2026-02-13T06:15:21","modified_gmt":"2026-02-13T06:15:21","slug":"m-escalator-base-550","status":"publish","type":"product","link":"https:\/\/dibosch.com\/es\/producto\/m-escalator-base-550\/","title":{"rendered":"ESCALATOR BASE 550 &#8211; DUPLEX"},"content":{"rendered":"<p>Duplex Escalator Base es la limpiadora compacta para la limpieza de cualquier escalera y and\u00e9n m\u00f3vil en movimiento. Puede utilizarse en seco para cepillar, o con la soluci\u00f3n detergente para lavar.<\/p>\n<p>Duplex Escalator Base, en combinaci\u00f3n con cualquier aspirador\/aspirador de l\u00edquidos (no se suministra), puede utilizarse para cepillar y limpiar en\u00e9rgicamente los pelda\u00f1os: la suciedad de la superficie y el polvo son recogidos y echados en el tanque de recuperaci\u00f3n sin dejar restos.<\/p>\n<p>Despu\u00e9s de haber cepillado toda la superficie el suministro de la soluci\u00f3n detergente contenida en los tanques de acero inoxidable permite eliminar la suciedad restante y las incrustaciones en los canales.<\/p>\n","protected":false},"excerpt":{"rendered":"<p>Ancho: 55 cm | Dep\u00f3sito agua limpia: 9,5 l | autonom\u00eda ilimitada | el\u00e9ctrica |Peso 39 kg<\/p>\n","protected":false},"featured_media":25190,"comment_status":"closed","ping_status":"closed","template":"","meta":[],"product_brand":[],"product_cat":[577,722],"product_tag":[],"marcas":[],"certificats":[],"caracteristiques":[],"tipus-productes":[],"zona-aplicacio":[],"tipus-maquinaria":[],"class_list":{"0":"post-14229","1":"product","2":"type-product","3":"status-publish","4":"has-post-thumbnail","6":"product_cat-maquinas","7":"product_cat-maquinas-especificas-de-limpieza","9":"first","10":"instock","11":"product-type-simple"},"_links":{"self":[{"href":"https:\/\/dibosch.com\/es\/wp-json\/wp\/v2\/product\/14229","targetHints":{"allow":["GET"]}}],"collection":[{"href":"https:\/\/dibosch.com\/es\/wp-json\/wp\/v2\/product"}],"about":[{"href":"https:\/\/dibosch.com\/es\/wp-json\/wp\/v2\/types\/product"}],"replies":[{"embeddable":true,"href":"https:\/\/dibosch.com\/es\/wp-json\/wp\/v2\/comments?post=14229"}],"wp:featuredmedia":[{"embeddable":true,"href":"https:\/\/dibosch.com\/es\/wp-json\/wp\/v2\/media\/25190"}],"wp:attachment":[{"href":"https:\/\/dibosch.com\/es\/wp-json\/wp\/v2\/media?parent=14229"}],"wp:term":[{"taxonomy":"product_brand","embeddable":true,"href":"https:\/\/dibosch.com\/es\/wp-json\/wp\/v2\/product_brand?post=14229"},{"taxonomy":"product_cat","embeddable":true,"href":"https:\/\/dibosch.com\/es\/wp-json\/wp\/v2\/product_cat?post=14229"},{"taxonomy":"product_tag","embeddable":true,"href":"https:\/\/dibosch.com\/es\/wp-json\/wp\/v2\/product_tag?post=14229"},{"taxonomy":"marcas","embeddable":true,"href":"https:\/\/dibosch.com\/es\/wp-json\/wp\/v2\/marcas?post=14229"},{"taxonomy":"certificats","embeddable":true,"href":"https:\/\/dibosch.com\/es\/wp-json\/wp\/v2\/certificats?post=14229"},{"taxonomy":"caracteristiques","embeddable":true,"href":"https:\/\/dibosch.com\/es\/wp-json\/wp\/v2\/caracteristiques?post=14229"},{"taxonomy":"tipus-productes","embeddable":true,"href":"https:\/\/dibosch.com\/es\/wp-json\/wp\/v2\/tipus-productes?post=14229"},{"taxonomy":"zona-aplicacio","embeddable":true,"href":"https:\/\/dibosch.com\/es\/wp-json\/wp\/v2\/zona-aplicacio?post=14229"},{"taxonomy":"tipus-maquinaria","embeddable":true,"href":"https:\/\/dibosch.com\/es\/wp-json\/wp\/v2\/tipus-maquinaria?post=14229"}],"curies":[{"name":"wp","href":"https:\/\/api.w.org\/{rel}","templated":true}]}}