{"id":14234,"date":"2022-12-07T11:03:14","date_gmt":"2022-12-07T11:03:14","guid":{"rendered":"https:\/\/www.dibosch.com\/producto\/fd-soft-care-desde-spray-2x5\/"},"modified":"2023-06-26T09:39:47","modified_gmt":"2023-06-26T09:39:47","slug":"fd-soft-care-des-e-spray-2x5","status":"publish","type":"product","link":"https:\/\/dibosch.com\/es\/producto\/fd-soft-care-des-e-spray-2x5\/","title":{"rendered":"FD- SOFT CARE DESDE SPRAY (2&#215;5) &#8211; DIVERSEY"},"content":{"rendered":"<p><strong>Caracter\u00edsticas del producto:<\/strong><\/p>\n<p>Antis\u00e9ptico para piel sana. Desinfectante de manos en base a alcohol (71.58%) para una desinfecci\u00f3n sin aclarado. Formulado con agentes humectantes, excelentes ingredientes para el cuidado de la piel que facilitan su uso en \u00e1reas donde se requiere desinfectarse las manos frecuentemente, como por ejemplo en los hospitales y en aquellas \u00e1reas donde no est\u00e1 presente el agua No contiene perfume, eliminando el riesgo de contaminaci\u00f3n, por lo que est\u00e1 recomendado su uso en \u00e1reas de manipulaci\u00f3n de alimentos. No contiene pol\u00edmeros. Producto con baja viscosidad, por lo que es adecuado para su uso en la mayor\u00eda de dosificadores<\/p>\n<p>&nbsp;<\/p>\n<p><strong>Modo de empleo:<\/strong><\/p>\n<p>En caso de uso para frotado higi\u00e9nico de manos: despu\u00e9s de limpiar y secar las manos, aplicar 3 ml sobre las manos y frotar a fondo durante 30 segundos hasta total evaporaci\u00f3n. En caso de uso para desinfecci\u00f3n quir\u00fargica de manos: aplicar 3 ml y frotar a fondo asegur\u00e1ndose que las manos se mantienen h\u00famedas durante 1,5 minutos. No necesita aclarado.<\/p>\n<p>&nbsp;<\/p>\n<p><strong>Indicado para:<\/strong><\/p>\n<p>Especialmente dise\u00f1ado para uso en \u00e1reas de manipulaci\u00f3n de alimentos y en cualquier otro lugar donde se requiera desinfecci\u00f3n de manos.<\/p>\n","protected":false},"excerpt":{"rendered":"<p>Desinfectante de manos con base alcohol.<\/p>\n","protected":false},"featured_media":9803,"comment_status":"closed","ping_status":"closed","template":"","meta":[],"product_brand":[],"product_cat":[791,689,694],"product_tag":[],"marcas":[],"certificats":[],"caracteristiques":[],"tipus-productes":[],"zona-aplicacio":[944,950,955,946],"tipus-maquinaria":[],"class_list":{"0":"post-14234","1":"product","2":"type-product","3":"status-publish","4":"has-post-thumbnail","6":"product_cat-higiene-corporal-es","7":"product_cat-productos-de-limpieza","8":"product_cat-quimicos","9":"zona-aplicacio-zona-cocina","10":"zona-aplicacio-zona-manipulacion-de-alimentos-industria","11":"zona-aplicacio-zona-sanitaria","12":"zona-aplicacio-zonas-comunes","14":"first","15":"instock","16":"product-type-simple"},"_links":{"self":[{"href":"https:\/\/dibosch.com\/es\/wp-json\/wp\/v2\/product\/14234","targetHints":{"allow":["GET"]}}],"collection":[{"href":"https:\/\/dibosch.com\/es\/wp-json\/wp\/v2\/product"}],"about":[{"href":"https:\/\/dibosch.com\/es\/wp-json\/wp\/v2\/types\/product"}],"replies":[{"embeddable":true,"href":"https:\/\/dibosch.com\/es\/wp-json\/wp\/v2\/comments?post=14234"}],"wp:featuredmedia":[{"embeddable":true,"href":"https:\/\/dibosch.com\/es\/wp-json\/wp\/v2\/media\/9803"}],"wp:attachment":[{"href":"https:\/\/dibosch.com\/es\/wp-json\/wp\/v2\/media?parent=14234"}],"wp:term":[{"taxonomy":"product_brand","embeddable":true,"href":"https:\/\/dibosch.com\/es\/wp-json\/wp\/v2\/product_brand?post=14234"},{"taxonomy":"product_cat","embeddable":true,"href":"https:\/\/dibosch.com\/es\/wp-json\/wp\/v2\/product_cat?post=14234"},{"taxonomy":"product_tag","embeddable":true,"href":"https:\/\/dibosch.com\/es\/wp-json\/wp\/v2\/product_tag?post=14234"},{"taxonomy":"marcas","embeddable":true,"href":"https:\/\/dibosch.com\/es\/wp-json\/wp\/v2\/marcas?post=14234"},{"taxonomy":"certificats","embeddable":true,"href":"https:\/\/dibosch.com\/es\/wp-json\/wp\/v2\/certificats?post=14234"},{"taxonomy":"caracteristiques","embeddable":true,"href":"https:\/\/dibosch.com\/es\/wp-json\/wp\/v2\/caracteristiques?post=14234"},{"taxonomy":"tipus-productes","embeddable":true,"href":"https:\/\/dibosch.com\/es\/wp-json\/wp\/v2\/tipus-productes?post=14234"},{"taxonomy":"zona-aplicacio","embeddable":true,"href":"https:\/\/dibosch.com\/es\/wp-json\/wp\/v2\/zona-aplicacio?post=14234"},{"taxonomy":"tipus-maquinaria","embeddable":true,"href":"https:\/\/dibosch.com\/es\/wp-json\/wp\/v2\/tipus-maquinaria?post=14234"}],"curies":[{"name":"wp","href":"https:\/\/api.w.org\/{rel}","templated":true}]}}