{"id":14238,"date":"2022-12-07T11:03:14","date_gmt":"2022-12-07T11:03:14","guid":{"rendered":"https:\/\/www.dibosch.com\/producto\/m-carmen-mini-kit-staremp\/"},"modified":"2024-08-16T09:39:38","modified_gmt":"2024-08-16T09:39:38","slug":"m-carmen-mini-kit-star-emp","status":"publish","type":"product","link":"https:\/\/dibosch.com\/es\/producto\/m-carmen-mini-kit-star-emp\/","title":{"rendered":"M-CARMEN MINI+ KIT STAR+EMP."},"content":{"rendered":"<p>Generador de vapor profesional con caldera de acero inoxidable y cuerpo de acero barnizado, autonom\u00eda de vapor ilimitada gracias al sistema de recarga autom\u00e1tica con dep\u00f3sito de agua. Funciones disponibles: inyecci\u00f3n de agua sobrecalentada y aspirador h\u00famedo y seco.<\/p>\n","protected":false},"excerpt":{"rendered":"<p>Caldera 1,4l | Presi\u00f3n: 6bar | capital 64gr\/minuto| T\u00ba 165\u00baC | peso 30kg | 220V &#8211; 2,45kW | Aspriadora y accesorios incluidos | trabajo continuo y sistema de agua sobrecalentada<\/p>\n","protected":false},"featured_media":24968,"comment_status":"closed","ping_status":"closed","template":"","meta":[],"product_brand":[],"product_cat":[761,577],"product_tag":[],"marcas":[913],"certificats":[],"caracteristiques":[],"tipus-productes":[],"zona-aplicacio":[],"tipus-maquinaria":[],"class_list":{"0":"post-14238","1":"product","2":"type-product","3":"status-publish","4":"has-post-thumbnail","6":"product_cat-vapor-industrial-es","7":"product_cat-maquinas","8":"marcas-tecnovap-es","10":"first","11":"instock","12":"product-type-simple"},"_links":{"self":[{"href":"https:\/\/dibosch.com\/es\/wp-json\/wp\/v2\/product\/14238","targetHints":{"allow":["GET"]}}],"collection":[{"href":"https:\/\/dibosch.com\/es\/wp-json\/wp\/v2\/product"}],"about":[{"href":"https:\/\/dibosch.com\/es\/wp-json\/wp\/v2\/types\/product"}],"replies":[{"embeddable":true,"href":"https:\/\/dibosch.com\/es\/wp-json\/wp\/v2\/comments?post=14238"}],"wp:featuredmedia":[{"embeddable":true,"href":"https:\/\/dibosch.com\/es\/wp-json\/wp\/v2\/media\/24968"}],"wp:attachment":[{"href":"https:\/\/dibosch.com\/es\/wp-json\/wp\/v2\/media?parent=14238"}],"wp:term":[{"taxonomy":"product_brand","embeddable":true,"href":"https:\/\/dibosch.com\/es\/wp-json\/wp\/v2\/product_brand?post=14238"},{"taxonomy":"product_cat","embeddable":true,"href":"https:\/\/dibosch.com\/es\/wp-json\/wp\/v2\/product_cat?post=14238"},{"taxonomy":"product_tag","embeddable":true,"href":"https:\/\/dibosch.com\/es\/wp-json\/wp\/v2\/product_tag?post=14238"},{"taxonomy":"marcas","embeddable":true,"href":"https:\/\/dibosch.com\/es\/wp-json\/wp\/v2\/marcas?post=14238"},{"taxonomy":"certificats","embeddable":true,"href":"https:\/\/dibosch.com\/es\/wp-json\/wp\/v2\/certificats?post=14238"},{"taxonomy":"caracteristiques","embeddable":true,"href":"https:\/\/dibosch.com\/es\/wp-json\/wp\/v2\/caracteristiques?post=14238"},{"taxonomy":"tipus-productes","embeddable":true,"href":"https:\/\/dibosch.com\/es\/wp-json\/wp\/v2\/tipus-productes?post=14238"},{"taxonomy":"zona-aplicacio","embeddable":true,"href":"https:\/\/dibosch.com\/es\/wp-json\/wp\/v2\/zona-aplicacio?post=14238"},{"taxonomy":"tipus-maquinaria","embeddable":true,"href":"https:\/\/dibosch.com\/es\/wp-json\/wp\/v2\/tipus-maquinaria?post=14238"}],"curies":[{"name":"wp","href":"https:\/\/api.w.org\/{rel}","templated":true}]}}