{"id":14247,"date":"2022-12-07T11:03:09","date_gmt":"2022-12-07T11:03:09","guid":{"rendered":"https:\/\/www.dibosch.com\/producto\/suavizante-floral-neutralizante-bp25\/"},"modified":"2023-10-06T06:43:15","modified_gmt":"2023-10-06T06:43:15","slug":"suavizante-floral-neutralizante-bp25","status":"publish","type":"product","link":"https:\/\/dibosch.com\/es\/producto\/suavizante-floral-neutralizante-bp25\/","title":{"rendered":"SUAVIZANTE NEUTRASOFT F BP25 &#8211; PAHES LIMPER"},"content":{"rendered":"<p><strong>Caracter\u00edsticas del producto:<\/strong><\/p>\n<p>El suavizante neutralizante es absorbido por la fibra textil en fr\u00edo y en caliente, en l\u00edquidos neutros y \u00e1cidos independientemente de la dureza del agua confiriendo a las fibras textiles un gran efecto suavizante y antiest\u00e1tico, particularmente a las fibras sint\u00e9ticas y con buena absorbencia en las naturales.<\/p>\n<p>&nbsp;<\/p>\n<p><strong>Manual de uso:<\/strong><\/p>\n<p>Especialmente recomendado cuando se han utilizado ba\u00f1os alcalinos. Suavizante para el lavado de ropa perfumado y neutralizante de la alcalinidad y el cloro. Elimina la electricidad est\u00e1tica, evita los olores desagradables en los tejidos y facilita el planchado, manual o en m\u00e1quina.<\/p>\n","protected":false},"excerpt":{"rendered":"<p>Suavizante neutralizante.<\/p>\n","protected":false},"featured_media":21200,"comment_status":"closed","ping_status":"closed","template":"","meta":[],"product_brand":[],"product_cat":[690,689,712],"product_tag":[],"marcas":[],"certificats":[],"caracteristiques":[939],"tipus-productes":[],"zona-aplicacio":[],"tipus-maquinaria":[],"class_list":{"0":"post-14247","1":"product","2":"type-product","3":"status-publish","4":"has-post-thumbnail","6":"product_cat-especificos-para-lavanderia","7":"product_cat-productos-de-limpieza","8":"product_cat-suavizantes","9":"caracteristiques-concentrados-es","11":"first","12":"instock","13":"product-type-simple"},"_links":{"self":[{"href":"https:\/\/dibosch.com\/es\/wp-json\/wp\/v2\/product\/14247","targetHints":{"allow":["GET"]}}],"collection":[{"href":"https:\/\/dibosch.com\/es\/wp-json\/wp\/v2\/product"}],"about":[{"href":"https:\/\/dibosch.com\/es\/wp-json\/wp\/v2\/types\/product"}],"replies":[{"embeddable":true,"href":"https:\/\/dibosch.com\/es\/wp-json\/wp\/v2\/comments?post=14247"}],"wp:featuredmedia":[{"embeddable":true,"href":"https:\/\/dibosch.com\/es\/wp-json\/wp\/v2\/media\/21200"}],"wp:attachment":[{"href":"https:\/\/dibosch.com\/es\/wp-json\/wp\/v2\/media?parent=14247"}],"wp:term":[{"taxonomy":"product_brand","embeddable":true,"href":"https:\/\/dibosch.com\/es\/wp-json\/wp\/v2\/product_brand?post=14247"},{"taxonomy":"product_cat","embeddable":true,"href":"https:\/\/dibosch.com\/es\/wp-json\/wp\/v2\/product_cat?post=14247"},{"taxonomy":"product_tag","embeddable":true,"href":"https:\/\/dibosch.com\/es\/wp-json\/wp\/v2\/product_tag?post=14247"},{"taxonomy":"marcas","embeddable":true,"href":"https:\/\/dibosch.com\/es\/wp-json\/wp\/v2\/marcas?post=14247"},{"taxonomy":"certificats","embeddable":true,"href":"https:\/\/dibosch.com\/es\/wp-json\/wp\/v2\/certificats?post=14247"},{"taxonomy":"caracteristiques","embeddable":true,"href":"https:\/\/dibosch.com\/es\/wp-json\/wp\/v2\/caracteristiques?post=14247"},{"taxonomy":"tipus-productes","embeddable":true,"href":"https:\/\/dibosch.com\/es\/wp-json\/wp\/v2\/tipus-productes?post=14247"},{"taxonomy":"zona-aplicacio","embeddable":true,"href":"https:\/\/dibosch.com\/es\/wp-json\/wp\/v2\/zona-aplicacio?post=14247"},{"taxonomy":"tipus-maquinaria","embeddable":true,"href":"https:\/\/dibosch.com\/es\/wp-json\/wp\/v2\/tipus-maquinaria?post=14247"}],"curies":[{"name":"wp","href":"https:\/\/api.w.org\/{rel}","templated":true}]}}