{"id":14248,"date":"2022-12-07T11:03:35","date_gmt":"2022-12-07T11:03:35","guid":{"rendered":"https:\/\/www.dibosch.com\/producto\/bolsa-blanca-con-ribete-rojo-por-dusto-00003633\/"},"modified":"2023-08-31T08:18:49","modified_gmt":"2023-08-31T08:18:49","slug":"bolsa-blanca-con-ribete-rojo-por-dusto-00003633","status":"publish","type":"product","link":"https:\/\/dibosch.com\/es\/producto\/bolsa-blanca-con-ribete-rojo-por-dusto-00003633\/","title":{"rendered":"BOLSA BLANCA CON RIBETE ROJO PARA DUST &#8211; 00003633 &#8211; TTS"},"content":{"rendered":"<p><strong>Caracter\u00edsticas del producto:<\/strong><\/p>\n<p>Bolsa de tela poli\u00e9ster 70 L con lazos<\/p>\n<p>Saco para la recogida de la ropa sucia<\/p>\n<p>Ideal para la correcta recogida de la ropa sucia, f\u00e1cil de lavar en la lavadora y resistente al peso<\/p>\n<p>Eficiente: Uno de los lados de estas bolsas es abierto, pues durante el ciclo de lavado de la bolsa se abrir\u00e1 autom\u00e1ticamente para as\u00ed sacar fuera toda ropa<\/p>\n<p>Material: Poli\u00e9ster<\/p>\n","protected":false},"excerpt":{"rendered":"<p>Bolsa de tela de poli\u00e9ster para recogida de ropa.<\/p>\n","protected":false},"featured_media":24027,"comment_status":"closed","ping_status":"closed","template":"","meta":[],"product_brand":[],"product_cat":[686],"product_tag":[],"marcas":[917],"certificats":[],"caracteristiques":[],"tipus-productes":[],"zona-aplicacio":[],"tipus-maquinaria":[],"class_list":{"0":"post-14248","1":"product","2":"type-product","3":"status-publish","4":"has-post-thumbnail","6":"product_cat-accesorios-de-carros","7":"marcas-tts-es","9":"first","10":"instock","11":"product-type-simple"},"_links":{"self":[{"href":"https:\/\/dibosch.com\/es\/wp-json\/wp\/v2\/product\/14248","targetHints":{"allow":["GET"]}}],"collection":[{"href":"https:\/\/dibosch.com\/es\/wp-json\/wp\/v2\/product"}],"about":[{"href":"https:\/\/dibosch.com\/es\/wp-json\/wp\/v2\/types\/product"}],"replies":[{"embeddable":true,"href":"https:\/\/dibosch.com\/es\/wp-json\/wp\/v2\/comments?post=14248"}],"wp:featuredmedia":[{"embeddable":true,"href":"https:\/\/dibosch.com\/es\/wp-json\/wp\/v2\/media\/24027"}],"wp:attachment":[{"href":"https:\/\/dibosch.com\/es\/wp-json\/wp\/v2\/media?parent=14248"}],"wp:term":[{"taxonomy":"product_brand","embeddable":true,"href":"https:\/\/dibosch.com\/es\/wp-json\/wp\/v2\/product_brand?post=14248"},{"taxonomy":"product_cat","embeddable":true,"href":"https:\/\/dibosch.com\/es\/wp-json\/wp\/v2\/product_cat?post=14248"},{"taxonomy":"product_tag","embeddable":true,"href":"https:\/\/dibosch.com\/es\/wp-json\/wp\/v2\/product_tag?post=14248"},{"taxonomy":"marcas","embeddable":true,"href":"https:\/\/dibosch.com\/es\/wp-json\/wp\/v2\/marcas?post=14248"},{"taxonomy":"certificats","embeddable":true,"href":"https:\/\/dibosch.com\/es\/wp-json\/wp\/v2\/certificats?post=14248"},{"taxonomy":"caracteristiques","embeddable":true,"href":"https:\/\/dibosch.com\/es\/wp-json\/wp\/v2\/caracteristiques?post=14248"},{"taxonomy":"tipus-productes","embeddable":true,"href":"https:\/\/dibosch.com\/es\/wp-json\/wp\/v2\/tipus-productes?post=14248"},{"taxonomy":"zona-aplicacio","embeddable":true,"href":"https:\/\/dibosch.com\/es\/wp-json\/wp\/v2\/zona-aplicacio?post=14248"},{"taxonomy":"tipus-maquinaria","embeddable":true,"href":"https:\/\/dibosch.com\/es\/wp-json\/wp\/v2\/tipus-maquinaria?post=14248"}],"curies":[{"name":"wp","href":"https:\/\/api.w.org\/{rel}","templated":true}]}}