{"id":14255,"date":"2022-12-07T11:03:20","date_gmt":"2022-12-07T11:03:20","guid":{"rendered":"https:\/\/www.dibosch.com\/producto\/fd-divos-2-20lts\/"},"modified":"2023-07-04T11:42:40","modified_gmt":"2023-07-04T11:42:40","slug":"fd-divos-2-20lts","status":"publish","type":"product","link":"https:\/\/dibosch.com\/es\/producto\/fd-divos-2-20lts\/","title":{"rendered":"FD- DIVOS 2 (20lts) &#8211; DIVERSEY"},"content":{"rendered":"<p><strong>Caracter\u00edsticas del producto:<\/strong><\/p>\n<p>Producto, de baja espuma, formulado a base de \u00e1cidos inorg\u00e1nicos para la limpieza de membranas compatibles.<\/p>\n<p>Altamente efectivo en la remoci\u00f3n de los residuos proteicos e incrustaciones inorg\u00e1nicas, acumulados sobre las membranas.<\/p>\n<p>&nbsp;<\/p>\n<p><strong>Manual de uso:<\/strong><\/p>\n<p>Divos 2 es parte de un programa de limpieza de membranas. Se utiliza generalmente a concentraciones del orden del 0,5-1,0% p\/p (0,4-0,8% v\/v), a temperaturas de 50-60\u00b0C, por espacio de 15-30 minutos.<\/p>\n<p>Las concentraciones exactas son normalmente especificadas por el proveedor del equipo o la membrana; no obstante el personal t\u00e9cnico de Diversey colaborar\u00e1 en la optimizaci\u00f3n del proceso de limpieza.<\/p>\n<p>Las soluciones de Divos 2 deben ser enjuagadas con agua potable hasta eliminar acidez de las superficies que entran en contacto con alimentos.<\/p>\n<p>&nbsp;<\/p>\n<p><strong>Indicado para:<\/strong><\/p>\n<p>Usado para la remoci\u00f3n de dep\u00f3sitos calc\u00e1reos y proteicos en industrias procesadoras de alimentos, l\u00e1cteas, bebidas y farmac\u00e9uticas.<\/p>\n","protected":false},"excerpt":{"rendered":"<p>Desincrustante \u00e1cido para membranas UF, NF y RO<\/p>\n","protected":false},"featured_media":21363,"comment_status":"closed","ping_status":"closed","template":"","meta":[],"product_brand":[],"product_cat":[715,757,689],"product_tag":[],"marcas":[],"certificats":[],"caracteristiques":[],"tipus-productes":[],"zona-aplicacio":[],"tipus-maquinaria":[],"class_list":{"0":"post-14255","1":"product","2":"type-product","3":"status-publish","4":"has-post-thumbnail","6":"product_cat-especificos-para-industria-alimentaria","7":"product_cat-limpieza-especifica-manual","8":"product_cat-productos-de-limpieza","10":"first","11":"instock","12":"product-type-simple"},"_links":{"self":[{"href":"https:\/\/dibosch.com\/es\/wp-json\/wp\/v2\/product\/14255","targetHints":{"allow":["GET"]}}],"collection":[{"href":"https:\/\/dibosch.com\/es\/wp-json\/wp\/v2\/product"}],"about":[{"href":"https:\/\/dibosch.com\/es\/wp-json\/wp\/v2\/types\/product"}],"replies":[{"embeddable":true,"href":"https:\/\/dibosch.com\/es\/wp-json\/wp\/v2\/comments?post=14255"}],"wp:featuredmedia":[{"embeddable":true,"href":"https:\/\/dibosch.com\/es\/wp-json\/wp\/v2\/media\/21363"}],"wp:attachment":[{"href":"https:\/\/dibosch.com\/es\/wp-json\/wp\/v2\/media?parent=14255"}],"wp:term":[{"taxonomy":"product_brand","embeddable":true,"href":"https:\/\/dibosch.com\/es\/wp-json\/wp\/v2\/product_brand?post=14255"},{"taxonomy":"product_cat","embeddable":true,"href":"https:\/\/dibosch.com\/es\/wp-json\/wp\/v2\/product_cat?post=14255"},{"taxonomy":"product_tag","embeddable":true,"href":"https:\/\/dibosch.com\/es\/wp-json\/wp\/v2\/product_tag?post=14255"},{"taxonomy":"marcas","embeddable":true,"href":"https:\/\/dibosch.com\/es\/wp-json\/wp\/v2\/marcas?post=14255"},{"taxonomy":"certificats","embeddable":true,"href":"https:\/\/dibosch.com\/es\/wp-json\/wp\/v2\/certificats?post=14255"},{"taxonomy":"caracteristiques","embeddable":true,"href":"https:\/\/dibosch.com\/es\/wp-json\/wp\/v2\/caracteristiques?post=14255"},{"taxonomy":"tipus-productes","embeddable":true,"href":"https:\/\/dibosch.com\/es\/wp-json\/wp\/v2\/tipus-productes?post=14255"},{"taxonomy":"zona-aplicacio","embeddable":true,"href":"https:\/\/dibosch.com\/es\/wp-json\/wp\/v2\/zona-aplicacio?post=14255"},{"taxonomy":"tipus-maquinaria","embeddable":true,"href":"https:\/\/dibosch.com\/es\/wp-json\/wp\/v2\/tipus-maquinaria?post=14255"}],"curies":[{"name":"wp","href":"https:\/\/api.w.org\/{rel}","templated":true}]}}