{"id":14284,"date":"2022-12-07T11:07:43","date_gmt":"2022-12-07T11:07:43","guid":{"rendered":"https:\/\/www.dibosch.com\/producto\/m-aspirador-d-m3\/"},"modified":"2024-04-09T09:38:28","modified_gmt":"2024-04-09T09:38:28","slug":"m-aspirador-d-m3","status":"publish","type":"product","link":"https:\/\/dibosch.com\/es\/producto\/m-aspirador-d-m3\/","title":{"rendered":"ASPIRADOR D\/M3 &#8211; DELFIN"},"content":{"rendered":"<p>3 potentes motores monof\u00e1sicos, un filtro con gran superficie de 3 m\u00b2 y 100 litros de capacidad del contenedor lo hacen adecuado y seguro para cualquier aplicaci\u00f3n industrial de polvo, s\u00f3lidos o incluso l\u00edquidos mixtos.<\/p>\n<p>El dise\u00f1o a la vanguardia y la comodidad para colocar los accesorios le convierten en una herramienta f\u00e1cil de usar.<\/p>\n<p>Tambi\u00e9n disponible con suministro de aire comprimido.<\/p>\n<p>&nbsp;<\/p>\n<p>&nbsp;<\/p>\n<p>&nbsp;<\/p>\n<div><strong>*Precio base sujeto a disponibilidad (Sin IVA) Consultar complementos incluidos.<\/strong><\/div>\n<div>\n<div>\n<div><\/div>\n<\/div>\n<\/div>\n","protected":false},"excerpt":{"rendered":"<p>Tensi\u00f3n: 220V | Puede: 3,45 kW|Superficie filtrante 30.000 cm\u00b2 | Depresi\u00f3n 2500 mmH?O | Caudal: 540 m?\/h | Capacidad 100 l | pulso | accesorios excluidos<\/p>\n","protected":false},"featured_media":11447,"comment_status":"closed","ping_status":"closed","template":"","meta":[],"product_brand":[],"product_cat":[1176,1185,578,577],"product_tag":[],"marcas":[915],"certificats":[],"caracteristiques":[],"tipus-productes":[],"zona-aplicacio":[],"tipus-maquinaria":[],"class_list":{"0":"post-14284","1":"product","2":"type-product","3":"status-publish","4":"has-post-thumbnail","6":"product_cat-aspirador-industrial-virutas-metalicas","7":"product_cat-aspiradoras-industriales-aire-comprimido","8":"product_cat-aspiradores-industriales","9":"product_cat-maquinas","10":"marcas-delfin-es","12":"first","13":"instock","14":"purchasable","15":"product-type-simple"},"_links":{"self":[{"href":"https:\/\/dibosch.com\/es\/wp-json\/wp\/v2\/product\/14284","targetHints":{"allow":["GET"]}}],"collection":[{"href":"https:\/\/dibosch.com\/es\/wp-json\/wp\/v2\/product"}],"about":[{"href":"https:\/\/dibosch.com\/es\/wp-json\/wp\/v2\/types\/product"}],"replies":[{"embeddable":true,"href":"https:\/\/dibosch.com\/es\/wp-json\/wp\/v2\/comments?post=14284"}],"wp:featuredmedia":[{"embeddable":true,"href":"https:\/\/dibosch.com\/es\/wp-json\/wp\/v2\/media\/11447"}],"wp:attachment":[{"href":"https:\/\/dibosch.com\/es\/wp-json\/wp\/v2\/media?parent=14284"}],"wp:term":[{"taxonomy":"product_brand","embeddable":true,"href":"https:\/\/dibosch.com\/es\/wp-json\/wp\/v2\/product_brand?post=14284"},{"taxonomy":"product_cat","embeddable":true,"href":"https:\/\/dibosch.com\/es\/wp-json\/wp\/v2\/product_cat?post=14284"},{"taxonomy":"product_tag","embeddable":true,"href":"https:\/\/dibosch.com\/es\/wp-json\/wp\/v2\/product_tag?post=14284"},{"taxonomy":"marcas","embeddable":true,"href":"https:\/\/dibosch.com\/es\/wp-json\/wp\/v2\/marcas?post=14284"},{"taxonomy":"certificats","embeddable":true,"href":"https:\/\/dibosch.com\/es\/wp-json\/wp\/v2\/certificats?post=14284"},{"taxonomy":"caracteristiques","embeddable":true,"href":"https:\/\/dibosch.com\/es\/wp-json\/wp\/v2\/caracteristiques?post=14284"},{"taxonomy":"tipus-productes","embeddable":true,"href":"https:\/\/dibosch.com\/es\/wp-json\/wp\/v2\/tipus-productes?post=14284"},{"taxonomy":"zona-aplicacio","embeddable":true,"href":"https:\/\/dibosch.com\/es\/wp-json\/wp\/v2\/zona-aplicacio?post=14284"},{"taxonomy":"tipus-maquinaria","embeddable":true,"href":"https:\/\/dibosch.com\/es\/wp-json\/wp\/v2\/tipus-maquinaria?post=14284"}],"curies":[{"name":"wp","href":"https:\/\/api.w.org\/{rel}","templated":true}]}}