{"id":14304,"date":"2022-12-07T11:08:02","date_gmt":"2022-12-07T11:08:02","guid":{"rendered":"https:\/\/www.dibosch.com\/producto\/m-suciwax-balance-bp5\/"},"modified":"2023-06-27T14:23:06","modified_gmt":"2023-06-27T14:23:06","slug":"m-suciwax-balance-bp5","status":"publish","type":"product","link":"https:\/\/dibosch.com\/es\/producto\/m-suciwax-balance-bp5\/","title":{"rendered":"SUCIWAX BALANCE BP5 &#8211; SUCITESA"},"content":{"rendered":"<p><strong>Caracter\u00edsticas del producto:<\/strong><\/p>\n<p>Autobrillante. Facilita la limpieza y el mantenimiento. Resistente al tr\u00e1fico y al fregado. No resbala ni marca pisadas. Cuida y protege el pavimento, proporcionando un brillo intenso y duradero. Buena respuesta al pulimentado a partir de la segunda aplicaci\u00f3n.<\/p>\n<p>&nbsp;<\/p>\n<p><strong>Modo de empleo:<\/strong><\/p>\n<p>USO MANUAL. Aplicar 25-30 gr\/m2 de producto sobre la superficie. Extender de forma homog\u00e9nea mediante una mopa o aplicador de ceras. Dejar secar completamente (20- 30 minutos), antes de pisar. La aplicaci\u00f3n de una segunda capa en direcci\u00f3n perpendicular, incrementa el brillo y la protecci\u00f3n del suelo.<\/p>\n<p>SISTEMA ROTOSPRAY. Llenar el equipo pulverizador de la rotativa con el producto. Trabajar con la rotativa de alta velocidad provista de un PAD adecuado.<\/p>\n<p>&nbsp;<\/p>\n<p><strong>Indicado para:<\/strong><\/p>\n<p>Suelos. Terrazo, m\u00e1rmol, cer\u00e1mica, baldosas y similares. Vinilo, PVC, caucho y tambi\u00e9n linoleum.<\/p>\n","protected":false},"excerpt":{"rendered":"<p>Abrillantador suelos pl\u00e1sticos.<\/p>\n","protected":false},"featured_media":10732,"comment_status":"closed","ping_status":"closed","template":"","meta":[],"product_brand":[],"product_cat":[689,1280,765,766],"product_tag":[],"marcas":[922],"certificats":[],"caracteristiques":[],"tipus-productes":[],"zona-aplicacio":[],"tipus-maquinaria":[],"class_list":{"0":"post-14304","1":"product","2":"type-product","3":"status-publish","4":"has-post-thumbnail","6":"product_cat-productos-de-limpieza","7":"product_cat-productos-para-dar-brillo-al-suelo","8":"product_cat-quimicos-maquinaria","9":"product_cat-recubrimientos-auto-brillantes","10":"marcas-sucitesa-es","12":"first","13":"instock","14":"product-type-simple"},"_links":{"self":[{"href":"https:\/\/dibosch.com\/es\/wp-json\/wp\/v2\/product\/14304","targetHints":{"allow":["GET"]}}],"collection":[{"href":"https:\/\/dibosch.com\/es\/wp-json\/wp\/v2\/product"}],"about":[{"href":"https:\/\/dibosch.com\/es\/wp-json\/wp\/v2\/types\/product"}],"replies":[{"embeddable":true,"href":"https:\/\/dibosch.com\/es\/wp-json\/wp\/v2\/comments?post=14304"}],"wp:featuredmedia":[{"embeddable":true,"href":"https:\/\/dibosch.com\/es\/wp-json\/wp\/v2\/media\/10732"}],"wp:attachment":[{"href":"https:\/\/dibosch.com\/es\/wp-json\/wp\/v2\/media?parent=14304"}],"wp:term":[{"taxonomy":"product_brand","embeddable":true,"href":"https:\/\/dibosch.com\/es\/wp-json\/wp\/v2\/product_brand?post=14304"},{"taxonomy":"product_cat","embeddable":true,"href":"https:\/\/dibosch.com\/es\/wp-json\/wp\/v2\/product_cat?post=14304"},{"taxonomy":"product_tag","embeddable":true,"href":"https:\/\/dibosch.com\/es\/wp-json\/wp\/v2\/product_tag?post=14304"},{"taxonomy":"marcas","embeddable":true,"href":"https:\/\/dibosch.com\/es\/wp-json\/wp\/v2\/marcas?post=14304"},{"taxonomy":"certificats","embeddable":true,"href":"https:\/\/dibosch.com\/es\/wp-json\/wp\/v2\/certificats?post=14304"},{"taxonomy":"caracteristiques","embeddable":true,"href":"https:\/\/dibosch.com\/es\/wp-json\/wp\/v2\/caracteristiques?post=14304"},{"taxonomy":"tipus-productes","embeddable":true,"href":"https:\/\/dibosch.com\/es\/wp-json\/wp\/v2\/tipus-productes?post=14304"},{"taxonomy":"zona-aplicacio","embeddable":true,"href":"https:\/\/dibosch.com\/es\/wp-json\/wp\/v2\/zona-aplicacio?post=14304"},{"taxonomy":"tipus-maquinaria","embeddable":true,"href":"https:\/\/dibosch.com\/es\/wp-json\/wp\/v2\/tipus-maquinaria?post=14304"}],"curies":[{"name":"wp","href":"https:\/\/api.w.org\/{rel}","templated":true}]}}