{"id":14306,"date":"2022-12-07T11:08:09","date_gmt":"2022-12-07T11:08:09","guid":{"rendered":"https:\/\/www.dibosch.com\/producto\/rull-drap-de-cocina-negra\/"},"modified":"2023-07-10T11:34:45","modified_gmt":"2023-07-10T11:34:45","slug":"rull-drap-de-cocina-negro","status":"publish","type":"product","link":"https:\/\/dibosch.com\/es\/producto\/rull-drap-de-cocina-negro\/","title":{"rendered":"RULL PA\u00d1O DE COCINA NEGRO"},"content":{"rendered":"<p><strong>Descripci\u00f3n de producto:<\/strong><\/p>\n<p>Pa\u00f1o 100% de algod\u00f3n<\/p>\n<p>Estos pa\u00f1os de cocina est\u00e1n fabricados \u00edntegramente con fibras naturales y con acabados t\u00e9cnicos e innovadores, ofreciendo as\u00ed una soluci\u00f3n textil sostenible y profesional apta para cualquier espacio de limpieza en su d\u00eda a d\u00eda.<\/p>\n<p>&nbsp;<\/p>\n<p><strong>\u00c1rea de aplicaci\u00f3n:<\/strong><\/p>\n<p>Ideales para el lavado, secado y abrillantado de cristaler\u00eda, vajilla y cubiertos.<\/p>\n","protected":false},"excerpt":{"rendered":"<p>10 unidades por rollo. Medidas del precorte: 40&#215;64<\/p>\n","protected":false},"featured_media":21677,"comment_status":"closed","ping_status":"closed","template":"","meta":[],"product_brand":[],"product_cat":[753,713,684],"product_tag":[],"marcas":[],"certificats":[],"caracteristiques":[],"tipus-productes":[],"zona-aplicacio":[],"tipus-maquinaria":[],"class_list":{"0":"post-14306","1":"product","2":"type-product","3":"status-publish","4":"has-post-thumbnail","6":"product_cat-bayetas-y-panos","7":"product_cat-utensilios","8":"product_cat-utiles-de-limpieza","10":"first","11":"instock","12":"product-type-simple"},"_links":{"self":[{"href":"https:\/\/dibosch.com\/es\/wp-json\/wp\/v2\/product\/14306","targetHints":{"allow":["GET"]}}],"collection":[{"href":"https:\/\/dibosch.com\/es\/wp-json\/wp\/v2\/product"}],"about":[{"href":"https:\/\/dibosch.com\/es\/wp-json\/wp\/v2\/types\/product"}],"replies":[{"embeddable":true,"href":"https:\/\/dibosch.com\/es\/wp-json\/wp\/v2\/comments?post=14306"}],"wp:featuredmedia":[{"embeddable":true,"href":"https:\/\/dibosch.com\/es\/wp-json\/wp\/v2\/media\/21677"}],"wp:attachment":[{"href":"https:\/\/dibosch.com\/es\/wp-json\/wp\/v2\/media?parent=14306"}],"wp:term":[{"taxonomy":"product_brand","embeddable":true,"href":"https:\/\/dibosch.com\/es\/wp-json\/wp\/v2\/product_brand?post=14306"},{"taxonomy":"product_cat","embeddable":true,"href":"https:\/\/dibosch.com\/es\/wp-json\/wp\/v2\/product_cat?post=14306"},{"taxonomy":"product_tag","embeddable":true,"href":"https:\/\/dibosch.com\/es\/wp-json\/wp\/v2\/product_tag?post=14306"},{"taxonomy":"marcas","embeddable":true,"href":"https:\/\/dibosch.com\/es\/wp-json\/wp\/v2\/marcas?post=14306"},{"taxonomy":"certificats","embeddable":true,"href":"https:\/\/dibosch.com\/es\/wp-json\/wp\/v2\/certificats?post=14306"},{"taxonomy":"caracteristiques","embeddable":true,"href":"https:\/\/dibosch.com\/es\/wp-json\/wp\/v2\/caracteristiques?post=14306"},{"taxonomy":"tipus-productes","embeddable":true,"href":"https:\/\/dibosch.com\/es\/wp-json\/wp\/v2\/tipus-productes?post=14306"},{"taxonomy":"zona-aplicacio","embeddable":true,"href":"https:\/\/dibosch.com\/es\/wp-json\/wp\/v2\/zona-aplicacio?post=14306"},{"taxonomy":"tipus-maquinaria","embeddable":true,"href":"https:\/\/dibosch.com\/es\/wp-json\/wp\/v2\/tipus-maquinaria?post=14306"}],"curies":[{"name":"wp","href":"https:\/\/api.w.org\/{rel}","templated":true}]}}