{"id":14315,"date":"2022-12-07T11:08:09","date_gmt":"2022-12-07T11:08:09","guid":{"rendered":"https:\/\/www.dibosch.com\/producto\/m-aspirador-mtl-202-ds-eco-atex\/"},"modified":"2022-12-21T13:14:13","modified_gmt":"2022-12-21T13:14:13","slug":"m-aspirador-mtl-202-ds-eco-atex","status":"publish","type":"product","link":"https:\/\/dibosch.com\/es\/producto\/m-aspirador-mtl-202-ds-eco-atex\/","title":{"rendered":"M- ASPIRADOR MTL 202 DS ECO ATEX"},"content":{"rendered":"<p>El aspirador industrial 202DS ECO est\u00e1 equipado con una poderosa turbina de canal lateral que no requiere mantenimiento.<br \/>\nIdeal para aplicaciones continuas o para aspiraci\u00f3n en el borde de la m\u00e1quina.<\/p>\n<p>Con un filtro de superficie mayor en su categor\u00eda de alta eficiencia y f\u00e1cil sustituci\u00f3n.<br \/>\nConstrucci\u00f3n completa en acero, compacto y m\u00f3vil.<br \/>\nRecipiente de recogida extra\u00edble con el uso opcional de bolsas desechables<\/p>\n<p>Kit accesorios est\u00e1ndar<\/p>\n","protected":false},"excerpt":{"rendered":"<p>El aspirador industrial 202DS ECO est\u00e1 equipado con una poderosa turbina de canal lateral que no requiere mantenimiento. Ideal para aplicaciones continuas o para aspiraci\u00f3n en el borde de la m\u00e1quina. Con un filtro de superficie mayor en su categor\u00eda de alta eficiencia y f\u00e1cil sustituci\u00f3n. Construcci\u00f3n completa en acero, compacto y m\u00f3vil. Recipiente de [&hellip;]<\/p>\n","protected":false},"featured_media":11449,"comment_status":"closed","ping_status":"closed","template":"","meta":[],"product_brand":[],"product_cat":[1192,1165,1184,578,577],"product_tag":[],"marcas":[],"certificats":[],"caracteristiques":[],"tipus-productes":[],"zona-aplicacio":[],"tipus-maquinaria":[],"class_list":{"0":"post-14315","1":"product","2":"type-product","3":"status-publish","4":"has-post-thumbnail","6":"product_cat-aspirador-industrial-obras","7":"product_cat-aspirador-de-polvo-liquido-industrial","8":"product_cat-aspirador-hornos-panaderia","9":"product_cat-aspiradores-industriales","10":"product_cat-maquinas","12":"first","13":"instock","14":"product-type-simple"},"_links":{"self":[{"href":"https:\/\/dibosch.com\/es\/wp-json\/wp\/v2\/product\/14315","targetHints":{"allow":["GET"]}}],"collection":[{"href":"https:\/\/dibosch.com\/es\/wp-json\/wp\/v2\/product"}],"about":[{"href":"https:\/\/dibosch.com\/es\/wp-json\/wp\/v2\/types\/product"}],"replies":[{"embeddable":true,"href":"https:\/\/dibosch.com\/es\/wp-json\/wp\/v2\/comments?post=14315"}],"wp:featuredmedia":[{"embeddable":true,"href":"https:\/\/dibosch.com\/es\/wp-json\/wp\/v2\/media\/11449"}],"wp:attachment":[{"href":"https:\/\/dibosch.com\/es\/wp-json\/wp\/v2\/media?parent=14315"}],"wp:term":[{"taxonomy":"product_brand","embeddable":true,"href":"https:\/\/dibosch.com\/es\/wp-json\/wp\/v2\/product_brand?post=14315"},{"taxonomy":"product_cat","embeddable":true,"href":"https:\/\/dibosch.com\/es\/wp-json\/wp\/v2\/product_cat?post=14315"},{"taxonomy":"product_tag","embeddable":true,"href":"https:\/\/dibosch.com\/es\/wp-json\/wp\/v2\/product_tag?post=14315"},{"taxonomy":"marcas","embeddable":true,"href":"https:\/\/dibosch.com\/es\/wp-json\/wp\/v2\/marcas?post=14315"},{"taxonomy":"certificats","embeddable":true,"href":"https:\/\/dibosch.com\/es\/wp-json\/wp\/v2\/certificats?post=14315"},{"taxonomy":"caracteristiques","embeddable":true,"href":"https:\/\/dibosch.com\/es\/wp-json\/wp\/v2\/caracteristiques?post=14315"},{"taxonomy":"tipus-productes","embeddable":true,"href":"https:\/\/dibosch.com\/es\/wp-json\/wp\/v2\/tipus-productes?post=14315"},{"taxonomy":"zona-aplicacio","embeddable":true,"href":"https:\/\/dibosch.com\/es\/wp-json\/wp\/v2\/zona-aplicacio?post=14315"},{"taxonomy":"tipus-maquinaria","embeddable":true,"href":"https:\/\/dibosch.com\/es\/wp-json\/wp\/v2\/tipus-maquinaria?post=14315"}],"curies":[{"name":"wp","href":"https:\/\/api.w.org\/{rel}","templated":true}]}}