{"id":14362,"date":"2022-12-07T11:09:03","date_gmt":"2022-12-07T11:09:03","guid":{"rendered":"https:\/\/www.dibosch.com\/producto\/recambio-comfort-shower-x24\/"},"modified":"2023-06-26T10:18:04","modified_gmt":"2023-06-26T10:18:04","slug":"repuesto-comfort-shower-x24","status":"publish","type":"product","link":"https:\/\/dibosch.com\/es\/producto\/repuesto-comfort-shower-x24\/","title":{"rendered":"RECAMBIO COMFORT SHOWER (x24) &#8211; SUCITESA"},"content":{"rendered":"<p><strong>Caracter\u00edsticas del producto:<\/strong><\/p>\n<p>F\u00f3rmula dermocompatible, ideal para la higiene completa de la piel y el cabello. Limpia con delicadeza, protege e hidrata. M\u00e1xima suavidad y frescura para un aseo diario c\u00f3modo y r\u00e1pido. Libre de parabenos y siliconas. No testado en animales.<\/p>\n<p>&nbsp;<\/p>\n<p><strong>Modo de empleo:<\/strong><\/p>\n<p>Aplicar una peque\u00f1a cantidad sobre la piel y cabello mojados, masajear para obtener una espuma abundante y enjuagar con agua.<\/p>\n","protected":false},"excerpt":{"rendered":"<p>Gel de ba\u00f1o y ducha enriquecido con Aloe Vera.<\/p>\n","protected":false},"featured_media":9785,"comment_status":"closed","ping_status":"closed","template":"","meta":[],"product_brand":[],"product_cat":[791,689,694],"product_tag":[],"marcas":[922],"certificats":[],"caracteristiques":[],"tipus-productes":[],"zona-aplicacio":[945,948],"tipus-maquinaria":[],"class_list":{"0":"post-14362","1":"product","2":"type-product","3":"status-publish","4":"has-post-thumbnail","6":"product_cat-higiene-corporal-es","7":"product_cat-productos-de-limpieza","8":"product_cat-quimicos","9":"marcas-sucitesa-es","10":"zona-aplicacio-zona-bano","11":"zona-aplicacio-zona-habitaciones","13":"first","14":"instock","15":"product-type-simple"},"_links":{"self":[{"href":"https:\/\/dibosch.com\/es\/wp-json\/wp\/v2\/product\/14362","targetHints":{"allow":["GET"]}}],"collection":[{"href":"https:\/\/dibosch.com\/es\/wp-json\/wp\/v2\/product"}],"about":[{"href":"https:\/\/dibosch.com\/es\/wp-json\/wp\/v2\/types\/product"}],"replies":[{"embeddable":true,"href":"https:\/\/dibosch.com\/es\/wp-json\/wp\/v2\/comments?post=14362"}],"wp:featuredmedia":[{"embeddable":true,"href":"https:\/\/dibosch.com\/es\/wp-json\/wp\/v2\/media\/9785"}],"wp:attachment":[{"href":"https:\/\/dibosch.com\/es\/wp-json\/wp\/v2\/media?parent=14362"}],"wp:term":[{"taxonomy":"product_brand","embeddable":true,"href":"https:\/\/dibosch.com\/es\/wp-json\/wp\/v2\/product_brand?post=14362"},{"taxonomy":"product_cat","embeddable":true,"href":"https:\/\/dibosch.com\/es\/wp-json\/wp\/v2\/product_cat?post=14362"},{"taxonomy":"product_tag","embeddable":true,"href":"https:\/\/dibosch.com\/es\/wp-json\/wp\/v2\/product_tag?post=14362"},{"taxonomy":"marcas","embeddable":true,"href":"https:\/\/dibosch.com\/es\/wp-json\/wp\/v2\/marcas?post=14362"},{"taxonomy":"certificats","embeddable":true,"href":"https:\/\/dibosch.com\/es\/wp-json\/wp\/v2\/certificats?post=14362"},{"taxonomy":"caracteristiques","embeddable":true,"href":"https:\/\/dibosch.com\/es\/wp-json\/wp\/v2\/caracteristiques?post=14362"},{"taxonomy":"tipus-productes","embeddable":true,"href":"https:\/\/dibosch.com\/es\/wp-json\/wp\/v2\/tipus-productes?post=14362"},{"taxonomy":"zona-aplicacio","embeddable":true,"href":"https:\/\/dibosch.com\/es\/wp-json\/wp\/v2\/zona-aplicacio?post=14362"},{"taxonomy":"tipus-maquinaria","embeddable":true,"href":"https:\/\/dibosch.com\/es\/wp-json\/wp\/v2\/tipus-maquinaria?post=14362"}],"curies":[{"name":"wp","href":"https:\/\/api.w.org\/{rel}","templated":true}]}}