{"id":14381,"date":"2022-12-07T11:12:14","date_gmt":"2022-12-07T11:12:14","guid":{"rendered":"https:\/\/www.dibosch.com\/producto\/cepillo-de-ala-azul-20-9-cm-d-st5b\/"},"modified":"2023-08-10T06:30:08","modified_gmt":"2023-08-10T06:30:08","slug":"cepillo-dala-azul-20-9-cm-d-st5b","status":"publish","type":"product","link":"https:\/\/dibosch.com\/es\/producto\/cepillo-dala-azul-20-9-cm-d-st5b\/","title":{"rendered":"CEPILLO DE ALA AZUL 20.9 cm. D &#8211; ST5B &#8211; HILLBRUSH"},"content":{"rendered":"<p><strong>Caracter\u00edsticas del producto:<\/strong><\/p>\n<p>Cepillo exfoliante manual antimicrobiano de doble rigidez de 210 mm con doble ala, relleno de poli\u00e9ster r\u00edgido, conjunto de resina como est\u00e1ndar.<\/p>\n<p>Este resistente exfoliante es c\u00f3modo de sostener y tiene doble ala para una acci\u00f3n de limpieza m\u00e1xima sobre la suciedad incrustada.<\/p>\n<p>A medida que se ejerce presi\u00f3n sobre los extremos, las fibras se separan y llegan a los rincones dif\u00edciles.<\/p>\n","protected":false},"excerpt":{"rendered":"<p>Cepillo de doble ala de 208 mm. Poli\u00e9ster 0,5 mm.<\/p>\n","protected":false},"featured_media":22786,"comment_status":"closed","ping_status":"closed","template":"","meta":[],"product_brand":[],"product_cat":[771,713,684],"product_tag":[],"marcas":[],"certificats":[],"caracteristiques":[],"tipus-productes":[],"zona-aplicacio":[],"tipus-maquinaria":[],"class_list":{"0":"post-14381","1":"product","2":"type-product","3":"status-publish","4":"has-post-thumbnail","6":"product_cat-cepillos-manuales","7":"product_cat-utensilios","8":"product_cat-utiles-de-limpieza","10":"first","11":"instock","12":"product-type-simple"},"_links":{"self":[{"href":"https:\/\/dibosch.com\/es\/wp-json\/wp\/v2\/product\/14381","targetHints":{"allow":["GET"]}}],"collection":[{"href":"https:\/\/dibosch.com\/es\/wp-json\/wp\/v2\/product"}],"about":[{"href":"https:\/\/dibosch.com\/es\/wp-json\/wp\/v2\/types\/product"}],"replies":[{"embeddable":true,"href":"https:\/\/dibosch.com\/es\/wp-json\/wp\/v2\/comments?post=14381"}],"wp:featuredmedia":[{"embeddable":true,"href":"https:\/\/dibosch.com\/es\/wp-json\/wp\/v2\/media\/22786"}],"wp:attachment":[{"href":"https:\/\/dibosch.com\/es\/wp-json\/wp\/v2\/media?parent=14381"}],"wp:term":[{"taxonomy":"product_brand","embeddable":true,"href":"https:\/\/dibosch.com\/es\/wp-json\/wp\/v2\/product_brand?post=14381"},{"taxonomy":"product_cat","embeddable":true,"href":"https:\/\/dibosch.com\/es\/wp-json\/wp\/v2\/product_cat?post=14381"},{"taxonomy":"product_tag","embeddable":true,"href":"https:\/\/dibosch.com\/es\/wp-json\/wp\/v2\/product_tag?post=14381"},{"taxonomy":"marcas","embeddable":true,"href":"https:\/\/dibosch.com\/es\/wp-json\/wp\/v2\/marcas?post=14381"},{"taxonomy":"certificats","embeddable":true,"href":"https:\/\/dibosch.com\/es\/wp-json\/wp\/v2\/certificats?post=14381"},{"taxonomy":"caracteristiques","embeddable":true,"href":"https:\/\/dibosch.com\/es\/wp-json\/wp\/v2\/caracteristiques?post=14381"},{"taxonomy":"tipus-productes","embeddable":true,"href":"https:\/\/dibosch.com\/es\/wp-json\/wp\/v2\/tipus-productes?post=14381"},{"taxonomy":"zona-aplicacio","embeddable":true,"href":"https:\/\/dibosch.com\/es\/wp-json\/wp\/v2\/zona-aplicacio?post=14381"},{"taxonomy":"tipus-maquinaria","embeddable":true,"href":"https:\/\/dibosch.com\/es\/wp-json\/wp\/v2\/tipus-maquinaria?post=14381"}],"curies":[{"name":"wp","href":"https:\/\/api.w.org\/{rel}","templated":true}]}}