{"id":14382,"date":"2022-12-07T11:10:05","date_gmt":"2022-12-07T11:10:05","guid":{"rendered":"https:\/\/www.dibosch.com\/producto\/carro-magic-line-370-basic-182ml370b6c0a\/"},"modified":"2023-08-23T09:15:14","modified_gmt":"2023-08-23T09:15:14","slug":"carro-magic-line-370-basic-182ml370b6c0a","status":"publish","type":"product","link":"https:\/\/dibosch.com\/es\/producto\/carro-magic-line-370-basic-182ml370b6c0a\/","title":{"rendered":"CARRO MAGIC LINE 370 BASIC &#8211; 182ML370B6C0A &#8211; TTS"},"content":{"rendered":"<p><strong>Caracter\u00edsticas del producto:<\/strong><\/p>\n<p>Carro con 3 departamentos: soporte de bolsa 120 L plegable, almacenamiento con caj\u00f3n y fregado con carro doble y prensa<\/p>\n<p>Carro multiuso en polipropileno modular y con accesorios para responder a todas las necesidades de limpieza<\/p>\n<p>Ideal para entornos con problemas de espacio, gracias al carro para el fregado independiente<\/p>\n<p>Higi\u00e9nico: los estantes de material pl\u00e1stico separan los m\u00f3dulos del carro evitando contaminaciones entre las zonas de fregado, almacenaje y recogida de residuos<\/p>\n<p>Robusto: el polipropileno, naturalmente inoxidable y el\u00e1stico, garantiza el rendimiento a prueba de golpes<\/p>\n<p>Modular: componentes y accesorios permiten personalizar el carro para cada necesidad, lo que facilita su actualizaci\u00f3n o reparaci\u00f3n en cualquier momento<\/p>\n","protected":false},"excerpt":{"rendered":"<p>Carro de 4 cubos 3 espacios y portabolsas abatible<\/p>\n","protected":false},"featured_media":23448,"comment_status":"closed","ping_status":"closed","template":"","meta":[],"product_brand":[],"product_cat":[685,705,684],"product_tag":[],"marcas":[917],"certificats":[],"caracteristiques":[],"tipus-productes":[],"zona-aplicacio":[],"tipus-maquinaria":[],"class_list":{"0":"post-14382","1":"product","2":"type-product","3":"status-publish","4":"has-post-thumbnail","6":"product_cat-carros-es","7":"product_cat-carros-de-limpieza","8":"product_cat-utiles-de-limpieza","9":"marcas-tts-es","11":"first","12":"instock","13":"product-type-simple"},"_links":{"self":[{"href":"https:\/\/dibosch.com\/es\/wp-json\/wp\/v2\/product\/14382","targetHints":{"allow":["GET"]}}],"collection":[{"href":"https:\/\/dibosch.com\/es\/wp-json\/wp\/v2\/product"}],"about":[{"href":"https:\/\/dibosch.com\/es\/wp-json\/wp\/v2\/types\/product"}],"replies":[{"embeddable":true,"href":"https:\/\/dibosch.com\/es\/wp-json\/wp\/v2\/comments?post=14382"}],"wp:featuredmedia":[{"embeddable":true,"href":"https:\/\/dibosch.com\/es\/wp-json\/wp\/v2\/media\/23448"}],"wp:attachment":[{"href":"https:\/\/dibosch.com\/es\/wp-json\/wp\/v2\/media?parent=14382"}],"wp:term":[{"taxonomy":"product_brand","embeddable":true,"href":"https:\/\/dibosch.com\/es\/wp-json\/wp\/v2\/product_brand?post=14382"},{"taxonomy":"product_cat","embeddable":true,"href":"https:\/\/dibosch.com\/es\/wp-json\/wp\/v2\/product_cat?post=14382"},{"taxonomy":"product_tag","embeddable":true,"href":"https:\/\/dibosch.com\/es\/wp-json\/wp\/v2\/product_tag?post=14382"},{"taxonomy":"marcas","embeddable":true,"href":"https:\/\/dibosch.com\/es\/wp-json\/wp\/v2\/marcas?post=14382"},{"taxonomy":"certificats","embeddable":true,"href":"https:\/\/dibosch.com\/es\/wp-json\/wp\/v2\/certificats?post=14382"},{"taxonomy":"caracteristiques","embeddable":true,"href":"https:\/\/dibosch.com\/es\/wp-json\/wp\/v2\/caracteristiques?post=14382"},{"taxonomy":"tipus-productes","embeddable":true,"href":"https:\/\/dibosch.com\/es\/wp-json\/wp\/v2\/tipus-productes?post=14382"},{"taxonomy":"zona-aplicacio","embeddable":true,"href":"https:\/\/dibosch.com\/es\/wp-json\/wp\/v2\/zona-aplicacio?post=14382"},{"taxonomy":"tipus-maquinaria","embeddable":true,"href":"https:\/\/dibosch.com\/es\/wp-json\/wp\/v2\/tipus-maquinaria?post=14382"}],"curies":[{"name":"wp","href":"https:\/\/api.w.org\/{rel}","templated":true}]}}