{"id":14387,"date":"2022-12-07T11:09:27","date_gmt":"2022-12-07T11:09:27","guid":{"rendered":"https:\/\/www.dibosch.com\/producto\/bastidor-uni-system-40x11-00000870y\/"},"modified":"2023-07-14T10:32:57","modified_gmt":"2023-07-14T10:32:57","slug":"bastidor-uni-system-40x11-00000870y","status":"publish","type":"product","link":"https:\/\/dibosch.com\/es\/producto\/bastidor-uni-system-40x11-00000870y\/","title":{"rendered":"BASTIDOR UNI SYSTEM 40&#215;11 00000870Y &#8211; TTS"},"content":{"rendered":"<p><strong>Caracter\u00edsticas del producto:<\/strong><\/p>\n<p>Bastidor Uni System en poliamida con Block System<\/p>\n<p>Sistema plano con micro aletas, se utiliza con prensa de rodillo, de labio o de libro<\/p>\n<p>Ideal para la limpieza profesional de alto rendimiento<\/p>\n<p>Ligero: el sistema es ligero y reduce el esfuerzo de los operarios<\/p>\n<p>Pr\u00e1ctico: los recambios son f\u00e1ciles de colocar al bastidor gracias al mecanismo de enganche facilitado<\/p>\n<p>Ergon\u00f3mico: el dise\u00f1o ergon\u00f3mico del bastidor asegura una f\u00e1cil utilizaci\u00f3n de la herramienta<\/p>\n","protected":false},"excerpt":{"rendered":"<p>Caracter\u00edsticas del producto: Bastidor Uni System en poliamida con Block System Sistema plano con micro aletas, se utiliza con prensa de rodillo, de labio o de libro Ideal para la limpieza profesional de alto rendimiento Ligero: el sistema es ligero y reduce el esfuerzo de los operarios Pr\u00e1ctico: los recambios son f\u00e1ciles de colocar al [&hellip;]<\/p>\n","protected":false},"featured_media":21974,"comment_status":"closed","ping_status":"closed","template":"","meta":[],"product_brand":[],"product_cat":[714,713,684],"product_tag":[],"marcas":[917],"certificats":[],"caracteristiques":[],"tipus-productes":[],"zona-aplicacio":[],"tipus-maquinaria":[],"class_list":{"0":"post-14387","1":"product","2":"type-product","3":"status-publish","4":"has-post-thumbnail","6":"product_cat-mopas","7":"product_cat-utensilios","8":"product_cat-utiles-de-limpieza","9":"marcas-tts-es","11":"first","12":"instock","13":"product-type-simple"},"_links":{"self":[{"href":"https:\/\/dibosch.com\/es\/wp-json\/wp\/v2\/product\/14387","targetHints":{"allow":["GET"]}}],"collection":[{"href":"https:\/\/dibosch.com\/es\/wp-json\/wp\/v2\/product"}],"about":[{"href":"https:\/\/dibosch.com\/es\/wp-json\/wp\/v2\/types\/product"}],"replies":[{"embeddable":true,"href":"https:\/\/dibosch.com\/es\/wp-json\/wp\/v2\/comments?post=14387"}],"wp:featuredmedia":[{"embeddable":true,"href":"https:\/\/dibosch.com\/es\/wp-json\/wp\/v2\/media\/21974"}],"wp:attachment":[{"href":"https:\/\/dibosch.com\/es\/wp-json\/wp\/v2\/media?parent=14387"}],"wp:term":[{"taxonomy":"product_brand","embeddable":true,"href":"https:\/\/dibosch.com\/es\/wp-json\/wp\/v2\/product_brand?post=14387"},{"taxonomy":"product_cat","embeddable":true,"href":"https:\/\/dibosch.com\/es\/wp-json\/wp\/v2\/product_cat?post=14387"},{"taxonomy":"product_tag","embeddable":true,"href":"https:\/\/dibosch.com\/es\/wp-json\/wp\/v2\/product_tag?post=14387"},{"taxonomy":"marcas","embeddable":true,"href":"https:\/\/dibosch.com\/es\/wp-json\/wp\/v2\/marcas?post=14387"},{"taxonomy":"certificats","embeddable":true,"href":"https:\/\/dibosch.com\/es\/wp-json\/wp\/v2\/certificats?post=14387"},{"taxonomy":"caracteristiques","embeddable":true,"href":"https:\/\/dibosch.com\/es\/wp-json\/wp\/v2\/caracteristiques?post=14387"},{"taxonomy":"tipus-productes","embeddable":true,"href":"https:\/\/dibosch.com\/es\/wp-json\/wp\/v2\/tipus-productes?post=14387"},{"taxonomy":"zona-aplicacio","embeddable":true,"href":"https:\/\/dibosch.com\/es\/wp-json\/wp\/v2\/zona-aplicacio?post=14387"},{"taxonomy":"tipus-maquinaria","embeddable":true,"href":"https:\/\/dibosch.com\/es\/wp-json\/wp\/v2\/tipus-maquinaria?post=14387"}],"curies":[{"name":"wp","href":"https:\/\/api.w.org\/{rel}","templated":true}]}}