{"id":14388,"date":"2022-12-07T11:09:47","date_gmt":"2022-12-07T11:09:47","guid":{"rendered":"https:\/\/www.dibosch.com\/producto\/cepillo-pared-blanco-27-5-cm-bo-b1056w\/"},"modified":"2023-08-10T07:53:34","modified_gmt":"2023-08-10T07:53:34","slug":"cepillo-pared-blanco-27-5-cm-bueno-b1056w","status":"publish","type":"product","link":"https:\/\/dibosch.com\/es\/producto\/cepillo-pared-blanco-27-5-cm-bueno-b1056w\/","title":{"rendered":"CEPILLO PARED BLANCO 27.5 cm BO &#8211; B1056W &#8211; HILLBRUSH"},"content":{"rendered":"<p><strong>Caracter\u00edsticas del producto:<\/strong><\/p>\n<p>Cepillo de pared, 275 mm, bloque de polipropileno (s\u00f3lo blanco), con un relleno excepcionalmente denso de fino poli\u00e9ster ondulado, que retiene muy bien el agua y la libera lentamente, lo que lo convierte en un cepillo de lavado ideal.<\/p>\n<p>Tiene una buena distribuci\u00f3n lateral, bordes redondeados para evitar rayones y una cara ligeramente curva para adaptarse mejor a las superficies irregulares.<\/p>\n<p>Con su empu\u00f1adura en \u00e1ngulo muy agudo, es ideal para el ba\u00f1ado de paredes, o para los laterales de los veh\u00edculos.<\/p>\n<p>El B1056 se puede usar solo o se puede conectar a una manguera usando nuestras manijas de flujo de agua y accesorios.<\/p>\n<p>No hay opci\u00f3n de set de resina.<\/p>\n","protected":false},"excerpt":{"rendered":"<p>Cepillo de pared, 275 mm, bloque de polipropileno con un relleno excepcionalmente denso de fino poli\u00e9ster ondulado, que retiene muy bien el agua y lo libera lentamente que lo convierte en un cepillo de lavado idea<\/p>\n","protected":false},"featured_media":22827,"comment_status":"closed","ping_status":"closed","template":"","meta":[],"product_brand":[],"product_cat":[759,713,684],"product_tag":[],"marcas":[],"certificats":[],"caracteristiques":[],"tipus-productes":[],"zona-aplicacio":[],"tipus-maquinaria":[],"class_list":{"0":"post-14388","1":"product","2":"type-product","3":"status-publish","4":"has-post-thumbnail","6":"product_cat-cepillos-pavimentos","7":"product_cat-utensilios","8":"product_cat-utiles-de-limpieza","10":"first","11":"instock","12":"product-type-simple"},"_links":{"self":[{"href":"https:\/\/dibosch.com\/es\/wp-json\/wp\/v2\/product\/14388","targetHints":{"allow":["GET"]}}],"collection":[{"href":"https:\/\/dibosch.com\/es\/wp-json\/wp\/v2\/product"}],"about":[{"href":"https:\/\/dibosch.com\/es\/wp-json\/wp\/v2\/types\/product"}],"replies":[{"embeddable":true,"href":"https:\/\/dibosch.com\/es\/wp-json\/wp\/v2\/comments?post=14388"}],"wp:featuredmedia":[{"embeddable":true,"href":"https:\/\/dibosch.com\/es\/wp-json\/wp\/v2\/media\/22827"}],"wp:attachment":[{"href":"https:\/\/dibosch.com\/es\/wp-json\/wp\/v2\/media?parent=14388"}],"wp:term":[{"taxonomy":"product_brand","embeddable":true,"href":"https:\/\/dibosch.com\/es\/wp-json\/wp\/v2\/product_brand?post=14388"},{"taxonomy":"product_cat","embeddable":true,"href":"https:\/\/dibosch.com\/es\/wp-json\/wp\/v2\/product_cat?post=14388"},{"taxonomy":"product_tag","embeddable":true,"href":"https:\/\/dibosch.com\/es\/wp-json\/wp\/v2\/product_tag?post=14388"},{"taxonomy":"marcas","embeddable":true,"href":"https:\/\/dibosch.com\/es\/wp-json\/wp\/v2\/marcas?post=14388"},{"taxonomy":"certificats","embeddable":true,"href":"https:\/\/dibosch.com\/es\/wp-json\/wp\/v2\/certificats?post=14388"},{"taxonomy":"caracteristiques","embeddable":true,"href":"https:\/\/dibosch.com\/es\/wp-json\/wp\/v2\/caracteristiques?post=14388"},{"taxonomy":"tipus-productes","embeddable":true,"href":"https:\/\/dibosch.com\/es\/wp-json\/wp\/v2\/tipus-productes?post=14388"},{"taxonomy":"zona-aplicacio","embeddable":true,"href":"https:\/\/dibosch.com\/es\/wp-json\/wp\/v2\/zona-aplicacio?post=14388"},{"taxonomy":"tipus-maquinaria","embeddable":true,"href":"https:\/\/dibosch.com\/es\/wp-json\/wp\/v2\/tipus-maquinaria?post=14388"}],"curies":[{"name":"wp","href":"https:\/\/api.w.org\/{rel}","templated":true}]}}