{"id":14392,"date":"2022-12-07T11:09:16","date_gmt":"2022-12-07T11:09:16","guid":{"rendered":"https:\/\/www.dibosch.com\/producto\/goma-autosecante-400mm-verde-plsq400g\/"},"modified":"2023-08-07T11:35:01","modified_gmt":"2023-08-07T11:35:01","slug":"goma-autosecante-400mm-verde-plsq400g","status":"publish","type":"product","link":"https:\/\/dibosch.com\/es\/producto\/goma-autosecante-400mm-verde-plsq400g\/","title":{"rendered":"GOMA AUTOSECANTE 400mm VERDE PLSQ400G &#8211; HILLBRUSH"},"content":{"rendered":"<p><strong>Caracter\u00edsticas del producto:<\/strong><\/p>\n<p>Limpiacristales de 400 mm, con doble l\u00e1mina de goma Duraflex\u2122.<\/p>\n<p>Este caucho es especialmente duradero, flexible y tiene buena elasticidad, y est\u00e1 aprobado por la FDA\/UE para el contacto con alimentos.<\/p>\n<p>La hoja de goma viene en un casete, que se puede invertir f\u00e1cilmente para lograr un desgaste uniforme y una vida \u00fatil m\u00e1s larga, y se puede reemplazar por completo cuando se desgasta (ver CAS6).<\/p>\n<p>El marco es de polipropileno grueso y resistente, dise\u00f1ado con superficies lisas y f\u00e1ciles de limpiar.<\/p>\n<p>Esta escobilla de goma es buena en el \u00e1rea de procesamiento de alimentos y en cualquier ambiente interior.<\/p>\n<p>Esterilizable en autoclave a 134C.<\/p>\n","protected":false},"excerpt":{"rendered":"<p>Recogedor de agua de 40 cm de color verde.<\/p>\n","protected":false},"featured_media":22581,"comment_status":"closed","ping_status":"closed","template":"","meta":[],"product_brand":[],"product_cat":[755,713,684],"product_tag":[],"marcas":[],"certificats":[],"caracteristiques":[],"tipus-productes":[],"zona-aplicacio":[],"tipus-maquinaria":[],"class_list":{"0":"post-14392","1":"product","2":"type-product","3":"status-publish","4":"has-post-thumbnail","6":"product_cat-gomas-secantes","7":"product_cat-utensilios","8":"product_cat-utiles-de-limpieza","10":"first","11":"instock","12":"product-type-simple"},"_links":{"self":[{"href":"https:\/\/dibosch.com\/es\/wp-json\/wp\/v2\/product\/14392","targetHints":{"allow":["GET"]}}],"collection":[{"href":"https:\/\/dibosch.com\/es\/wp-json\/wp\/v2\/product"}],"about":[{"href":"https:\/\/dibosch.com\/es\/wp-json\/wp\/v2\/types\/product"}],"replies":[{"embeddable":true,"href":"https:\/\/dibosch.com\/es\/wp-json\/wp\/v2\/comments?post=14392"}],"wp:featuredmedia":[{"embeddable":true,"href":"https:\/\/dibosch.com\/es\/wp-json\/wp\/v2\/media\/22581"}],"wp:attachment":[{"href":"https:\/\/dibosch.com\/es\/wp-json\/wp\/v2\/media?parent=14392"}],"wp:term":[{"taxonomy":"product_brand","embeddable":true,"href":"https:\/\/dibosch.com\/es\/wp-json\/wp\/v2\/product_brand?post=14392"},{"taxonomy":"product_cat","embeddable":true,"href":"https:\/\/dibosch.com\/es\/wp-json\/wp\/v2\/product_cat?post=14392"},{"taxonomy":"product_tag","embeddable":true,"href":"https:\/\/dibosch.com\/es\/wp-json\/wp\/v2\/product_tag?post=14392"},{"taxonomy":"marcas","embeddable":true,"href":"https:\/\/dibosch.com\/es\/wp-json\/wp\/v2\/marcas?post=14392"},{"taxonomy":"certificats","embeddable":true,"href":"https:\/\/dibosch.com\/es\/wp-json\/wp\/v2\/certificats?post=14392"},{"taxonomy":"caracteristiques","embeddable":true,"href":"https:\/\/dibosch.com\/es\/wp-json\/wp\/v2\/caracteristiques?post=14392"},{"taxonomy":"tipus-productes","embeddable":true,"href":"https:\/\/dibosch.com\/es\/wp-json\/wp\/v2\/tipus-productes?post=14392"},{"taxonomy":"zona-aplicacio","embeddable":true,"href":"https:\/\/dibosch.com\/es\/wp-json\/wp\/v2\/zona-aplicacio?post=14392"},{"taxonomy":"tipus-maquinaria","embeddable":true,"href":"https:\/\/dibosch.com\/es\/wp-json\/wp\/v2\/tipus-maquinaria?post=14392"}],"curies":[{"name":"wp","href":"https:\/\/api.w.org\/{rel}","templated":true}]}}