{"id":14400,"date":"2022-12-07T11:09:54","date_gmt":"2022-12-07T11:09:54","guid":{"rendered":"https:\/\/www.dibosch.com\/producto\/fd-solo-vc-27-bp20\/"},"modified":"2023-07-03T06:47:59","modified_gmt":"2023-07-03T06:47:59","slug":"fd-solo-vc-27-bp20","status":"publish","type":"product","link":"https:\/\/dibosch.com\/es\/producto\/fd-solo-vc-27-bp20\/","title":{"rendered":"FD- SOLO VC 27 BP20 &#8211; DIVERSEY"},"content":{"rendered":"<p><strong>Caracter\u00edsticas del producto:<\/strong><\/p>\n<p>Detergente l\u00edquido c\u00e1ustico de baja espuma, adecuado en aguas duras, de bajo punto de congelaci\u00f3n, para aplicaciones CIP con intercambio de calor.<\/p>\n<p>Se utiliza en procesos CIP de pase \u00fanico donde se recuperan las soluciones y en un amplio rango de aplicaciones incluidas tambi\u00e9n las superficies fr\u00edas.<\/p>\n<p>&nbsp;<\/p>\n<p><strong>Modo de uso:<\/strong><\/p>\n<p>Solo se usa normalmente para CIP a 0,5-2,5% p\/p (0,4-1,8% v\/v) a un rango de temperaturas entre 60-90\u00b0C dependiendo de la aplicaci\u00f3n y tipo de suciedad.<\/p>\n<p>Las soluciones que contengan Solo deben aclararse abundantemente tras su uso para eliminarlas de las superficies en contacto con alimentos y bebidas.<\/p>\n<p>&nbsp;<\/p>\n<p><strong>Indicado para:<\/strong><\/p>\n<p>Puede ser utilizado en un amplio rango de aplicaciones en la Industria L\u00e1ctea, como por ejemplo, equipos HTST, homogeneizadores, tanques de almacenamiento, de mezcla y maduraci\u00f3n usados en la fabricaci\u00f3n de helados.<\/p>\n<p>Tambi\u00e9n puede ser usado en un amplio rango de aplicaciones en la Industria de Alimentaci\u00f3n y Bebidas, como por ejemplo, en evaporadores de vegetales en las plantas de alimentos procesado<\/p>\n","protected":false},"excerpt":{"rendered":"<p>Detergente alcalino tolerante a bajas temperaturas de ciclo monof\u00e1sico.<\/p>\n","protected":false},"featured_media":21260,"comment_status":"closed","ping_status":"closed","template":"","meta":[],"product_brand":[],"product_cat":[773,715,689],"product_tag":[],"marcas":[],"certificats":[],"caracteristiques":[],"tipus-productes":[],"zona-aplicacio":[],"tipus-maquinaria":[],"class_list":{"0":"post-14400","1":"product","2":"type-product","3":"status-publish","4":"has-post-thumbnail","6":"product_cat-alcalinos-no-espumante-cip","7":"product_cat-especificos-para-industria-alimentaria","8":"product_cat-productos-de-limpieza","10":"first","11":"instock","12":"product-type-simple"},"_links":{"self":[{"href":"https:\/\/dibosch.com\/es\/wp-json\/wp\/v2\/product\/14400","targetHints":{"allow":["GET"]}}],"collection":[{"href":"https:\/\/dibosch.com\/es\/wp-json\/wp\/v2\/product"}],"about":[{"href":"https:\/\/dibosch.com\/es\/wp-json\/wp\/v2\/types\/product"}],"replies":[{"embeddable":true,"href":"https:\/\/dibosch.com\/es\/wp-json\/wp\/v2\/comments?post=14400"}],"wp:featuredmedia":[{"embeddable":true,"href":"https:\/\/dibosch.com\/es\/wp-json\/wp\/v2\/media\/21260"}],"wp:attachment":[{"href":"https:\/\/dibosch.com\/es\/wp-json\/wp\/v2\/media?parent=14400"}],"wp:term":[{"taxonomy":"product_brand","embeddable":true,"href":"https:\/\/dibosch.com\/es\/wp-json\/wp\/v2\/product_brand?post=14400"},{"taxonomy":"product_cat","embeddable":true,"href":"https:\/\/dibosch.com\/es\/wp-json\/wp\/v2\/product_cat?post=14400"},{"taxonomy":"product_tag","embeddable":true,"href":"https:\/\/dibosch.com\/es\/wp-json\/wp\/v2\/product_tag?post=14400"},{"taxonomy":"marcas","embeddable":true,"href":"https:\/\/dibosch.com\/es\/wp-json\/wp\/v2\/marcas?post=14400"},{"taxonomy":"certificats","embeddable":true,"href":"https:\/\/dibosch.com\/es\/wp-json\/wp\/v2\/certificats?post=14400"},{"taxonomy":"caracteristiques","embeddable":true,"href":"https:\/\/dibosch.com\/es\/wp-json\/wp\/v2\/caracteristiques?post=14400"},{"taxonomy":"tipus-productes","embeddable":true,"href":"https:\/\/dibosch.com\/es\/wp-json\/wp\/v2\/tipus-productes?post=14400"},{"taxonomy":"zona-aplicacio","embeddable":true,"href":"https:\/\/dibosch.com\/es\/wp-json\/wp\/v2\/zona-aplicacio?post=14400"},{"taxonomy":"tipus-maquinaria","embeddable":true,"href":"https:\/\/dibosch.com\/es\/wp-json\/wp\/v2\/tipus-maquinaria?post=14400"}],"curies":[{"name":"wp","href":"https:\/\/api.w.org\/{rel}","templated":true}]}}