{"id":14405,"date":"2022-12-07T11:09:33","date_gmt":"2022-12-07T11:09:33","guid":{"rendered":"https:\/\/www.dibosch.com\/producto\/barrita-negra-es0010b\/"},"modified":"2023-08-10T07:21:36","modified_gmt":"2023-08-10T07:21:36","slug":"escobilla-negro-es0010b","status":"publish","type":"product","link":"https:\/\/dibosch.com\/es\/producto\/escobilla-negro-es0010b\/","title":{"rendered":"BARRITA NEGRA ES0010B &#8211; MEDICLINICS"},"content":{"rendered":"<p><strong>Caracter\u00edsticas del producto:<\/strong><\/p>\n<p>Escobilla de ba\u00f1o, para apoyarse directamente en el suelo o adosarse a la pared, fabricado en aluminio.<\/p>\n<p>Apto tanto para espacios p\u00fablicos, como para el hogar. Modelo apto para colectividades.<\/p>\n<p>Robusto, resistente y de gran durabilidad.<\/p>\n<p>Muy higi\u00e9nico gracias a su tapa que evita los malos olores en el ba\u00f1o.<\/p>\n<p>Superficie del conjunto muy f\u00e1cil de limpiar.<\/p>\n<p>Ayuda a mantener el ba\u00f1o higi\u00e9nico y ordenado.<\/p>\n<p>Se suministra con los tacos y los tornillos para montar en la pared.<\/p>\n","protected":false},"excerpt":{"rendered":"<p>Caracter\u00edsticas del producto: Escobilla de ba\u00f1o, para apoyarse directamente en el suelo o adosarse a la pared, fabricado en aluminio. Apto tanto para espacios p\u00fablicos, como para el hogar. Modelo apto para colectividades. Robusto, resistente y de gran durabilidad. Muy higi\u00e9nico gracias a su tapa que evita los malos olores en el ba\u00f1o. Superficie del [&hellip;]<\/p>\n","protected":false},"featured_media":22805,"comment_status":"closed","ping_status":"closed","template":"","meta":[],"product_brand":[],"product_cat":[707,687],"product_tag":[],"marcas":[],"certificats":[],"caracteristiques":[],"tipus-productes":[],"zona-aplicacio":[],"tipus-maquinaria":[],"class_list":{"0":"post-14405","1":"product","2":"type-product","3":"status-publish","4":"has-post-thumbnail","6":"product_cat-accesorios","7":"product_cat-equipamientos","9":"first","10":"instock","11":"product-type-simple"},"_links":{"self":[{"href":"https:\/\/dibosch.com\/es\/wp-json\/wp\/v2\/product\/14405","targetHints":{"allow":["GET"]}}],"collection":[{"href":"https:\/\/dibosch.com\/es\/wp-json\/wp\/v2\/product"}],"about":[{"href":"https:\/\/dibosch.com\/es\/wp-json\/wp\/v2\/types\/product"}],"replies":[{"embeddable":true,"href":"https:\/\/dibosch.com\/es\/wp-json\/wp\/v2\/comments?post=14405"}],"wp:featuredmedia":[{"embeddable":true,"href":"https:\/\/dibosch.com\/es\/wp-json\/wp\/v2\/media\/22805"}],"wp:attachment":[{"href":"https:\/\/dibosch.com\/es\/wp-json\/wp\/v2\/media?parent=14405"}],"wp:term":[{"taxonomy":"product_brand","embeddable":true,"href":"https:\/\/dibosch.com\/es\/wp-json\/wp\/v2\/product_brand?post=14405"},{"taxonomy":"product_cat","embeddable":true,"href":"https:\/\/dibosch.com\/es\/wp-json\/wp\/v2\/product_cat?post=14405"},{"taxonomy":"product_tag","embeddable":true,"href":"https:\/\/dibosch.com\/es\/wp-json\/wp\/v2\/product_tag?post=14405"},{"taxonomy":"marcas","embeddable":true,"href":"https:\/\/dibosch.com\/es\/wp-json\/wp\/v2\/marcas?post=14405"},{"taxonomy":"certificats","embeddable":true,"href":"https:\/\/dibosch.com\/es\/wp-json\/wp\/v2\/certificats?post=14405"},{"taxonomy":"caracteristiques","embeddable":true,"href":"https:\/\/dibosch.com\/es\/wp-json\/wp\/v2\/caracteristiques?post=14405"},{"taxonomy":"tipus-productes","embeddable":true,"href":"https:\/\/dibosch.com\/es\/wp-json\/wp\/v2\/tipus-productes?post=14405"},{"taxonomy":"zona-aplicacio","embeddable":true,"href":"https:\/\/dibosch.com\/es\/wp-json\/wp\/v2\/zona-aplicacio?post=14405"},{"taxonomy":"tipus-maquinaria","embeddable":true,"href":"https:\/\/dibosch.com\/es\/wp-json\/wp\/v2\/tipus-maquinaria?post=14405"}],"curies":[{"name":"wp","href":"https:\/\/api.w.org\/{rel}","templated":true}]}}