{"id":14408,"date":"2022-12-07T11:09:44","date_gmt":"2022-12-07T11:09:44","guid":{"rendered":"https:\/\/www.dibosch.com\/producto\/d-500-plus-bp1000\/"},"modified":"2025-09-24T06:58:16","modified_gmt":"2025-09-24T06:58:16","slug":"d-500-plus-bp1000","status":"publish","type":"product","link":"https:\/\/dibosch.com\/es\/producto\/d-500-plus-bp1000\/","title":{"rendered":"D-500 PLUS BP1000 &#8211; SUCITESA"},"content":{"rendered":"<p>Limpiador desincrustante para WC. Con amonios cuaternarios<\/p>\n<p>Limpia y desodoriza. Elimina incrustaciones, \u00f3xido y suciedad. Efecto ambientador. Gran adherencia y efectividad.<\/p>\n<p>Garantiza \u00f3ptimas condiciones higi\u00e9nicas. Viscosidad adecuada para una c\u00f3moda dosificaci\u00f3n. Acci\u00f3n r\u00e1pida.<\/p>\n","protected":false},"excerpt":{"rendered":"<p>Limpiador desincrustante para WC. Con amonios cuaternarios Limpia y desodoriza. Elimina incrustaciones, \u00f3xido y suciedad. Efecto ambientador. Gran adherencia y efectividad. Garantiza \u00f3ptimas condiciones higi\u00e9nicas. Viscosidad adecuada para una c\u00f3moda dosificaci\u00f3n. Acci\u00f3n r\u00e1pida.<\/p>\n","protected":false},"featured_media":9697,"comment_status":"closed","ping_status":"closed","template":"","meta":[],"product_brand":[],"product_cat":[689,734,694],"product_tag":[],"marcas":[922],"certificats":[],"caracteristiques":[],"tipus-productes":[],"zona-aplicacio":[945],"tipus-maquinaria":[],"class_list":{"0":"post-14408","1":"product","2":"type-product","3":"status-publish","4":"has-post-thumbnail","6":"product_cat-productos-de-limpieza","7":"product_cat-desincrustantes-y-antical","8":"product_cat-quimicos","9":"marcas-sucitesa-es","10":"zona-aplicacio-zona-bano","12":"first","13":"instock","14":"product-type-simple"},"_links":{"self":[{"href":"https:\/\/dibosch.com\/es\/wp-json\/wp\/v2\/product\/14408","targetHints":{"allow":["GET"]}}],"collection":[{"href":"https:\/\/dibosch.com\/es\/wp-json\/wp\/v2\/product"}],"about":[{"href":"https:\/\/dibosch.com\/es\/wp-json\/wp\/v2\/types\/product"}],"replies":[{"embeddable":true,"href":"https:\/\/dibosch.com\/es\/wp-json\/wp\/v2\/comments?post=14408"}],"wp:featuredmedia":[{"embeddable":true,"href":"https:\/\/dibosch.com\/es\/wp-json\/wp\/v2\/media\/9697"}],"wp:attachment":[{"href":"https:\/\/dibosch.com\/es\/wp-json\/wp\/v2\/media?parent=14408"}],"wp:term":[{"taxonomy":"product_brand","embeddable":true,"href":"https:\/\/dibosch.com\/es\/wp-json\/wp\/v2\/product_brand?post=14408"},{"taxonomy":"product_cat","embeddable":true,"href":"https:\/\/dibosch.com\/es\/wp-json\/wp\/v2\/product_cat?post=14408"},{"taxonomy":"product_tag","embeddable":true,"href":"https:\/\/dibosch.com\/es\/wp-json\/wp\/v2\/product_tag?post=14408"},{"taxonomy":"marcas","embeddable":true,"href":"https:\/\/dibosch.com\/es\/wp-json\/wp\/v2\/marcas?post=14408"},{"taxonomy":"certificats","embeddable":true,"href":"https:\/\/dibosch.com\/es\/wp-json\/wp\/v2\/certificats?post=14408"},{"taxonomy":"caracteristiques","embeddable":true,"href":"https:\/\/dibosch.com\/es\/wp-json\/wp\/v2\/caracteristiques?post=14408"},{"taxonomy":"tipus-productes","embeddable":true,"href":"https:\/\/dibosch.com\/es\/wp-json\/wp\/v2\/tipus-productes?post=14408"},{"taxonomy":"zona-aplicacio","embeddable":true,"href":"https:\/\/dibosch.com\/es\/wp-json\/wp\/v2\/zona-aplicacio?post=14408"},{"taxonomy":"tipus-maquinaria","embeddable":true,"href":"https:\/\/dibosch.com\/es\/wp-json\/wp\/v2\/tipus-maquinaria?post=14408"}],"curies":[{"name":"wp","href":"https:\/\/api.w.org\/{rel}","templated":true}]}}