{"id":14409,"date":"2022-12-07T11:09:59","date_gmt":"2022-12-07T11:09:59","guid":{"rendered":"https:\/\/www.dibosch.com\/producto\/m-baby-cpl\/"},"modified":"2024-11-14T11:17:40","modified_gmt":"2024-11-14T11:17:40","slug":"m-baby-cpl","status":"publish","type":"product","link":"https:\/\/dibosch.com\/es\/producto\/m-baby-cpl\/","title":{"rendered":"M- BABY CPL &#8211; KLINDEX"},"content":{"rendered":"<p>Mono cepillo compacta y ligera estudiada para abrillantar escaleras, desempe\u00f1os y espacios estrechos. Las ruedas esf\u00e9ricas, con regulaci\u00f3n independiente de la altura, permiten el apoyo perfecto sobre cualquier escalera.<\/p>\n<p>Se pueden usar los discos de arrastre y cepillos 330mm o 280mm.<\/p>\n<p>El potente motor de 1,7 HP permite a BABY de utilizar tambi\u00e9n el PLANETARIO K1000\/800 CLASSIC para alisar espacios estrechos como desempe\u00f1os, ba\u00f1os y cocinas.<\/p>\n","protected":false},"excerpt":{"rendered":"<p>Ancho: 250 &#8211; 330 mm |Bot: 1.300W | Incluye cepillo, plato de goma y dep\u00f3sito de 12 l. Especial escaleras.<\/p>\n","protected":false},"featured_media":24857,"comment_status":"closed","ping_status":"closed","template":"","meta":[],"product_brand":[],"product_cat":[577,778],"product_tag":[],"marcas":[927],"certificats":[],"caracteristiques":[],"tipus-productes":[],"zona-aplicacio":[],"tipus-maquinaria":[],"class_list":{"0":"post-14409","1":"product","2":"type-product","3":"status-publish","4":"has-post-thumbnail","6":"product_cat-maquinas","7":"product_cat-rotativas","8":"marcas-klindex-es","10":"first","11":"instock","12":"product-type-simple"},"_links":{"self":[{"href":"https:\/\/dibosch.com\/es\/wp-json\/wp\/v2\/product\/14409","targetHints":{"allow":["GET"]}}],"collection":[{"href":"https:\/\/dibosch.com\/es\/wp-json\/wp\/v2\/product"}],"about":[{"href":"https:\/\/dibosch.com\/es\/wp-json\/wp\/v2\/types\/product"}],"replies":[{"embeddable":true,"href":"https:\/\/dibosch.com\/es\/wp-json\/wp\/v2\/comments?post=14409"}],"wp:featuredmedia":[{"embeddable":true,"href":"https:\/\/dibosch.com\/es\/wp-json\/wp\/v2\/media\/24857"}],"wp:attachment":[{"href":"https:\/\/dibosch.com\/es\/wp-json\/wp\/v2\/media?parent=14409"}],"wp:term":[{"taxonomy":"product_brand","embeddable":true,"href":"https:\/\/dibosch.com\/es\/wp-json\/wp\/v2\/product_brand?post=14409"},{"taxonomy":"product_cat","embeddable":true,"href":"https:\/\/dibosch.com\/es\/wp-json\/wp\/v2\/product_cat?post=14409"},{"taxonomy":"product_tag","embeddable":true,"href":"https:\/\/dibosch.com\/es\/wp-json\/wp\/v2\/product_tag?post=14409"},{"taxonomy":"marcas","embeddable":true,"href":"https:\/\/dibosch.com\/es\/wp-json\/wp\/v2\/marcas?post=14409"},{"taxonomy":"certificats","embeddable":true,"href":"https:\/\/dibosch.com\/es\/wp-json\/wp\/v2\/certificats?post=14409"},{"taxonomy":"caracteristiques","embeddable":true,"href":"https:\/\/dibosch.com\/es\/wp-json\/wp\/v2\/caracteristiques?post=14409"},{"taxonomy":"tipus-productes","embeddable":true,"href":"https:\/\/dibosch.com\/es\/wp-json\/wp\/v2\/tipus-productes?post=14409"},{"taxonomy":"zona-aplicacio","embeddable":true,"href":"https:\/\/dibosch.com\/es\/wp-json\/wp\/v2\/zona-aplicacio?post=14409"},{"taxonomy":"tipus-maquinaria","embeddable":true,"href":"https:\/\/dibosch.com\/es\/wp-json\/wp\/v2\/tipus-maquinaria?post=14409"}],"curies":[{"name":"wp","href":"https:\/\/api.w.org\/{rel}","templated":true}]}}