{"id":14422,"date":"2022-12-07T11:12:23","date_gmt":"2022-12-07T11:12:23","guid":{"rendered":"https:\/\/www.dibosch.com\/producto\/fregona-microcott-vileda\/"},"modified":"2023-07-14T09:36:23","modified_gmt":"2023-07-14T09:36:23","slug":"fregona-microcott-vileda","status":"publish","type":"product","link":"https:\/\/dibosch.com\/es\/producto\/fregona-microcott-vileda\/","title":{"rendered":"FREGONA MICROCOTT &#8211; VILEDA"},"content":{"rendered":"<p><strong>Caracter\u00edsticas del producto:<\/strong><\/p>\n<p>Esta fregona est\u00e1 compuesta en un 50% de algod\u00f3n (tiras de color gris), que le proporciona mayor absorci\u00f3n, resistencia y durabilidad, y en un 50% de microfibras (tiras de color blanco).<\/p>\n<p>Esta composici\u00f3n le da mayor capacidad limpiadora, siendo m\u00e1s eficaz para la captaci\u00f3n de part\u00edculas y retirada de suciedad, adem\u00e1s de favorecer al r\u00e1pido secado por una liberaci\u00f3n de l\u00edquido m\u00e1s eficaz tanto en el escurrido como en el fregado.<\/p>\n<p>Es un sistema perfecto para la limpieza en h\u00famedo de peque\u00f1as \u00e1reas: oficinas, tiendas, cuartos de ba\u00f1o, cafeter\u00edas, habitaciones de hotel, incluso para uso particular, ya que es una fregona que no deja rastros.<\/p>\n<p>Cuenta tambi\u00e9n con cabezal de color azul y con forma oval, que nos va a permitir poder acceder mejor a todos los rincones y esquinas.<\/p>\n","protected":false},"excerpt":{"rendered":"<p>Fregona de algod\u00f3n y microfibras resistentes.<\/p>\n","protected":false},"featured_media":27375,"comment_status":"closed","ping_status":"closed","template":"","meta":[],"product_brand":[],"product_cat":[775,713,684],"product_tag":[],"marcas":[928],"certificats":[],"caracteristiques":[],"tipus-productes":[],"zona-aplicacio":[],"tipus-maquinaria":[],"class_list":{"0":"post-14422","1":"product","2":"type-product","3":"status-publish","4":"has-post-thumbnail","6":"product_cat-fregones-es","7":"product_cat-utensilios","8":"product_cat-utiles-de-limpieza","9":"marcas-vileda-es","11":"first","12":"instock","13":"product-type-simple"},"_links":{"self":[{"href":"https:\/\/dibosch.com\/es\/wp-json\/wp\/v2\/product\/14422","targetHints":{"allow":["GET"]}}],"collection":[{"href":"https:\/\/dibosch.com\/es\/wp-json\/wp\/v2\/product"}],"about":[{"href":"https:\/\/dibosch.com\/es\/wp-json\/wp\/v2\/types\/product"}],"replies":[{"embeddable":true,"href":"https:\/\/dibosch.com\/es\/wp-json\/wp\/v2\/comments?post=14422"}],"wp:featuredmedia":[{"embeddable":true,"href":"https:\/\/dibosch.com\/es\/wp-json\/wp\/v2\/media\/27375"}],"wp:attachment":[{"href":"https:\/\/dibosch.com\/es\/wp-json\/wp\/v2\/media?parent=14422"}],"wp:term":[{"taxonomy":"product_brand","embeddable":true,"href":"https:\/\/dibosch.com\/es\/wp-json\/wp\/v2\/product_brand?post=14422"},{"taxonomy":"product_cat","embeddable":true,"href":"https:\/\/dibosch.com\/es\/wp-json\/wp\/v2\/product_cat?post=14422"},{"taxonomy":"product_tag","embeddable":true,"href":"https:\/\/dibosch.com\/es\/wp-json\/wp\/v2\/product_tag?post=14422"},{"taxonomy":"marcas","embeddable":true,"href":"https:\/\/dibosch.com\/es\/wp-json\/wp\/v2\/marcas?post=14422"},{"taxonomy":"certificats","embeddable":true,"href":"https:\/\/dibosch.com\/es\/wp-json\/wp\/v2\/certificats?post=14422"},{"taxonomy":"caracteristiques","embeddable":true,"href":"https:\/\/dibosch.com\/es\/wp-json\/wp\/v2\/caracteristiques?post=14422"},{"taxonomy":"tipus-productes","embeddable":true,"href":"https:\/\/dibosch.com\/es\/wp-json\/wp\/v2\/tipus-productes?post=14422"},{"taxonomy":"zona-aplicacio","embeddable":true,"href":"https:\/\/dibosch.com\/es\/wp-json\/wp\/v2\/zona-aplicacio?post=14422"},{"taxonomy":"tipus-maquinaria","embeddable":true,"href":"https:\/\/dibosch.com\/es\/wp-json\/wp\/v2\/tipus-maquinaria?post=14422"}],"curies":[{"name":"wp","href":"https:\/\/api.w.org\/{rel}","templated":true}]}}