{"id":14436,"date":"2022-12-07T11:12:23","date_gmt":"2022-12-07T11:12:23","guid":{"rendered":"https:\/\/www.dibosch.com\/producto\/quickstar-vileda-roja-x5\/"},"modified":"2023-07-10T11:05:20","modified_gmt":"2023-07-10T11:05:20","slug":"quickstar-villa-roja-x5","status":"publish","type":"product","link":"https:\/\/dibosch.com\/es\/producto\/quickstar-villa-roja-x5\/","title":{"rendered":"QUICKSTAR VILEDA ROJA (x5) &#8211; VILEDA"},"content":{"rendered":"<p><strong>Descripci\u00f3n de producto:<\/strong><\/p>\n<p>Es una bayeta fabricada \u00edntegramente con filamento continuo de microfibra.<\/p>\n<p>Sus propiedades \u00fanicas son un excelente rendimiento en limpieza gracias a la elevada eficacia mec\u00e1nica y unos acabados inmejorables, sin marcas de agua ni rastros de fibras.<\/p>\n<p>Quickstar es muy resistente frente a la mayor\u00eda de qu\u00edmicos como desinfectantes, surfactantes, etc.<\/p>\n<p>La elevada capacidad limpiadora y los acabados libres de marcas en un solo paso, ahorran tiempo y esfuerzos.<\/p>\n<p>Manejo r\u00e1pido y sin resistencia gracias a la baja fricci\u00f3n.<\/p>\n<p>&nbsp;<\/p>\n<p><strong>\u00c1rea de aplicaci\u00f3n:<\/strong><\/p>\n<p>El c\u00f3digo de colores permite aplicar un proceso de limpieza por \u00e1reas de acuerdo a los est\u00e1ndares.<\/p>\n<p>Lavable a 95\u00baC y autolavable.<\/p>\n","protected":false},"excerpt":{"rendered":"<p>Descripci\u00f3n de producto: Es una bayeta fabricada \u00edntegramente con filamento continuo de microfibra. Sus propiedades \u00fanicas son un excelente rendimiento en limpieza gracias a la elevada eficacia mec\u00e1nica y unos acabados inmejorables, sin marcas de agua ni rastros de fibras. Quickstar es muy resistente frente a la mayor\u00eda de qu\u00edmicos como desinfectantes, surfactantes, etc. La [&hellip;]<\/p>\n","protected":false},"featured_media":21666,"comment_status":"closed","ping_status":"closed","template":"","meta":[],"product_brand":[],"product_cat":[753,713,684],"product_tag":[],"marcas":[928],"certificats":[],"caracteristiques":[],"tipus-productes":[],"zona-aplicacio":[],"tipus-maquinaria":[],"class_list":{"0":"post-14436","1":"product","2":"type-product","3":"status-publish","4":"has-post-thumbnail","6":"product_cat-bayetas-y-panos","7":"product_cat-utensilios","8":"product_cat-utiles-de-limpieza","9":"marcas-vileda-es","11":"first","12":"instock","13":"product-type-simple"},"_links":{"self":[{"href":"https:\/\/dibosch.com\/es\/wp-json\/wp\/v2\/product\/14436","targetHints":{"allow":["GET"]}}],"collection":[{"href":"https:\/\/dibosch.com\/es\/wp-json\/wp\/v2\/product"}],"about":[{"href":"https:\/\/dibosch.com\/es\/wp-json\/wp\/v2\/types\/product"}],"replies":[{"embeddable":true,"href":"https:\/\/dibosch.com\/es\/wp-json\/wp\/v2\/comments?post=14436"}],"wp:featuredmedia":[{"embeddable":true,"href":"https:\/\/dibosch.com\/es\/wp-json\/wp\/v2\/media\/21666"}],"wp:attachment":[{"href":"https:\/\/dibosch.com\/es\/wp-json\/wp\/v2\/media?parent=14436"}],"wp:term":[{"taxonomy":"product_brand","embeddable":true,"href":"https:\/\/dibosch.com\/es\/wp-json\/wp\/v2\/product_brand?post=14436"},{"taxonomy":"product_cat","embeddable":true,"href":"https:\/\/dibosch.com\/es\/wp-json\/wp\/v2\/product_cat?post=14436"},{"taxonomy":"product_tag","embeddable":true,"href":"https:\/\/dibosch.com\/es\/wp-json\/wp\/v2\/product_tag?post=14436"},{"taxonomy":"marcas","embeddable":true,"href":"https:\/\/dibosch.com\/es\/wp-json\/wp\/v2\/marcas?post=14436"},{"taxonomy":"certificats","embeddable":true,"href":"https:\/\/dibosch.com\/es\/wp-json\/wp\/v2\/certificats?post=14436"},{"taxonomy":"caracteristiques","embeddable":true,"href":"https:\/\/dibosch.com\/es\/wp-json\/wp\/v2\/caracteristiques?post=14436"},{"taxonomy":"tipus-productes","embeddable":true,"href":"https:\/\/dibosch.com\/es\/wp-json\/wp\/v2\/tipus-productes?post=14436"},{"taxonomy":"zona-aplicacio","embeddable":true,"href":"https:\/\/dibosch.com\/es\/wp-json\/wp\/v2\/zona-aplicacio?post=14436"},{"taxonomy":"tipus-maquinaria","embeddable":true,"href":"https:\/\/dibosch.com\/es\/wp-json\/wp\/v2\/tipus-maquinaria?post=14436"}],"curies":[{"name":"wp","href":"https:\/\/api.w.org\/{rel}","templated":true}]}}