{"id":14442,"date":"2022-12-07T11:12:56","date_gmt":"2022-12-07T11:12:56","guid":{"rendered":"https:\/\/www.dibosch.com\/producto\/m-fregadora-innova-55b\/"},"modified":"2025-09-24T09:50:49","modified_gmt":"2025-09-24T09:50:49","slug":"m-fregadora-innova-55b","status":"publish","type":"product","link":"https:\/\/dibosch.com\/es\/producto\/m-fregadora-innova-55b\/","title":{"rendered":"FREGADORA INNOVA 55 &#8211; COMAC"},"content":{"rendered":"<p>Innova 55 es la fregadora de <a href=\"https:\/\/dibosch.com\/es\/marcas\/comac-es\/\">COMAC<\/a> pavimentos hombre a bordo que multiplica la productividad y reduce a la mitad los tiempos con respecto a una fregadoras de pavimentos hombre a pie. Comac ha dise\u00f1ado este modelo para que sea muy conveniente: con la misma inversi\u00f3n pensada para una fregadora con operador apeado, Innova 55 resulta ser m\u00e1s c\u00f3moda y r\u00e1pida.<\/p>\n<p>Las dimensiones ultracompactas confieren a esta fregadora de pavimentos la manejabilidad necesaria para poder trabajar en espacios estrechos, salvando los obst\u00e1culos con facilidad y realizando r\u00e1pidamente las intervenciones de limpieza, con un notable ahorro en el coste de la limpieza. Por eso, Innova 55 es la mejor soluci\u00f3n para la limpieza de pavimentos de hospitales, sanatorios, escuelas, centros deportivos, supermercados y oficinas.<\/p>\n<p>&nbsp;<\/p>\n<p><strong>DATOS T\u00c9CNICOS <\/strong><\/p>\n<p>Productividad te\u00f3rica (hasta m\u00b2\/h) 3080<br \/>\nPista de fregado (mm) 560<br \/>\nCepillos cantidad y tipo 1 \u2013 Disco<br \/>\nCepillos \u00d8 (mm) 560<br \/>\nPresi\u00f3n en el cepillo (m\u00edn. &#8211; m\u00e1x.) (kg) 15<br \/>\nTanque soluci\u00f3n (l) 65<br \/>\nTanque de recuperaci\u00f3n (l) 75<br \/>\nAlimentaci\u00f3n\/tracci\u00f3n (V) 24\/aut.<br \/>\nAutonom\u00eda de hasta (h) 3<br \/>\nDimensiones m\u00e1quina (L x h x a) (mm) 1265x1030x600<br \/>\nAnchura boquilla de aspiraci\u00f3n (mm) 705<br \/>\nPeso m\u00e1quina en trabajo (GVW) (kg) 335<br \/>\nNivel de presi\u00f3n sonora (ISO 11201 &#8211; dB (A)) &lt;63<\/p>\n<p>&nbsp;<\/p>\n<p><strong>CARACTER\u00cdSTICAS FREGADORAS DE PAVIMENTOS INNOVA 55 <\/strong><\/p>\n<ul>\n<li>Conducci\u00f3n intuitiva y mandos sencillos<\/li>\n<li>Volante de inspiraci\u00f3n automovil\u00edstica para que sea sumamente f\u00e1cil de utilizar<\/li>\n<li>Direcci\u00f3n ligera y suave para aumentar la maniobrabilidad<\/li>\n<\/ul>\n<p>&nbsp;<\/p>\n<p>Consultar accesorios incluidos en el precio.<\/p>\n","protected":false},"excerpt":{"rendered":"<p>Fregadora de superficies de hasta 4500 m\u00b2.<\/p>\n","protected":false},"featured_media":30199,"comment_status":"closed","ping_status":"closed","template":"","meta":[],"product_brand":[],"product_cat":[731,729,777,988,810,577],"product_tag":[],"marcas":[916],"certificats":[],"caracteristiques":[],"tipus-productes":[],"zona-aplicacio":[950,949,955,946],"tipus-maquinaria":[],"class_list":{"0":"post-14442","1":"product","2":"type-product","3":"status-publish","4":"has-post-thumbnail","6":"product_cat-baterias","7":"product_cat-circular","8":"product_cat-fregadoras-a-bordo","9":"product_cat-fregadoras-comac","10":"product_cat-fregadora-es","11":"product_cat-maquinas","12":"marcas-comac-es","13":"zona-aplicacio-zona-manipulacion-de-alimentos-industria","14":"zona-aplicacio-zona-produccion-y-talleres","15":"zona-aplicacio-zona-sanitaria","16":"zona-aplicacio-zonas-comunes","18":"first","19":"instock","20":"purchasable","21":"product-type-simple"},"_links":{"self":[{"href":"https:\/\/dibosch.com\/es\/wp-json\/wp\/v2\/product\/14442","targetHints":{"allow":["GET"]}}],"collection":[{"href":"https:\/\/dibosch.com\/es\/wp-json\/wp\/v2\/product"}],"about":[{"href":"https:\/\/dibosch.com\/es\/wp-json\/wp\/v2\/types\/product"}],"replies":[{"embeddable":true,"href":"https:\/\/dibosch.com\/es\/wp-json\/wp\/v2\/comments?post=14442"}],"wp:featuredmedia":[{"embeddable":true,"href":"https:\/\/dibosch.com\/es\/wp-json\/wp\/v2\/media\/30199"}],"wp:attachment":[{"href":"https:\/\/dibosch.com\/es\/wp-json\/wp\/v2\/media?parent=14442"}],"wp:term":[{"taxonomy":"product_brand","embeddable":true,"href":"https:\/\/dibosch.com\/es\/wp-json\/wp\/v2\/product_brand?post=14442"},{"taxonomy":"product_cat","embeddable":true,"href":"https:\/\/dibosch.com\/es\/wp-json\/wp\/v2\/product_cat?post=14442"},{"taxonomy":"product_tag","embeddable":true,"href":"https:\/\/dibosch.com\/es\/wp-json\/wp\/v2\/product_tag?post=14442"},{"taxonomy":"marcas","embeddable":true,"href":"https:\/\/dibosch.com\/es\/wp-json\/wp\/v2\/marcas?post=14442"},{"taxonomy":"certificats","embeddable":true,"href":"https:\/\/dibosch.com\/es\/wp-json\/wp\/v2\/certificats?post=14442"},{"taxonomy":"caracteristiques","embeddable":true,"href":"https:\/\/dibosch.com\/es\/wp-json\/wp\/v2\/caracteristiques?post=14442"},{"taxonomy":"tipus-productes","embeddable":true,"href":"https:\/\/dibosch.com\/es\/wp-json\/wp\/v2\/tipus-productes?post=14442"},{"taxonomy":"zona-aplicacio","embeddable":true,"href":"https:\/\/dibosch.com\/es\/wp-json\/wp\/v2\/zona-aplicacio?post=14442"},{"taxonomy":"tipus-maquinaria","embeddable":true,"href":"https:\/\/dibosch.com\/es\/wp-json\/wp\/v2\/tipus-maquinaria?post=14442"}],"curies":[{"name":"wp","href":"https:\/\/api.w.org\/{rel}","templated":true}]}}