{"id":14463,"date":"2022-12-07T11:13:01","date_gmt":"2022-12-07T11:13:01","guid":{"rendered":"https:\/\/www.dibosch.com\/producto\/gms-sweeper\/"},"modified":"2023-07-14T11:22:24","modified_gmt":"2023-07-14T11:22:24","slug":"gms-sweeper","status":"publish","type":"product","link":"https:\/\/dibosch.com\/es\/producto\/gms-sweeper\/","title":{"rendered":"GMS SWEEPER &#8211; SUCITESA"},"content":{"rendered":"<p><strong>Descripci\u00f3n de producto:<\/strong><\/p>\n<p>Caracter\u00edsticas del producto:<\/p>\n<p>Barrido de suelos con mopa y pa\u00f1o desechable. Atrae y retiene el polvo y la suciedad. Aplicaci\u00f3n c\u00f3moda y f\u00e1cil.<\/p>\n<p>Anclaje de Bolsillos:. Colocar la mopa en el soporte cuidando que las solapas se ajusten correctamente.<\/p>\n<p>Barrido h\u00famedo:. Pulverizar el producto sobre la mopa o gamuza. Esperar unos instantes y proceder a la limpieza.<\/p>\n<p>Anclaje de tiras:. Colocar la mopa en el soporte fijando las tiras en los clips. Pulverizar el producto sobre la mopa o gamuza. Esperar unos instantes y proceder a la limpieza<\/p>\n","protected":false},"excerpt":{"rendered":"<p>Equipo completo para barrido en seco con mopa.<\/p>\n","protected":false},"featured_media":21997,"comment_status":"closed","ping_status":"closed","template":"","meta":[],"product_brand":[],"product_cat":[714,713,684],"product_tag":[],"marcas":[922],"certificats":[],"caracteristiques":[],"tipus-productes":[],"zona-aplicacio":[],"tipus-maquinaria":[],"class_list":{"0":"post-14463","1":"product","2":"type-product","3":"status-publish","4":"has-post-thumbnail","6":"product_cat-mopas","7":"product_cat-utensilios","8":"product_cat-utiles-de-limpieza","9":"marcas-sucitesa-es","11":"first","12":"instock","13":"product-type-simple"},"_links":{"self":[{"href":"https:\/\/dibosch.com\/es\/wp-json\/wp\/v2\/product\/14463","targetHints":{"allow":["GET"]}}],"collection":[{"href":"https:\/\/dibosch.com\/es\/wp-json\/wp\/v2\/product"}],"about":[{"href":"https:\/\/dibosch.com\/es\/wp-json\/wp\/v2\/types\/product"}],"replies":[{"embeddable":true,"href":"https:\/\/dibosch.com\/es\/wp-json\/wp\/v2\/comments?post=14463"}],"wp:featuredmedia":[{"embeddable":true,"href":"https:\/\/dibosch.com\/es\/wp-json\/wp\/v2\/media\/21997"}],"wp:attachment":[{"href":"https:\/\/dibosch.com\/es\/wp-json\/wp\/v2\/media?parent=14463"}],"wp:term":[{"taxonomy":"product_brand","embeddable":true,"href":"https:\/\/dibosch.com\/es\/wp-json\/wp\/v2\/product_brand?post=14463"},{"taxonomy":"product_cat","embeddable":true,"href":"https:\/\/dibosch.com\/es\/wp-json\/wp\/v2\/product_cat?post=14463"},{"taxonomy":"product_tag","embeddable":true,"href":"https:\/\/dibosch.com\/es\/wp-json\/wp\/v2\/product_tag?post=14463"},{"taxonomy":"marcas","embeddable":true,"href":"https:\/\/dibosch.com\/es\/wp-json\/wp\/v2\/marcas?post=14463"},{"taxonomy":"certificats","embeddable":true,"href":"https:\/\/dibosch.com\/es\/wp-json\/wp\/v2\/certificats?post=14463"},{"taxonomy":"caracteristiques","embeddable":true,"href":"https:\/\/dibosch.com\/es\/wp-json\/wp\/v2\/caracteristiques?post=14463"},{"taxonomy":"tipus-productes","embeddable":true,"href":"https:\/\/dibosch.com\/es\/wp-json\/wp\/v2\/tipus-productes?post=14463"},{"taxonomy":"zona-aplicacio","embeddable":true,"href":"https:\/\/dibosch.com\/es\/wp-json\/wp\/v2\/zona-aplicacio?post=14463"},{"taxonomy":"tipus-maquinaria","embeddable":true,"href":"https:\/\/dibosch.com\/es\/wp-json\/wp\/v2\/tipus-maquinaria?post=14463"}],"curies":[{"name":"wp","href":"https:\/\/api.w.org\/{rel}","templated":true}]}}