{"id":14479,"date":"2022-12-07T11:15:11","date_gmt":"2022-12-07T11:15:11","guid":{"rendered":"https:\/\/www.dibosch.com\/producto\/mopa-ind-vileda\/"},"modified":"2023-07-14T11:52:59","modified_gmt":"2023-07-14T11:52:59","slug":"mopa-ind-vileda","status":"publish","type":"product","link":"https:\/\/dibosch.com\/es\/producto\/mopa-ind-vileda\/","title":{"rendered":"MOPA INDUSTRIAL &#8211; VILEDA"},"content":{"rendered":"<p><strong>Caracter\u00edsticas del producto:<\/strong><\/p>\n<p>Esta mopa industrial est\u00e1 dotada de gran ligereza, dise\u00f1ada para tareas de fregado profesional intensivo de toda clase de suelos en grandes \u00e1reas y superficies, ofreciendo siempre los mejores resultados de rendimiento y durabilidad.<\/p>\n<p>Muy rentable, c\u00f3moda, eficiente y r\u00e1pida en la limpieza, dispone de una banda superior abrasiva para aquellas suciedades m\u00e1s adheridas. Se ahorra tiempo gracias a la mayor superficie de fregado que abarca y su f\u00e1cil deslizamiento la hacen din\u00e1mica.<\/p>\n<p>Eficaz en el lavado y tambi\u00e9n en el posterior secado de las superficies, su tama\u00f1o grande hace que sea perfecta para la limpieza de todo tipo de suelos en grandes \u00e1reas.<\/p>\n<p>Consigue ahorrar tiempo y esfuerzo f\u00edsico para una limpieza profesional, por tanto, indispensable en hospitales, industrias, hosteler\u00eda, restauraci\u00f3n, colectividades y todo tipo de limpiezas generales.<\/p>\n","protected":false},"excerpt":{"rendered":"<p>Mopa con abrasivo para fregar grandes superficies.<\/p>\n","protected":false},"featured_media":22014,"comment_status":"closed","ping_status":"closed","template":"","meta":[],"product_brand":[],"product_cat":[714,713,684],"product_tag":[],"marcas":[928],"certificats":[],"caracteristiques":[],"tipus-productes":[],"zona-aplicacio":[],"tipus-maquinaria":[],"class_list":{"0":"post-14479","1":"product","2":"type-product","3":"status-publish","4":"has-post-thumbnail","6":"product_cat-mopas","7":"product_cat-utensilios","8":"product_cat-utiles-de-limpieza","9":"marcas-vileda-es","11":"first","12":"instock","13":"product-type-simple"},"_links":{"self":[{"href":"https:\/\/dibosch.com\/es\/wp-json\/wp\/v2\/product\/14479","targetHints":{"allow":["GET"]}}],"collection":[{"href":"https:\/\/dibosch.com\/es\/wp-json\/wp\/v2\/product"}],"about":[{"href":"https:\/\/dibosch.com\/es\/wp-json\/wp\/v2\/types\/product"}],"replies":[{"embeddable":true,"href":"https:\/\/dibosch.com\/es\/wp-json\/wp\/v2\/comments?post=14479"}],"wp:featuredmedia":[{"embeddable":true,"href":"https:\/\/dibosch.com\/es\/wp-json\/wp\/v2\/media\/22014"}],"wp:attachment":[{"href":"https:\/\/dibosch.com\/es\/wp-json\/wp\/v2\/media?parent=14479"}],"wp:term":[{"taxonomy":"product_brand","embeddable":true,"href":"https:\/\/dibosch.com\/es\/wp-json\/wp\/v2\/product_brand?post=14479"},{"taxonomy":"product_cat","embeddable":true,"href":"https:\/\/dibosch.com\/es\/wp-json\/wp\/v2\/product_cat?post=14479"},{"taxonomy":"product_tag","embeddable":true,"href":"https:\/\/dibosch.com\/es\/wp-json\/wp\/v2\/product_tag?post=14479"},{"taxonomy":"marcas","embeddable":true,"href":"https:\/\/dibosch.com\/es\/wp-json\/wp\/v2\/marcas?post=14479"},{"taxonomy":"certificats","embeddable":true,"href":"https:\/\/dibosch.com\/es\/wp-json\/wp\/v2\/certificats?post=14479"},{"taxonomy":"caracteristiques","embeddable":true,"href":"https:\/\/dibosch.com\/es\/wp-json\/wp\/v2\/caracteristiques?post=14479"},{"taxonomy":"tipus-productes","embeddable":true,"href":"https:\/\/dibosch.com\/es\/wp-json\/wp\/v2\/tipus-productes?post=14479"},{"taxonomy":"zona-aplicacio","embeddable":true,"href":"https:\/\/dibosch.com\/es\/wp-json\/wp\/v2\/zona-aplicacio?post=14479"},{"taxonomy":"tipus-maquinaria","embeddable":true,"href":"https:\/\/dibosch.com\/es\/wp-json\/wp\/v2\/tipus-maquinaria?post=14479"}],"curies":[{"name":"wp","href":"https:\/\/api.w.org\/{rel}","templated":true}]}}