{"id":14505,"date":"2022-12-07T11:13:34","date_gmt":"2022-12-07T11:13:34","guid":{"rendered":"https:\/\/www.dibosch.com\/producto\/bobi-mec-3-c-maxi-y-soft-blue-x2\/"},"modified":"2023-07-05T08:33:56","modified_gmt":"2023-07-05T08:33:56","slug":"bobi-mec-3-c-maxi-y-soft-blue-x2","status":"publish","type":"product","link":"https:\/\/dibosch.com\/es\/producto\/bobi-mec-3-c-maxi-y-soft-blue-x2\/","title":{"rendered":"BOBI MEC 3 C MAXI Y-SOFT BLUE (x2) &#8211; JABIPACK"},"content":{"rendered":"<p>Bobina de papel mec\u00e0nica. Celulosa blava, 3 capas<\/p>\n<ul>\n<li>2 bobinas x 205 m<\/li>\n<li>Producto Sostenible, Ecolabel: sello &#8216;eco&#8217; de la UE<\/li>\n<li>M\u00e1xima capacidad de absorci\u00f3n<\/li>\n<li>Suave y resistente<\/li>\n<li>Multiusos, puede usarse para m\u00faltiples funciones, como secado de manos, limpieza y secado de superficies y objetos, absorci\u00f3n de l\u00edquidos.<\/li>\n<\/ul>\n","protected":false},"excerpt":{"rendered":"<p>Bobina de papel mec\u00e0nica. Celulosa blava, 3 capas 2 bobinas x 205 m Producto Sostenible, Ecolabel: sello &#8216;eco&#8217; de la UE M\u00e1xima capacidad de absorci\u00f3n Suave y resistente Multiusos, puede usarse para m\u00faltiples funciones, como secado de manos, limpieza y secado de superficies y objetos, absorci\u00f3n de l\u00edquidos.<\/p>\n","protected":false},"featured_media":21412,"comment_status":"closed","ping_status":"closed","template":"","meta":[],"product_brand":[],"product_cat":[758,737],"product_tag":[],"marcas":[],"certificats":[],"caracteristiques":[],"tipus-productes":[],"zona-aplicacio":[],"tipus-maquinaria":[],"class_list":{"0":"post-14505","1":"product","2":"type-product","3":"status-publish","4":"has-post-thumbnail","6":"product_cat-bobinas","7":"product_cat-celulosa","9":"first","10":"instock","11":"product-type-simple"},"_links":{"self":[{"href":"https:\/\/dibosch.com\/es\/wp-json\/wp\/v2\/product\/14505","targetHints":{"allow":["GET"]}}],"collection":[{"href":"https:\/\/dibosch.com\/es\/wp-json\/wp\/v2\/product"}],"about":[{"href":"https:\/\/dibosch.com\/es\/wp-json\/wp\/v2\/types\/product"}],"replies":[{"embeddable":true,"href":"https:\/\/dibosch.com\/es\/wp-json\/wp\/v2\/comments?post=14505"}],"wp:featuredmedia":[{"embeddable":true,"href":"https:\/\/dibosch.com\/es\/wp-json\/wp\/v2\/media\/21412"}],"wp:attachment":[{"href":"https:\/\/dibosch.com\/es\/wp-json\/wp\/v2\/media?parent=14505"}],"wp:term":[{"taxonomy":"product_brand","embeddable":true,"href":"https:\/\/dibosch.com\/es\/wp-json\/wp\/v2\/product_brand?post=14505"},{"taxonomy":"product_cat","embeddable":true,"href":"https:\/\/dibosch.com\/es\/wp-json\/wp\/v2\/product_cat?post=14505"},{"taxonomy":"product_tag","embeddable":true,"href":"https:\/\/dibosch.com\/es\/wp-json\/wp\/v2\/product_tag?post=14505"},{"taxonomy":"marcas","embeddable":true,"href":"https:\/\/dibosch.com\/es\/wp-json\/wp\/v2\/marcas?post=14505"},{"taxonomy":"certificats","embeddable":true,"href":"https:\/\/dibosch.com\/es\/wp-json\/wp\/v2\/certificats?post=14505"},{"taxonomy":"caracteristiques","embeddable":true,"href":"https:\/\/dibosch.com\/es\/wp-json\/wp\/v2\/caracteristiques?post=14505"},{"taxonomy":"tipus-productes","embeddable":true,"href":"https:\/\/dibosch.com\/es\/wp-json\/wp\/v2\/tipus-productes?post=14505"},{"taxonomy":"zona-aplicacio","embeddable":true,"href":"https:\/\/dibosch.com\/es\/wp-json\/wp\/v2\/zona-aplicacio?post=14505"},{"taxonomy":"tipus-maquinaria","embeddable":true,"href":"https:\/\/dibosch.com\/es\/wp-json\/wp\/v2\/tipus-maquinaria?post=14505"}],"curies":[{"name":"wp","href":"https:\/\/api.w.org\/{rel}","templated":true}]}}