{"id":14513,"date":"2022-12-07T11:13:50","date_gmt":"2022-12-07T11:13:50","guid":{"rendered":"https:\/\/www.dibosch.com\/producto\/emulgen-fp-bp5\/"},"modified":"2025-09-24T07:26:50","modified_gmt":"2025-09-24T07:26:50","slug":"emulgen-fp-bp5","status":"publish","type":"product","link":"https:\/\/dibosch.com\/es\/producto\/emulgen-fp-bp5\/","title":{"rendered":"EMULGEN FP BP5 &#8211; SUCITESA"},"content":{"rendered":"<p><strong>Caracter\u00edsticas del producto:<\/strong><\/p>\n<p>Protege el color y la elasticidad de los tejidos. No contiene blanqueantes \u00f3pticos. Indicado por lavado en agua fr\u00eda. \u00d3ptimos resultados sin da\u00f1ar las piezas. Nivel suciedad bajo\/medio.<\/p>\n<p>&nbsp;<\/p>\n<p><strong>Manual de uso:<\/strong><\/p>\n<p>Dosificar manualmente en las fases de lavado en funci\u00f3n del nivel de suciedad.<\/p>\n<ul>\n<li>Suciedad ligera (g\/ Kg roba): 1-2 (pre-lavado) \/5-6 (lavado).<\/li>\n<li>Suciedad normal (g\/ Kg roba): 2-3 (pre-lavado) \/ 7-8 (lavado).<\/li>\n<li>Suciedad alta (g\/ Kg roba): 3-4 (pre-lavado) \/ 8-10 (lavado).<\/li>\n<\/ul>\n<p>&nbsp;<\/p>\n<p><strong>Indicado para:<\/strong><\/p>\n<p>Indicado para el lavado en fr\u00edo de ropa delicada tan blanca como de color en lavadoras o manualmente.<\/p>\n","protected":false},"excerpt":{"rendered":"<p>Detergente l\u00edquido para ropa delicada. Lavam\u00e1tico.<\/p>\n","protected":false},"featured_media":10573,"comment_status":"closed","ping_status":"closed","template":"","meta":[],"product_brand":[],"product_cat":[691,690,689],"product_tag":[],"marcas":[922],"certificats":[],"caracteristiques":[],"tipus-productes":[],"zona-aplicacio":[],"tipus-maquinaria":[],"class_list":{"0":"post-14513","1":"product","2":"type-product","3":"status-publish","4":"has-post-thumbnail","6":"product_cat-detergentes","7":"product_cat-especificos-para-lavanderia","8":"product_cat-productos-de-limpieza","9":"marcas-sucitesa-es","11":"first","12":"instock","13":"product-type-simple"},"_links":{"self":[{"href":"https:\/\/dibosch.com\/es\/wp-json\/wp\/v2\/product\/14513","targetHints":{"allow":["GET"]}}],"collection":[{"href":"https:\/\/dibosch.com\/es\/wp-json\/wp\/v2\/product"}],"about":[{"href":"https:\/\/dibosch.com\/es\/wp-json\/wp\/v2\/types\/product"}],"replies":[{"embeddable":true,"href":"https:\/\/dibosch.com\/es\/wp-json\/wp\/v2\/comments?post=14513"}],"wp:featuredmedia":[{"embeddable":true,"href":"https:\/\/dibosch.com\/es\/wp-json\/wp\/v2\/media\/10573"}],"wp:attachment":[{"href":"https:\/\/dibosch.com\/es\/wp-json\/wp\/v2\/media?parent=14513"}],"wp:term":[{"taxonomy":"product_brand","embeddable":true,"href":"https:\/\/dibosch.com\/es\/wp-json\/wp\/v2\/product_brand?post=14513"},{"taxonomy":"product_cat","embeddable":true,"href":"https:\/\/dibosch.com\/es\/wp-json\/wp\/v2\/product_cat?post=14513"},{"taxonomy":"product_tag","embeddable":true,"href":"https:\/\/dibosch.com\/es\/wp-json\/wp\/v2\/product_tag?post=14513"},{"taxonomy":"marcas","embeddable":true,"href":"https:\/\/dibosch.com\/es\/wp-json\/wp\/v2\/marcas?post=14513"},{"taxonomy":"certificats","embeddable":true,"href":"https:\/\/dibosch.com\/es\/wp-json\/wp\/v2\/certificats?post=14513"},{"taxonomy":"caracteristiques","embeddable":true,"href":"https:\/\/dibosch.com\/es\/wp-json\/wp\/v2\/caracteristiques?post=14513"},{"taxonomy":"tipus-productes","embeddable":true,"href":"https:\/\/dibosch.com\/es\/wp-json\/wp\/v2\/tipus-productes?post=14513"},{"taxonomy":"zona-aplicacio","embeddable":true,"href":"https:\/\/dibosch.com\/es\/wp-json\/wp\/v2\/zona-aplicacio?post=14513"},{"taxonomy":"tipus-maquinaria","embeddable":true,"href":"https:\/\/dibosch.com\/es\/wp-json\/wp\/v2\/tipus-maquinaria?post=14513"}],"curies":[{"name":"wp","href":"https:\/\/api.w.org\/{rel}","templated":true}]}}