{"id":14517,"date":"2022-12-07T11:15:40","date_gmt":"2022-12-07T11:15:40","guid":{"rendered":"https:\/\/www.dibosch.com\/producto\/cepillo-alambre-inox-azul-390-mm-t833b\/"},"modified":"2023-08-10T06:28:55","modified_gmt":"2023-08-10T06:28:55","slug":"cepillo-alambre-inox-azul-390-mm-t833b","status":"publish","type":"product","link":"https:\/\/dibosch.com\/es\/producto\/cepillo-alambre-inox-azul-390-mm-t833b\/","title":{"rendered":"CEPILLO ALAMBRE INOX AZUL 390 mm T833B &#8211; HILLBRUSH"},"content":{"rendered":"<p><strong>Caracter\u00edsticas del producto:<\/strong><\/p>\n<p>CEPILLO DE ALAMBRE &#8211; 400MM X 38MM\u00d8, LARGO TRENZADO DE ACERO INOXIDABLE, MEDIANA RIGIDEZ, AZUL<\/p>\n<p>400mm total x 38mm\u00d8 mediano Poli\u00e9ster trenzado en cepillo de alambre de acero inoxidable, con mango de pl\u00e1stico.<\/p>\n","protected":false},"excerpt":{"rendered":"<p>Caracter\u00edsticas del producto: CEPILLO DE ALAMBRE &#8211; 400MM X 38MM\u00d8, LARGO TRENZADO DE ACERO INOXIDABLE, MEDIANA RIGIDEZ, AZUL 400mm total x 38mm\u00d8 mediano Poli\u00e9ster trenzado en cepillo de alambre de acero inoxidable, con mango de pl\u00e1stico.<\/p>\n","protected":false},"featured_media":22783,"comment_status":"closed","ping_status":"closed","template":"","meta":[],"product_brand":[],"product_cat":[771,713,684],"product_tag":[],"marcas":[],"certificats":[],"caracteristiques":[],"tipus-productes":[],"zona-aplicacio":[],"tipus-maquinaria":[],"class_list":{"0":"post-14517","1":"product","2":"type-product","3":"status-publish","4":"has-post-thumbnail","6":"product_cat-cepillos-manuales","7":"product_cat-utensilios","8":"product_cat-utiles-de-limpieza","10":"first","11":"instock","12":"product-type-simple"},"_links":{"self":[{"href":"https:\/\/dibosch.com\/es\/wp-json\/wp\/v2\/product\/14517","targetHints":{"allow":["GET"]}}],"collection":[{"href":"https:\/\/dibosch.com\/es\/wp-json\/wp\/v2\/product"}],"about":[{"href":"https:\/\/dibosch.com\/es\/wp-json\/wp\/v2\/types\/product"}],"replies":[{"embeddable":true,"href":"https:\/\/dibosch.com\/es\/wp-json\/wp\/v2\/comments?post=14517"}],"wp:featuredmedia":[{"embeddable":true,"href":"https:\/\/dibosch.com\/es\/wp-json\/wp\/v2\/media\/22783"}],"wp:attachment":[{"href":"https:\/\/dibosch.com\/es\/wp-json\/wp\/v2\/media?parent=14517"}],"wp:term":[{"taxonomy":"product_brand","embeddable":true,"href":"https:\/\/dibosch.com\/es\/wp-json\/wp\/v2\/product_brand?post=14517"},{"taxonomy":"product_cat","embeddable":true,"href":"https:\/\/dibosch.com\/es\/wp-json\/wp\/v2\/product_cat?post=14517"},{"taxonomy":"product_tag","embeddable":true,"href":"https:\/\/dibosch.com\/es\/wp-json\/wp\/v2\/product_tag?post=14517"},{"taxonomy":"marcas","embeddable":true,"href":"https:\/\/dibosch.com\/es\/wp-json\/wp\/v2\/marcas?post=14517"},{"taxonomy":"certificats","embeddable":true,"href":"https:\/\/dibosch.com\/es\/wp-json\/wp\/v2\/certificats?post=14517"},{"taxonomy":"caracteristiques","embeddable":true,"href":"https:\/\/dibosch.com\/es\/wp-json\/wp\/v2\/caracteristiques?post=14517"},{"taxonomy":"tipus-productes","embeddable":true,"href":"https:\/\/dibosch.com\/es\/wp-json\/wp\/v2\/tipus-productes?post=14517"},{"taxonomy":"zona-aplicacio","embeddable":true,"href":"https:\/\/dibosch.com\/es\/wp-json\/wp\/v2\/zona-aplicacio?post=14517"},{"taxonomy":"tipus-maquinaria","embeddable":true,"href":"https:\/\/dibosch.com\/es\/wp-json\/wp\/v2\/tipus-maquinaria?post=14517"}],"curies":[{"name":"wp","href":"https:\/\/api.w.org\/{rel}","templated":true}]}}