{"id":14521,"date":"2022-12-07T11:17:56","date_gmt":"2022-12-07T11:17:56","guid":{"rendered":"https:\/\/www.dibosch.com\/producto\/emulgen-biomatic-easyflow-bp20\/"},"modified":"2025-09-24T07:24:55","modified_gmt":"2025-09-24T07:24:55","slug":"emulgen-biomatic-easyflow-bp20","status":"publish","type":"product","link":"https:\/\/dibosch.com\/es\/producto\/emulgen-biomatic-easyflow-bp20\/","title":{"rendered":"EMULGEN BIOMATIC EASYFLOW BP20 &#8211; SUCITESA"},"content":{"rendered":"<p><strong>Caracter\u00edsticas del producto:<\/strong><\/p>\n<p>Detergente l\u00edquido por el pre-lavado y lavado textil. Indicado para todo tipo de suciedad y ropa. Contiene enzimas que mejoran la eliminaci\u00f3n de manchas. Contiene blanqueantes \u00f3pticos. \u00d3ptimos resultados sin da\u00f1ar las piezas.<\/p>\n<p>&nbsp;<\/p>\n<p><strong>Manual de uso:<\/strong><\/p>\n<p>Dosificar en las fases del pre-lavado y lavado en funci\u00f3n del nivel de suciedad.<\/p>\n<ul>\n<li>Suciedad ligera (g\/ Kg roba): 1-2 (pre-lavado) \/5- 10.<\/li>\n<li>Suciedad normal (g\/ Kg roba): 2-3 (pre-lavado) \/ 10-15.<\/li>\n<li>Suciedad alta (g\/ Kg roba): 3-5 (pre-lavado) \/15-20.<\/li>\n<\/ul>\n<p>Uso autom\u00e1tico en sistemas LAVAMATIC de dosificaci\u00f3n.<\/p>\n<p>&nbsp;<\/p>\n<p><strong>Indicado para:<\/strong><\/p>\n<p>Indicado para el lavado a cualquier temperatura de ropa blanca y color en lava centr\u00edfugas.<\/p>\n","protected":false},"excerpt":{"rendered":"<p>Caracter\u00edsticas del producto: Detergente l\u00edquido por el pre-lavado y lavado textil. Indicado para todo tipo de suciedad y ropa. Contiene enzimas que mejoran la eliminaci\u00f3n de manchas. Contiene blanqueantes \u00f3pticos. \u00d3ptimos resultados sin da\u00f1ar las piezas. &nbsp; Manual de uso: Dosificar en las fases del pre-lavado y lavado en funci\u00f3n del nivel de suciedad. Suciedad [&hellip;]<\/p>\n","protected":false},"featured_media":21007,"comment_status":"closed","ping_status":"closed","template":"","meta":[],"product_brand":[],"product_cat":[691,690,689],"product_tag":[],"marcas":[922],"certificats":[],"caracteristiques":[],"tipus-productes":[],"zona-aplicacio":[],"tipus-maquinaria":[],"class_list":{"0":"post-14521","1":"product","2":"type-product","3":"status-publish","4":"has-post-thumbnail","6":"product_cat-detergentes","7":"product_cat-especificos-para-lavanderia","8":"product_cat-productos-de-limpieza","9":"marcas-sucitesa-es","11":"first","12":"instock","13":"product-type-simple"},"_links":{"self":[{"href":"https:\/\/dibosch.com\/es\/wp-json\/wp\/v2\/product\/14521","targetHints":{"allow":["GET"]}}],"collection":[{"href":"https:\/\/dibosch.com\/es\/wp-json\/wp\/v2\/product"}],"about":[{"href":"https:\/\/dibosch.com\/es\/wp-json\/wp\/v2\/types\/product"}],"replies":[{"embeddable":true,"href":"https:\/\/dibosch.com\/es\/wp-json\/wp\/v2\/comments?post=14521"}],"wp:featuredmedia":[{"embeddable":true,"href":"https:\/\/dibosch.com\/es\/wp-json\/wp\/v2\/media\/21007"}],"wp:attachment":[{"href":"https:\/\/dibosch.com\/es\/wp-json\/wp\/v2\/media?parent=14521"}],"wp:term":[{"taxonomy":"product_brand","embeddable":true,"href":"https:\/\/dibosch.com\/es\/wp-json\/wp\/v2\/product_brand?post=14521"},{"taxonomy":"product_cat","embeddable":true,"href":"https:\/\/dibosch.com\/es\/wp-json\/wp\/v2\/product_cat?post=14521"},{"taxonomy":"product_tag","embeddable":true,"href":"https:\/\/dibosch.com\/es\/wp-json\/wp\/v2\/product_tag?post=14521"},{"taxonomy":"marcas","embeddable":true,"href":"https:\/\/dibosch.com\/es\/wp-json\/wp\/v2\/marcas?post=14521"},{"taxonomy":"certificats","embeddable":true,"href":"https:\/\/dibosch.com\/es\/wp-json\/wp\/v2\/certificats?post=14521"},{"taxonomy":"caracteristiques","embeddable":true,"href":"https:\/\/dibosch.com\/es\/wp-json\/wp\/v2\/caracteristiques?post=14521"},{"taxonomy":"tipus-productes","embeddable":true,"href":"https:\/\/dibosch.com\/es\/wp-json\/wp\/v2\/tipus-productes?post=14521"},{"taxonomy":"zona-aplicacio","embeddable":true,"href":"https:\/\/dibosch.com\/es\/wp-json\/wp\/v2\/zona-aplicacio?post=14521"},{"taxonomy":"tipus-maquinaria","embeddable":true,"href":"https:\/\/dibosch.com\/es\/wp-json\/wp\/v2\/tipus-maquinaria?post=14521"}],"curies":[{"name":"wp","href":"https:\/\/api.w.org\/{rel}","templated":true}]}}