{"id":14528,"date":"2022-12-07T11:15:31","date_gmt":"2022-12-07T11:15:31","guid":{"rendered":"https:\/\/www.dibosch.com\/producto\/cepillo-para-pavimento-negro-30x7-5-res-b759blkres\/"},"modified":"2023-08-10T07:37:35","modified_gmt":"2023-08-10T07:37:35","slug":"cepillo-por-pavimento-negro-30x7-5-nada-b759blkres","status":"publish","type":"product","link":"https:\/\/dibosch.com\/es\/producto\/cepillo-por-pavimento-negro-30x7-5-nada-b759blkres\/","title":{"rendered":"CEPILLO PARA PAVIMENTO NEGRO 30&#215;7.5 RES &#8211; B759BLKRES &#8211; HILLBRUSH"},"content":{"rendered":"<p><strong>Caracter\u00edsticas del producto:<\/strong><\/p>\n<p>Cepillo de 305mm, bloque de Polipropileno, relleno de Resina de Poli\u00e9ster muy r\u00edgido.<\/p>\n<p>El poli\u00e9ster del B759 tiene un di\u00e1metro de 0,75 mm y una salida de 63 mm.<\/p>\n<p>Mejor para \u00e1reas m\u00e1s grandes donde la superficie es uniforme y no hay depresiones en las que la tierra se esconda, donde los filamentos m\u00e1s grandes tienden a deslizarse por la parte superior y no la alcanzan.<\/p>\n<p>Empu\u00f1aduras recomendadas ALH27, ALH7.<\/p>\n","protected":false},"excerpt":{"rendered":"<p>Cepillo de 305mm, bloque de Polipropileno, relleno de Resina de Poli\u00e9ster muy r\u00edgido<\/p>\n","protected":false},"featured_media":22814,"comment_status":"closed","ping_status":"closed","template":"","meta":[],"product_brand":[],"product_cat":[759,713,684],"product_tag":[],"marcas":[],"certificats":[],"caracteristiques":[],"tipus-productes":[],"zona-aplicacio":[],"tipus-maquinaria":[],"class_list":{"0":"post-14528","1":"product","2":"type-product","3":"status-publish","4":"has-post-thumbnail","6":"product_cat-cepillos-pavimentos","7":"product_cat-utensilios","8":"product_cat-utiles-de-limpieza","10":"first","11":"instock","12":"product-type-simple"},"_links":{"self":[{"href":"https:\/\/dibosch.com\/es\/wp-json\/wp\/v2\/product\/14528","targetHints":{"allow":["GET"]}}],"collection":[{"href":"https:\/\/dibosch.com\/es\/wp-json\/wp\/v2\/product"}],"about":[{"href":"https:\/\/dibosch.com\/es\/wp-json\/wp\/v2\/types\/product"}],"replies":[{"embeddable":true,"href":"https:\/\/dibosch.com\/es\/wp-json\/wp\/v2\/comments?post=14528"}],"wp:featuredmedia":[{"embeddable":true,"href":"https:\/\/dibosch.com\/es\/wp-json\/wp\/v2\/media\/22814"}],"wp:attachment":[{"href":"https:\/\/dibosch.com\/es\/wp-json\/wp\/v2\/media?parent=14528"}],"wp:term":[{"taxonomy":"product_brand","embeddable":true,"href":"https:\/\/dibosch.com\/es\/wp-json\/wp\/v2\/product_brand?post=14528"},{"taxonomy":"product_cat","embeddable":true,"href":"https:\/\/dibosch.com\/es\/wp-json\/wp\/v2\/product_cat?post=14528"},{"taxonomy":"product_tag","embeddable":true,"href":"https:\/\/dibosch.com\/es\/wp-json\/wp\/v2\/product_tag?post=14528"},{"taxonomy":"marcas","embeddable":true,"href":"https:\/\/dibosch.com\/es\/wp-json\/wp\/v2\/marcas?post=14528"},{"taxonomy":"certificats","embeddable":true,"href":"https:\/\/dibosch.com\/es\/wp-json\/wp\/v2\/certificats?post=14528"},{"taxonomy":"caracteristiques","embeddable":true,"href":"https:\/\/dibosch.com\/es\/wp-json\/wp\/v2\/caracteristiques?post=14528"},{"taxonomy":"tipus-productes","embeddable":true,"href":"https:\/\/dibosch.com\/es\/wp-json\/wp\/v2\/tipus-productes?post=14528"},{"taxonomy":"zona-aplicacio","embeddable":true,"href":"https:\/\/dibosch.com\/es\/wp-json\/wp\/v2\/zona-aplicacio?post=14528"},{"taxonomy":"tipus-maquinaria","embeddable":true,"href":"https:\/\/dibosch.com\/es\/wp-json\/wp\/v2\/tipus-maquinaria?post=14528"}],"curies":[{"name":"wp","href":"https:\/\/api.w.org\/{rel}","templated":true}]}}