{"id":14533,"date":"2022-12-07T11:15:24","date_gmt":"2022-12-07T11:15:24","guid":{"rendered":"https:\/\/www.dibosch.com\/producto\/m-aspirador-portatil-bl-18v-lxt\/"},"modified":"2023-02-23T15:10:54","modified_gmt":"2023-02-23T15:10:54","slug":"m-aspirador-portatil-bl-18v-lxt","status":"publish","type":"product","link":"https:\/\/dibosch.com\/es\/producto\/m-aspirador-portatil-bl-18v-lxt\/","title":{"rendered":"M- ASPIRADOR PORTATIL BL 18V LXT &#8211; MAKITA"},"content":{"rendered":"<p>Nuevo, compacto y silencioso aspirador port\u00e1til BL 18V LXT.<\/p>\n<p>Dos herramientas en una; se convierte r\u00e1pidamente de aspirador a soplador para una mayor versatilidad.<\/p>\n<p>El motor BL elimina las escobillas de carb\u00f3n, permitiendo que el motor funcione m\u00e1s fr\u00edo y de manera m\u00e1s eficiente para una duraci\u00f3n de la m\u00e1quina m\u00e1s larga. Adem\u00e1s, permite 1.6 m\u00b3 \/ min de flujo de aire m\u00e1ximo, 6.7 kPa de succi\u00f3n sellada m\u00e1xima, 50 W de potencia de succi\u00f3n y mayor tiempo de funcionamiento.<\/p>\n<p>Dispone de filtro HEPA, que garantiza la captura de part\u00edculas muy finas con gran eficacia.<\/p>\n<p>Aprobado para Dust Class L de acuerdo con la norma de la UE.<\/p>\n<p>Hasta 60 minutos de funcionamiento continuo con una bater\u00eda de 18V LXT Li-ion 5.0 Ah.<\/p>\n<p>El indicador LED muestra el nivel de carga de la bater\u00eda.<\/p>\n<p>La capacidad de la bolsa de polvo es de 7.5 L.<\/p>\n<p>Selector de potencia de dos velocidades (alta \/ baja) para una variedad de aplicaciones.<\/p>\n<p>Tecnolog\u00eda XPT dise\u00f1ada para proporcionar mayor resistencia al polvo y al agua en condiciones adversas.<\/p>\n","protected":false},"excerpt":{"rendered":"<p>Nuevo, compacto y silencioso aspirador port\u00e1til BL 18V LXT. Dos herramientas en una; se convierte r\u00e1pidamente de aspirador a soplador para una mayor versatilidad. El motor BL elimina las escobillas de carb\u00f3n, permitiendo que el motor funcione m\u00e1s fr\u00edo y de manera m\u00e1s eficiente para una duraci\u00f3n de la m\u00e1quina m\u00e1s larga. Adem\u00e1s, permite 1.6 [&hellip;]<\/p>\n","protected":false},"featured_media":24640,"comment_status":"closed","ping_status":"closed","template":"","meta":[],"product_brand":[],"product_cat":[769,577],"product_tag":[],"marcas":[],"certificats":[],"caracteristiques":[],"tipus-productes":[],"zona-aplicacio":[],"tipus-maquinaria":[],"class_list":{"0":"post-14533","1":"product","2":"type-product","3":"status-publish","4":"has-post-thumbnail","6":"product_cat-aspiradores-profesionales","7":"product_cat-maquinas","9":"first","10":"instock","11":"product-type-simple"},"_links":{"self":[{"href":"https:\/\/dibosch.com\/es\/wp-json\/wp\/v2\/product\/14533","targetHints":{"allow":["GET"]}}],"collection":[{"href":"https:\/\/dibosch.com\/es\/wp-json\/wp\/v2\/product"}],"about":[{"href":"https:\/\/dibosch.com\/es\/wp-json\/wp\/v2\/types\/product"}],"replies":[{"embeddable":true,"href":"https:\/\/dibosch.com\/es\/wp-json\/wp\/v2\/comments?post=14533"}],"wp:featuredmedia":[{"embeddable":true,"href":"https:\/\/dibosch.com\/es\/wp-json\/wp\/v2\/media\/24640"}],"wp:attachment":[{"href":"https:\/\/dibosch.com\/es\/wp-json\/wp\/v2\/media?parent=14533"}],"wp:term":[{"taxonomy":"product_brand","embeddable":true,"href":"https:\/\/dibosch.com\/es\/wp-json\/wp\/v2\/product_brand?post=14533"},{"taxonomy":"product_cat","embeddable":true,"href":"https:\/\/dibosch.com\/es\/wp-json\/wp\/v2\/product_cat?post=14533"},{"taxonomy":"product_tag","embeddable":true,"href":"https:\/\/dibosch.com\/es\/wp-json\/wp\/v2\/product_tag?post=14533"},{"taxonomy":"marcas","embeddable":true,"href":"https:\/\/dibosch.com\/es\/wp-json\/wp\/v2\/marcas?post=14533"},{"taxonomy":"certificats","embeddable":true,"href":"https:\/\/dibosch.com\/es\/wp-json\/wp\/v2\/certificats?post=14533"},{"taxonomy":"caracteristiques","embeddable":true,"href":"https:\/\/dibosch.com\/es\/wp-json\/wp\/v2\/caracteristiques?post=14533"},{"taxonomy":"tipus-productes","embeddable":true,"href":"https:\/\/dibosch.com\/es\/wp-json\/wp\/v2\/tipus-productes?post=14533"},{"taxonomy":"zona-aplicacio","embeddable":true,"href":"https:\/\/dibosch.com\/es\/wp-json\/wp\/v2\/zona-aplicacio?post=14533"},{"taxonomy":"tipus-maquinaria","embeddable":true,"href":"https:\/\/dibosch.com\/es\/wp-json\/wp\/v2\/tipus-maquinaria?post=14533"}],"curies":[{"name":"wp","href":"https:\/\/api.w.org\/{rel}","templated":true}]}}