{"id":14536,"date":"2022-12-07T11:17:33","date_gmt":"2022-12-07T11:17:33","guid":{"rendered":"https:\/\/www.dibosch.com\/producto\/barra-de-fregar-roja-23x5-sd-b928r\/"},"modified":"2023-07-12T14:18:32","modified_gmt":"2023-07-12T14:18:32","slug":"escoba-de-fregar-roja-23x5-sd-b928r","status":"publish","type":"product","link":"https:\/\/dibosch.com\/es\/producto\/escoba-de-fregar-roja-23x5-sd-b928r\/","title":{"rendered":"BARRA DE FREGAR ROJA 23X5 SD B928R"},"content":{"rendered":"<p><strong>Caracter\u00edsticas del producto:<\/strong><\/p>\n<p>Fregado de 230 mm, bloque de polipropileno, relleno de poli\u00e9ster muy r\u00edgido, ResinSet DRS\u00ac\u00c6.<\/p>\n<p>Este peque\u00f1o exfoliante es ideal para trabajos de cerca y localizados en \u00e1reas restringidas.<\/p>\n<p>Mangos recomendados, ALH7, ALH27.<\/p>\n<p>Algunos clientes tambi\u00e9n consideran que el mango ALH15 m\u00e1s corto (700 mm) es muy \u00fatil con este cepillo.<\/p>\n<p>Para fregar suelos m\u00e1s grandes de 300 mm, consulte B759 y B770.<\/p>\n<p>Existe una versi\u00f3n m\u00e1s blanda, la B929, y una versi\u00f3n engastada en resina, la B928RES.<\/p>\n<p>Tambi\u00e9n existe una versi\u00f3n altamente abrasiva llena de alambre de acero inoxidable, B1342.<\/p>\n","protected":false},"excerpt":{"rendered":"<p>Caracter\u00edsticas del producto: Fregado de 230 mm, bloque de polipropileno, relleno de poli\u00e9ster muy r\u00edgido, ResinSet DRS\u00ac\u00c6. Este peque\u00f1o exfoliante es ideal para trabajos de cerca y localizados en \u00e1reas restringidas. Mangos recomendados, ALH7, ALH27. Algunos clientes tambi\u00e9n consideran que el mango ALH15 m\u00e1s corto (700 mm) es muy \u00fatil con este cepillo. Para fregar [&hellip;]<\/p>\n","protected":false},"featured_media":21881,"comment_status":"closed","ping_status":"closed","template":"","meta":[],"product_brand":[],"product_cat":[725,713],"product_tag":[],"marcas":[],"certificats":[],"caracteristiques":[],"tipus-productes":[],"zona-aplicacio":[],"tipus-maquinaria":[],"class_list":{"0":"post-14536","1":"product","2":"type-product","3":"status-publish","4":"has-post-thumbnail","6":"product_cat-escobas","7":"product_cat-utensilios","9":"first","10":"instock","11":"product-type-simple"},"_links":{"self":[{"href":"https:\/\/dibosch.com\/es\/wp-json\/wp\/v2\/product\/14536","targetHints":{"allow":["GET"]}}],"collection":[{"href":"https:\/\/dibosch.com\/es\/wp-json\/wp\/v2\/product"}],"about":[{"href":"https:\/\/dibosch.com\/es\/wp-json\/wp\/v2\/types\/product"}],"replies":[{"embeddable":true,"href":"https:\/\/dibosch.com\/es\/wp-json\/wp\/v2\/comments?post=14536"}],"wp:featuredmedia":[{"embeddable":true,"href":"https:\/\/dibosch.com\/es\/wp-json\/wp\/v2\/media\/21881"}],"wp:attachment":[{"href":"https:\/\/dibosch.com\/es\/wp-json\/wp\/v2\/media?parent=14536"}],"wp:term":[{"taxonomy":"product_brand","embeddable":true,"href":"https:\/\/dibosch.com\/es\/wp-json\/wp\/v2\/product_brand?post=14536"},{"taxonomy":"product_cat","embeddable":true,"href":"https:\/\/dibosch.com\/es\/wp-json\/wp\/v2\/product_cat?post=14536"},{"taxonomy":"product_tag","embeddable":true,"href":"https:\/\/dibosch.com\/es\/wp-json\/wp\/v2\/product_tag?post=14536"},{"taxonomy":"marcas","embeddable":true,"href":"https:\/\/dibosch.com\/es\/wp-json\/wp\/v2\/marcas?post=14536"},{"taxonomy":"certificats","embeddable":true,"href":"https:\/\/dibosch.com\/es\/wp-json\/wp\/v2\/certificats?post=14536"},{"taxonomy":"caracteristiques","embeddable":true,"href":"https:\/\/dibosch.com\/es\/wp-json\/wp\/v2\/caracteristiques?post=14536"},{"taxonomy":"tipus-productes","embeddable":true,"href":"https:\/\/dibosch.com\/es\/wp-json\/wp\/v2\/tipus-productes?post=14536"},{"taxonomy":"zona-aplicacio","embeddable":true,"href":"https:\/\/dibosch.com\/es\/wp-json\/wp\/v2\/zona-aplicacio?post=14536"},{"taxonomy":"tipus-maquinaria","embeddable":true,"href":"https:\/\/dibosch.com\/es\/wp-json\/wp\/v2\/tipus-maquinaria?post=14536"}],"curies":[{"name":"wp","href":"https:\/\/api.w.org\/{rel}","templated":true}]}}