{"id":14553,"date":"2022-12-07T11:15:19","date_gmt":"2022-12-07T11:15:19","guid":{"rendered":"https:\/\/www.dibosch.com\/producto\/sanigen-alc-bp20\/"},"modified":"2023-07-03T14:27:26","modified_gmt":"2023-07-03T14:27:26","slug":"sanigen-alc-bp20","status":"publish","type":"product","link":"https:\/\/dibosch.com\/es\/producto\/sanigen-alc-bp20\/","title":{"rendered":"SANIGEN ALC BP20 &#8211; SUCITESA"},"content":{"rendered":"<p><strong>Caracter\u00edsticas del producto:<\/strong><\/p>\n<p>Elimina grasa y suciedad persistente. Gran adherencia y efectividad. Recupera las superficies expuestas a ensuciamiento severo.<\/p>\n<p>Espuma estable y duradera. M\u00e1xima eficacia limpiadora sin salpicaduras ni vapores. Evita tener que frotar<\/p>\n<p>&nbsp;<\/p>\n<p><strong>Manual de uso:<\/strong><\/p>\n<p>Sistemas presi\u00f3n-espuma: Dosis 10-50 ml\/l. Aplicar la soluci\u00f3n directamente sobre las superficies. Dejar actuar la espuma. Evitar que el producto se seque sobre la superficie antes de aclarar. La dosificaci\u00f3n y tiempo de contacto dependen del estado de la superficie<\/p>\n<p>&nbsp;<\/p>\n<p><strong>Indicado para:<\/strong><\/p>\n<p>Limpieza de plantas de fabricaci\u00f3n y procesado de alimentos: carne, pescado, marisco, az\u00facar, galletas, productos de panader\u00eda y pasteler\u00eda, aceite, cacao, leche, vino y similares, bebidas refrescantes, etc. Superficies de trabajo y dem\u00e1s equipos de producci\u00f3n en la industria alimentaria. Superficies resistentes a pH alcalino.<\/p>\n","protected":false},"excerpt":{"rendered":"<p>Espuma alcalina desengrasante.<\/p>\n","protected":false},"featured_media":21302,"comment_status":"closed","ping_status":"closed","template":"","meta":[],"product_brand":[],"product_cat":[716,715,689],"product_tag":[],"marcas":[922],"certificats":[],"caracteristiques":[],"tipus-productes":[],"zona-aplicacio":[],"tipus-maquinaria":[],"class_list":{"0":"post-14553","1":"product","2":"type-product","3":"status-publish","4":"has-post-thumbnail","6":"product_cat-alcalinos-espumante","7":"product_cat-especificos-para-industria-alimentaria","8":"product_cat-productos-de-limpieza","9":"marcas-sucitesa-es","11":"first","12":"instock","13":"product-type-simple"},"_links":{"self":[{"href":"https:\/\/dibosch.com\/es\/wp-json\/wp\/v2\/product\/14553","targetHints":{"allow":["GET"]}}],"collection":[{"href":"https:\/\/dibosch.com\/es\/wp-json\/wp\/v2\/product"}],"about":[{"href":"https:\/\/dibosch.com\/es\/wp-json\/wp\/v2\/types\/product"}],"replies":[{"embeddable":true,"href":"https:\/\/dibosch.com\/es\/wp-json\/wp\/v2\/comments?post=14553"}],"wp:featuredmedia":[{"embeddable":true,"href":"https:\/\/dibosch.com\/es\/wp-json\/wp\/v2\/media\/21302"}],"wp:attachment":[{"href":"https:\/\/dibosch.com\/es\/wp-json\/wp\/v2\/media?parent=14553"}],"wp:term":[{"taxonomy":"product_brand","embeddable":true,"href":"https:\/\/dibosch.com\/es\/wp-json\/wp\/v2\/product_brand?post=14553"},{"taxonomy":"product_cat","embeddable":true,"href":"https:\/\/dibosch.com\/es\/wp-json\/wp\/v2\/product_cat?post=14553"},{"taxonomy":"product_tag","embeddable":true,"href":"https:\/\/dibosch.com\/es\/wp-json\/wp\/v2\/product_tag?post=14553"},{"taxonomy":"marcas","embeddable":true,"href":"https:\/\/dibosch.com\/es\/wp-json\/wp\/v2\/marcas?post=14553"},{"taxonomy":"certificats","embeddable":true,"href":"https:\/\/dibosch.com\/es\/wp-json\/wp\/v2\/certificats?post=14553"},{"taxonomy":"caracteristiques","embeddable":true,"href":"https:\/\/dibosch.com\/es\/wp-json\/wp\/v2\/caracteristiques?post=14553"},{"taxonomy":"tipus-productes","embeddable":true,"href":"https:\/\/dibosch.com\/es\/wp-json\/wp\/v2\/tipus-productes?post=14553"},{"taxonomy":"zona-aplicacio","embeddable":true,"href":"https:\/\/dibosch.com\/es\/wp-json\/wp\/v2\/zona-aplicacio?post=14553"},{"taxonomy":"tipus-maquinaria","embeddable":true,"href":"https:\/\/dibosch.com\/es\/wp-json\/wp\/v2\/tipus-maquinaria?post=14553"}],"curies":[{"name":"wp","href":"https:\/\/api.w.org\/{rel}","templated":true}]}}