{"id":14556,"date":"2022-12-07T11:17:33","date_gmt":"2022-12-07T11:17:33","guid":{"rendered":"https:\/\/www.dibosch.com\/producto\/carro-nick-doble-sin-prensa-00016185\/"},"modified":"2023-08-25T08:11:11","modified_gmt":"2023-08-25T08:11:11","slug":"carro-nick-doble-sin-prensa-00016185","status":"publish","type":"product","link":"https:\/\/dibosch.com\/es\/producto\/carro-nick-doble-sin-prensa-00016185\/","title":{"rendered":"CARRO NICK DOBLE SIN PRENSA &#8211; 00016185 &#8211; &#8211; TTS"},"content":{"rendered":"<p><strong>Caracter\u00edsticas del producto:<\/strong><\/p>\n<p>Carro s\u00f3lido totalmente de polipropileno, \u00fanico en su categor\u00eda: robusto y elegante.<\/p>\n<p>Tiene ruedas de di\u00e1metro 80 mm con paragolpes (ya ensambladas en la estructura), con dos cubos de 25 L.<\/p>\n<p>Dise\u00f1ado para el fregado profesional del suelo, aconsejable en ambientes reducidos<\/p>\n<p>El asa facilita el transporte del carro, el bastidor y la prensa pueden ser en varios colores amarillo, verde y gris.<\/p>\n","protected":false},"excerpt":{"rendered":"<p>Carro personalizado con asa lateral, bastidor, sin prensa, 2 cubos y ruedas de \u00f8 80 mm<\/p>\n","protected":false},"featured_media":23699,"comment_status":"closed","ping_status":"closed","template":"","meta":[],"product_brand":[],"product_cat":[685,705,684],"product_tag":[],"marcas":[917],"certificats":[],"caracteristiques":[],"tipus-productes":[],"zona-aplicacio":[],"tipus-maquinaria":[],"class_list":{"0":"post-14556","1":"product","2":"type-product","3":"status-publish","4":"has-post-thumbnail","6":"product_cat-carros-es","7":"product_cat-carros-de-limpieza","8":"product_cat-utiles-de-limpieza","9":"marcas-tts-es","11":"first","12":"instock","13":"product-type-simple"},"_links":{"self":[{"href":"https:\/\/dibosch.com\/es\/wp-json\/wp\/v2\/product\/14556","targetHints":{"allow":["GET"]}}],"collection":[{"href":"https:\/\/dibosch.com\/es\/wp-json\/wp\/v2\/product"}],"about":[{"href":"https:\/\/dibosch.com\/es\/wp-json\/wp\/v2\/types\/product"}],"replies":[{"embeddable":true,"href":"https:\/\/dibosch.com\/es\/wp-json\/wp\/v2\/comments?post=14556"}],"wp:featuredmedia":[{"embeddable":true,"href":"https:\/\/dibosch.com\/es\/wp-json\/wp\/v2\/media\/23699"}],"wp:attachment":[{"href":"https:\/\/dibosch.com\/es\/wp-json\/wp\/v2\/media?parent=14556"}],"wp:term":[{"taxonomy":"product_brand","embeddable":true,"href":"https:\/\/dibosch.com\/es\/wp-json\/wp\/v2\/product_brand?post=14556"},{"taxonomy":"product_cat","embeddable":true,"href":"https:\/\/dibosch.com\/es\/wp-json\/wp\/v2\/product_cat?post=14556"},{"taxonomy":"product_tag","embeddable":true,"href":"https:\/\/dibosch.com\/es\/wp-json\/wp\/v2\/product_tag?post=14556"},{"taxonomy":"marcas","embeddable":true,"href":"https:\/\/dibosch.com\/es\/wp-json\/wp\/v2\/marcas?post=14556"},{"taxonomy":"certificats","embeddable":true,"href":"https:\/\/dibosch.com\/es\/wp-json\/wp\/v2\/certificats?post=14556"},{"taxonomy":"caracteristiques","embeddable":true,"href":"https:\/\/dibosch.com\/es\/wp-json\/wp\/v2\/caracteristiques?post=14556"},{"taxonomy":"tipus-productes","embeddable":true,"href":"https:\/\/dibosch.com\/es\/wp-json\/wp\/v2\/tipus-productes?post=14556"},{"taxonomy":"zona-aplicacio","embeddable":true,"href":"https:\/\/dibosch.com\/es\/wp-json\/wp\/v2\/zona-aplicacio?post=14556"},{"taxonomy":"tipus-maquinaria","embeddable":true,"href":"https:\/\/dibosch.com\/es\/wp-json\/wp\/v2\/tipus-maquinaria?post=14556"}],"curies":[{"name":"wp","href":"https:\/\/api.w.org\/{rel}","templated":true}]}}