{"id":14557,"date":"2022-12-07T11:17:40","date_gmt":"2022-12-07T11:17:40","guid":{"rendered":"https:\/\/www.dibosch.com\/producto\/m-aspirador-451bl-2d-001\/"},"modified":"2022-12-21T13:15:52","modified_gmt":"2022-12-21T13:15:52","slug":"m-aspirador-451bl-2d-001","status":"publish","type":"product","link":"https:\/\/dibosch.com\/es\/producto\/m-aspirador-451bl-2d-001\/","title":{"rendered":"M- ASPIRADOR 451BL 2D-001"},"content":{"rendered":"<p>Aspirador industrial con certificaci\u00f3n Atex para la zona 21 en el exterior y la zona 20 en el interior del aspirador, para polvo, s\u00f3lidos e incluso l\u00edquidos mezclados.<br \/>\nCabezal sin escobillas para una m\u00e1xima seguridad de aspiraci\u00f3n, filtro de poli\u00e9ster antiest\u00e1tico con un c\u00f3modo agitador de filtro manual, recipiente de acero inoxidable AISI304 y toma de tierra incluida.<br \/>\nSus caracter\u00edsticas de filtrado y aspiraci\u00f3n lo convierten en un aspirador adecuado para todos sus usos en entornos Atex 21.<\/p>\n","protected":false},"excerpt":{"rendered":"<p>Aspirador industrial con certificaci\u00f3n Atex para la zona 21 en el exterior y la zona 20 en el interior del aspirador, para polvo, s\u00f3lidos e incluso l\u00edquidos mezclados. Cabezal sin escobillas para una m\u00e1xima seguridad de aspiraci\u00f3n, filtro de poli\u00e9ster antiest\u00e1tico con un c\u00f3modo agitador de filtro manual, recipiente de acero inoxidable AISI304 y toma [&hellip;]<\/p>\n","protected":false},"featured_media":24650,"comment_status":"closed","ping_status":"closed","template":"","meta":[],"product_brand":[],"product_cat":[1186,578,577],"product_tag":[],"marcas":[],"certificats":[],"caracteristiques":[],"tipus-productes":[],"zona-aplicacio":[],"tipus-maquinaria":[],"class_list":{"0":"post-14557","1":"product","2":"type-product","3":"status-publish","4":"has-post-thumbnail","6":"product_cat-aspirador-atex-es","7":"product_cat-aspiradores-industriales","8":"product_cat-maquinas","10":"first","11":"instock","12":"product-type-simple"},"_links":{"self":[{"href":"https:\/\/dibosch.com\/es\/wp-json\/wp\/v2\/product\/14557","targetHints":{"allow":["GET"]}}],"collection":[{"href":"https:\/\/dibosch.com\/es\/wp-json\/wp\/v2\/product"}],"about":[{"href":"https:\/\/dibosch.com\/es\/wp-json\/wp\/v2\/types\/product"}],"replies":[{"embeddable":true,"href":"https:\/\/dibosch.com\/es\/wp-json\/wp\/v2\/comments?post=14557"}],"wp:featuredmedia":[{"embeddable":true,"href":"https:\/\/dibosch.com\/es\/wp-json\/wp\/v2\/media\/24650"}],"wp:attachment":[{"href":"https:\/\/dibosch.com\/es\/wp-json\/wp\/v2\/media?parent=14557"}],"wp:term":[{"taxonomy":"product_brand","embeddable":true,"href":"https:\/\/dibosch.com\/es\/wp-json\/wp\/v2\/product_brand?post=14557"},{"taxonomy":"product_cat","embeddable":true,"href":"https:\/\/dibosch.com\/es\/wp-json\/wp\/v2\/product_cat?post=14557"},{"taxonomy":"product_tag","embeddable":true,"href":"https:\/\/dibosch.com\/es\/wp-json\/wp\/v2\/product_tag?post=14557"},{"taxonomy":"marcas","embeddable":true,"href":"https:\/\/dibosch.com\/es\/wp-json\/wp\/v2\/marcas?post=14557"},{"taxonomy":"certificats","embeddable":true,"href":"https:\/\/dibosch.com\/es\/wp-json\/wp\/v2\/certificats?post=14557"},{"taxonomy":"caracteristiques","embeddable":true,"href":"https:\/\/dibosch.com\/es\/wp-json\/wp\/v2\/caracteristiques?post=14557"},{"taxonomy":"tipus-productes","embeddable":true,"href":"https:\/\/dibosch.com\/es\/wp-json\/wp\/v2\/tipus-productes?post=14557"},{"taxonomy":"zona-aplicacio","embeddable":true,"href":"https:\/\/dibosch.com\/es\/wp-json\/wp\/v2\/zona-aplicacio?post=14557"},{"taxonomy":"tipus-maquinaria","embeddable":true,"href":"https:\/\/dibosch.com\/es\/wp-json\/wp\/v2\/tipus-maquinaria?post=14557"}],"curies":[{"name":"wp","href":"https:\/\/api.w.org\/{rel}","templated":true}]}}