{"id":14564,"date":"2022-12-07T11:17:18","date_gmt":"2022-12-07T11:17:18","guid":{"rendered":"https:\/\/www.dibosch.com\/producto\/m-ecomix-cleanmatic-monodosis\/"},"modified":"2023-06-27T13:59:47","modified_gmt":"2023-06-27T13:59:47","slug":"m-ecomix-cleanmatic-monodosis","status":"publish","type":"product","link":"https:\/\/dibosch.com\/es\/producto\/m-ecomix-cleanmatic-monodosis\/","title":{"rendered":"ECOMIX CLEANMATIC MONODOSIS &#8211; SUCITESA"},"content":{"rendered":"<p><strong>Caracter\u00edsticas del producto:<\/strong><\/p>\n<p>Producto concentrado. Elimina la suciedad general. Efecto ambientador. Producto de espuma controlada espec\u00edficamente ideado para usar mediante fregadoras autom\u00e1ticas. Realza y conserva el brillo original del suelo. Efecto anticorrosivo. Control de la dosificaci\u00f3n de producto. Dosificaci\u00f3n precisa y segura.<\/p>\n<p>&nbsp;<\/p>\n<p><strong>Modo de empleo:<\/strong><\/p>\n<p>USO CON M\u00c1QUINA FREGADORA. Dosificar 1 monodosis de producto por cada 40\/50Litros, en el dep\u00f3sito de agua limpia. Proceder del modo habitual.<\/p>\n<p>&nbsp;<\/p>\n<p><strong>Indicado para:<\/strong><\/p>\n<p>Suelos. PVC, caucho, terrazo, m\u00e1rmol, cer\u00e1mica, baldosas y similares. Pavimentos de resina.<\/p>\n","protected":false},"excerpt":{"rendered":"<p>Detergente fregadoras. Concentrado. Espumacontrolada<\/p>\n","protected":false},"featured_media":10938,"comment_status":"closed","ping_status":"closed","template":"","meta":[],"product_brand":[],"product_cat":[772,689,765],"product_tag":[],"marcas":[922],"certificats":[],"caracteristiques":[],"tipus-productes":[],"zona-aplicacio":[],"tipus-maquinaria":[],"class_list":{"0":"post-14564","1":"product","2":"type-product","3":"status-publish","4":"has-post-thumbnail","6":"product_cat-limpieza-suelos","7":"product_cat-productos-de-limpieza","8":"product_cat-quimicos-maquinaria","9":"marcas-sucitesa-es","11":"first","12":"instock","13":"product-type-simple"},"_links":{"self":[{"href":"https:\/\/dibosch.com\/es\/wp-json\/wp\/v2\/product\/14564","targetHints":{"allow":["GET"]}}],"collection":[{"href":"https:\/\/dibosch.com\/es\/wp-json\/wp\/v2\/product"}],"about":[{"href":"https:\/\/dibosch.com\/es\/wp-json\/wp\/v2\/types\/product"}],"replies":[{"embeddable":true,"href":"https:\/\/dibosch.com\/es\/wp-json\/wp\/v2\/comments?post=14564"}],"wp:featuredmedia":[{"embeddable":true,"href":"https:\/\/dibosch.com\/es\/wp-json\/wp\/v2\/media\/10938"}],"wp:attachment":[{"href":"https:\/\/dibosch.com\/es\/wp-json\/wp\/v2\/media?parent=14564"}],"wp:term":[{"taxonomy":"product_brand","embeddable":true,"href":"https:\/\/dibosch.com\/es\/wp-json\/wp\/v2\/product_brand?post=14564"},{"taxonomy":"product_cat","embeddable":true,"href":"https:\/\/dibosch.com\/es\/wp-json\/wp\/v2\/product_cat?post=14564"},{"taxonomy":"product_tag","embeddable":true,"href":"https:\/\/dibosch.com\/es\/wp-json\/wp\/v2\/product_tag?post=14564"},{"taxonomy":"marcas","embeddable":true,"href":"https:\/\/dibosch.com\/es\/wp-json\/wp\/v2\/marcas?post=14564"},{"taxonomy":"certificats","embeddable":true,"href":"https:\/\/dibosch.com\/es\/wp-json\/wp\/v2\/certificats?post=14564"},{"taxonomy":"caracteristiques","embeddable":true,"href":"https:\/\/dibosch.com\/es\/wp-json\/wp\/v2\/caracteristiques?post=14564"},{"taxonomy":"tipus-productes","embeddable":true,"href":"https:\/\/dibosch.com\/es\/wp-json\/wp\/v2\/tipus-productes?post=14564"},{"taxonomy":"zona-aplicacio","embeddable":true,"href":"https:\/\/dibosch.com\/es\/wp-json\/wp\/v2\/zona-aplicacio?post=14564"},{"taxonomy":"tipus-maquinaria","embeddable":true,"href":"https:\/\/dibosch.com\/es\/wp-json\/wp\/v2\/tipus-maquinaria?post=14564"}],"curies":[{"name":"wp","href":"https:\/\/api.w.org\/{rel}","templated":true}]}}