{"id":14569,"date":"2022-12-07T11:21:22","date_gmt":"2022-12-07T11:21:22","guid":{"rendered":"https:\/\/www.dibosch.com\/producto\/pedal-mini-5-l-a-inox-sat-mod-pp1305cs\/"},"modified":"2023-08-18T11:41:21","modified_gmt":"2023-08-18T11:41:21","slug":"pedal-mini-5-la-inox-sat-mod-pp1305cs","status":"publish","type":"product","link":"https:\/\/dibosch.com\/es\/producto\/pedal-mini-5-la-inox-sat-mod-pp1305cs\/","title":{"rendered":"PEDAL MINI 5 L. A\/INOX SAT. MOD. PP1305CS &#8211; MEDICLINICS"},"content":{"rendered":"<p><strong>Caracter\u00edsticas del producto:<\/strong><\/p>\n<p>Cubos sanitarios circulares para interior, de 5L de capacidad, fabricados con acero, acabado blanco y accionados mediante pedal, para apoyarse directamente en el suelo.<\/p>\n<p>Adecuados para lavabos de frecuencia de uso media. Modelos aptos para colectividades.<\/p>\n<p>Provistos de un sistema de cierre suave que hace que la tapa se cierre suave y silenciosamente.<\/p>\n<p>Cierre a prueba de olores.<\/p>\n<p>Funcionamiento del pedal muy ligero.<\/p>\n<p>Disponen de un asa en la parte trasera para poder mover el cubo c\u00f3modamente.<\/p>\n<p>Muy f\u00e1ciles de vaciar y limpiar gracias a su cubo interior de pl\u00e1stico extra\u00edble.<\/p>\n","protected":false},"excerpt":{"rendered":"<p>Cubo sanitario circular para interior, accionado mediante pedal, fabricado con acero inoxidable AISI 410, acabado satinado<\/p>\n","protected":false},"featured_media":23027,"comment_status":"closed","ping_status":"closed","template":"","meta":[],"product_brand":[],"product_cat":[723,724,684],"product_tag":[],"marcas":[],"certificats":[],"caracteristiques":[],"tipus-productes":[],"zona-aplicacio":[],"tipus-maquinaria":[],"class_list":{"0":"post-14569","1":"product","2":"type-product","3":"status-publish","4":"has-post-thumbnail","6":"product_cat-gestion-de-residuos","7":"product_cat-papeleras-50","8":"product_cat-utiles-de-limpieza","10":"first","11":"instock","12":"product-type-simple"},"_links":{"self":[{"href":"https:\/\/dibosch.com\/es\/wp-json\/wp\/v2\/product\/14569","targetHints":{"allow":["GET"]}}],"collection":[{"href":"https:\/\/dibosch.com\/es\/wp-json\/wp\/v2\/product"}],"about":[{"href":"https:\/\/dibosch.com\/es\/wp-json\/wp\/v2\/types\/product"}],"replies":[{"embeddable":true,"href":"https:\/\/dibosch.com\/es\/wp-json\/wp\/v2\/comments?post=14569"}],"wp:featuredmedia":[{"embeddable":true,"href":"https:\/\/dibosch.com\/es\/wp-json\/wp\/v2\/media\/23027"}],"wp:attachment":[{"href":"https:\/\/dibosch.com\/es\/wp-json\/wp\/v2\/media?parent=14569"}],"wp:term":[{"taxonomy":"product_brand","embeddable":true,"href":"https:\/\/dibosch.com\/es\/wp-json\/wp\/v2\/product_brand?post=14569"},{"taxonomy":"product_cat","embeddable":true,"href":"https:\/\/dibosch.com\/es\/wp-json\/wp\/v2\/product_cat?post=14569"},{"taxonomy":"product_tag","embeddable":true,"href":"https:\/\/dibosch.com\/es\/wp-json\/wp\/v2\/product_tag?post=14569"},{"taxonomy":"marcas","embeddable":true,"href":"https:\/\/dibosch.com\/es\/wp-json\/wp\/v2\/marcas?post=14569"},{"taxonomy":"certificats","embeddable":true,"href":"https:\/\/dibosch.com\/es\/wp-json\/wp\/v2\/certificats?post=14569"},{"taxonomy":"caracteristiques","embeddable":true,"href":"https:\/\/dibosch.com\/es\/wp-json\/wp\/v2\/caracteristiques?post=14569"},{"taxonomy":"tipus-productes","embeddable":true,"href":"https:\/\/dibosch.com\/es\/wp-json\/wp\/v2\/tipus-productes?post=14569"},{"taxonomy":"zona-aplicacio","embeddable":true,"href":"https:\/\/dibosch.com\/es\/wp-json\/wp\/v2\/zona-aplicacio?post=14569"},{"taxonomy":"tipus-maquinaria","embeddable":true,"href":"https:\/\/dibosch.com\/es\/wp-json\/wp\/v2\/tipus-maquinaria?post=14569"}],"curies":[{"name":"wp","href":"https:\/\/api.w.org\/{rel}","templated":true}]}}